{"id":940,"date":"2025-08-28T13:53:33","date_gmt":"2025-08-28T16:53:33","guid":{"rendered":"https:\/\/www.brasoptica.com.br\/site\/?post_type=product&#038;p=940"},"modified":"2025-11-10T14:33:29","modified_gmt":"2025-11-10T17:33:29","slug":"solar-ray-ban-rb0840s-901-58-mega-wayfarer-preto-polarizado","status":"publish","type":"product","link":"https:\/\/www.brasoptica.com.br\/site\/produto\/solar-ray-ban-rb0840s-901-58-mega-wayfarer-preto-polarizado\/","title":{"rendered":"SOLAR RAY-BAN RB0840S 901\/58 MEGA WAYFARER PRETO POLARIZADO"},"content":{"rendered":"<h3 data-start=\"186\" data-end=\"257\">Ray-Ban RB0840S 901\/58 Mega Wayfarer \u2013 Preto com lentes verde-escuras polarizadas<\/h3>\n<p data-start=\"259\" data-end=\"475\">O <strong data-start=\"261\" data-end=\"294\">Ray-Ban RB0840S Mega Wayfarer<\/strong> \u00e9 uma vers\u00e3o ampliada do cl\u00e1ssico modelo Wayfarer, com design <strong data-start=\"357\" data-end=\"379\">quadrado oversized<\/strong> que transmite estilo e personalidade. Ideal para quem busca um visual marcante e contempor\u00e2neo.<\/p>\n<p data-start=\"477\" data-end=\"603\">A <strong data-start=\"479\" data-end=\"507\">arma\u00e7\u00e3o em acetato preto<\/strong> oferece resist\u00eancia, leveza e acabamento polido, proporcionando um visual cl\u00e1ssico e atemporal.<\/p>\n<p data-start=\"605\" data-end=\"812\">As <strong data-start=\"608\" data-end=\"644\">lentes verde-escuras polarizadas<\/strong> reduzem reflexos, aumentam o contraste visual e oferecem <strong data-start=\"702\" data-end=\"748\">100% de prote\u00e7\u00e3o contra os raios UVA e UVB<\/strong>, garantindo conforto m\u00e1ximo em ambientes com alta luminosidade.<\/p>\n<h4 data-start=\"814\" data-end=\"837\">Detalhes t\u00e9cnicos:<\/h4>\n<ul data-start=\"839\" data-end=\"1162\">\n<li data-start=\"839\" data-end=\"867\">\n<p data-start=\"841\" data-end=\"867\"><strong data-start=\"841\" data-end=\"852\">Modelo:<\/strong> RB0840S 901\/58<\/p>\n<\/li>\n<li data-start=\"868\" data-end=\"912\">\n<p data-start=\"870\" data-end=\"912\"><strong data-start=\"870\" data-end=\"893\">Formato da arma\u00e7\u00e3o:<\/strong> Quadrado oversized<\/p>\n<\/li>\n<li data-start=\"913\" data-end=\"954\">\n<p data-start=\"915\" data-end=\"954\"><strong data-start=\"915\" data-end=\"939\">Material da arma\u00e7\u00e3o:<\/strong> Acetato polido<\/p>\n<\/li>\n<li data-start=\"955\" data-end=\"982\">\n<p data-start=\"957\" data-end=\"982\"><strong data-start=\"957\" data-end=\"976\">Cor da arma\u00e7\u00e3o:<\/strong> Preto<\/p>\n<\/li>\n<li data-start=\"983\" data-end=\"1030\">\n<p data-start=\"985\" data-end=\"1030\"><strong data-start=\"985\" data-end=\"1004\">Cor das lentes:<\/strong> Verde-escuras polarizadas<\/p>\n<\/li>\n<li data-start=\"1031\" data-end=\"1074\">\n<p data-start=\"1033\" data-end=\"1074\"><strong data-start=\"1033\" data-end=\"1046\">Prote\u00e7\u00e3o:<\/strong> 100% contra raios UVA e UVB<\/p>\n<\/li>\n<li data-start=\"1075\" data-end=\"1140\">\n<p data-start=\"1077\" data-end=\"1140\"><strong data-start=\"1077\" data-end=\"1089\">Tamanho:<\/strong> 51-21-145 (lente 51 mm, ponte 21 mm, haste 145 mm)<\/p>\n<\/li>\n<li data-start=\"1141\" data-end=\"1162\">\n<p data-start=\"1143\" data-end=\"1162\"><strong data-start=\"1143\" data-end=\"1154\">G\u00eanero:<\/strong> Unissex<\/p>\n<\/li>\n<\/ul>\n<p>c\u00f3d: 472840<\/p>\n","protected":false},"excerpt":{"rendered":"<p>Ray-Ban RB0840S 901\/58 Mega Wayfarer \u2013 Preto com lentes verde-escuras polarizadas O Ray-Ban RB0840S Mega [&hellip;]<\/p>\n","protected":false},"featured_media":941,"comment_status":"closed","ping_status":"closed","template":"","meta":[],"product_brand":[178],"product_cat":[53,62,61],"product_tag":[],"awcf_genero":[],"awcf_material":[],"awcf_cor":[],"awcf_formato":[],"class_list":{"0":"post-940","1":"product","2":"type-product","3":"status-publish","4":"has-post-thumbnail","6":"product_brand-ray-ban","7":"product_cat-armacoes-solares","8":"product_cat-solares-femininos","9":"product_cat-solares-masculinos","11":"first","12":"instock","13":"shipping-taxable","14":"purchasable","15":"product-type-simple"},"_links":{"self":[{"href":"https:\/\/www.brasoptica.com.br\/site\/wp-json\/wp\/v2\/product\/940","targetHints":{"allow":["GET"]}}],"collection":[{"href":"https:\/\/www.brasoptica.com.br\/site\/wp-json\/wp\/v2\/product"}],"about":[{"href":"https:\/\/www.brasoptica.com.br\/site\/wp-json\/wp\/v2\/types\/product"}],"replies":[{"embeddable":true,"href":"https:\/\/www.brasoptica.com.br\/site\/wp-json\/wp\/v2\/comments?post=940"}],"wp:featuredmedia":[{"embeddable":true,"href":"https:\/\/www.brasoptica.com.br\/site\/wp-json\/wp\/v2\/media\/941"}],"wp:attachment":[{"href":"https:\/\/www.brasoptica.com.br\/site\/wp-json\/wp\/v2\/media?parent=940"}],"wp:term":[{"taxonomy":"product_brand","embeddable":true,"href":"https:\/\/www.brasoptica.com.br\/site\/wp-json\/wp\/v2\/product_brand?post=940"},{"taxonomy":"product_cat","embeddable":true,"href":"https:\/\/www.brasoptica.com.br\/site\/wp-json\/wp\/v2\/product_cat?post=940"},{"taxonomy":"product_tag","embeddable":true,"href":"https:\/\/www.brasoptica.com.br\/site\/wp-json\/wp\/v2\/product_tag?post=940"},{"taxonomy":"awcf_genero","embeddable":true,"href":"https:\/\/www.brasoptica.com.br\/site\/wp-json\/wp\/v2\/awcf_genero?post=940"},{"taxonomy":"awcf_material","embeddable":true,"href":"https:\/\/www.brasoptica.com.br\/site\/wp-json\/wp\/v2\/awcf_material?post=940"},{"taxonomy":"awcf_cor","embeddable":true,"href":"https:\/\/www.brasoptica.com.br\/site\/wp-json\/wp\/v2\/awcf_cor?post=940"},{"taxonomy":"awcf_formato","embeddable":true,"href":"https:\/\/www.brasoptica.com.br\/site\/wp-json\/wp\/v2\/awcf_formato?post=940"}],"curies":[{"name":"wp","href":"https:\/\/api.w.org\/{rel}","templated":true}]}}