{"id":898,"date":"2025-08-28T10:42:50","date_gmt":"2025-08-28T13:42:50","guid":{"rendered":"https:\/\/www.brasoptica.com.br\/site\/?post_type=product&#038;p=898"},"modified":"2025-11-12T13:36:47","modified_gmt":"2025-11-12T16:36:47","slug":"solar-ray-ban-rb4386-601-3154","status":"publish","type":"product","link":"https:\/\/www.brasoptica.com.br\/site\/produto\/solar-ray-ban-rb4386-601-3154\/","title":{"rendered":"SOLAR RAY-BAN RB4386 601\/3154"},"content":{"rendered":"<p data-start=\"243\" data-end=\"311\"><strong data-start=\"243\" data-end=\"309\">Ray-Ban RB4386 601\/3154 \u2013 Preto com Lentes Verde<\/strong><\/p>\n<p data-start=\"313\" data-end=\"551\">O Ray-Ban RB4386 601\/3154 \u00e9 um modelo retangular com cantos levemente arredondados, ideal para quem busca estilo, conforto e sofistica\u00e7\u00e3o no dia a dia. Seu design proporciona presen\u00e7a marcante e se adapta a diferentes formatos de rosto.<\/p>\n<p data-start=\"553\" data-end=\"722\">A arma\u00e7\u00e3o frontal na cor preta garante leveza, resist\u00eancia e durabilidade, enquanto as hastes em metal dourado adicionam um toque de eleg\u00e2ncia e modernidade ao visual.<\/p>\n<p data-start=\"724\" data-end=\"900\">As lentes verde oferecem excelente prote\u00e7\u00e3o contra os raios solares, bloqueando reflexos indesejados e proporcionando conforto visual em diferentes condi\u00e7\u00f5es de luminosidade.<\/p>\n<p data-start=\"902\" data-end=\"1000\">Modelo unissex, moderno e atemporal, perfeito para quem deseja um acess\u00f3rio marcante e elegante.<\/p>\n<p data-start=\"1002\" data-end=\"1026\"><strong data-start=\"1002\" data-end=\"1024\">Detalhes t\u00e9cnicos:<\/strong><\/p>\n<ul data-start=\"1027\" data-end=\"1507\">\n<li data-start=\"1027\" data-end=\"1086\">\n<p data-start=\"1029\" data-end=\"1086\">Material da arma\u00e7\u00e3o: Acetato (frontal) e metal (hastes)<\/p>\n<\/li>\n<li data-start=\"1087\" data-end=\"1134\">\n<p data-start=\"1089\" data-end=\"1134\">Formato: Retangular com cantos arredondados<\/p>\n<\/li>\n<li data-start=\"1135\" data-end=\"1160\">\n<p data-start=\"1137\" data-end=\"1160\">Cor da arma\u00e7\u00e3o: Preto<\/p>\n<\/li>\n<li data-start=\"1161\" data-end=\"1194\">\n<p data-start=\"1163\" data-end=\"1194\">Cor das hastes: Metal dourado<\/p>\n<\/li>\n<li data-start=\"1195\" data-end=\"1220\">\n<p data-start=\"1197\" data-end=\"1220\">Cor das lentes: Verde<\/p>\n<\/li>\n<li data-start=\"1221\" data-end=\"1253\">\n<p data-start=\"1223\" data-end=\"1253\">Material das lentes: Cristal<\/p>\n<\/li>\n<li data-start=\"1254\" data-end=\"1295\">\n<p data-start=\"1256\" data-end=\"1295\">Prote\u00e7\u00e3o: 100% contra raios UVA e UVB<\/p>\n<\/li>\n<li data-start=\"1296\" data-end=\"1311\">\n<p data-start=\"1298\" data-end=\"1311\">Tamanho: 54<\/p>\n<\/li>\n<li data-start=\"1312\" data-end=\"1339\">\n<p data-start=\"1314\" data-end=\"1339\">Largura da lente: 54 mm<\/p>\n<\/li>\n<li data-start=\"1340\" data-end=\"1366\">\n<p data-start=\"1342\" data-end=\"1366\">Altura da lente: 44 mm<\/p>\n<\/li>\n<li data-start=\"1367\" data-end=\"1383\">\n<p data-start=\"1369\" data-end=\"1383\">Ponte: 20 mm<\/p>\n<\/li>\n<li data-start=\"1384\" data-end=\"1401\">\n<p data-start=\"1386\" data-end=\"1401\">Haste: 140 mm<\/p>\n<\/li>\n<li data-start=\"1402\" data-end=\"1430\">\n<p data-start=\"1404\" data-end=\"1430\">Cobertura facial: Padr\u00e3o<\/p>\n<\/li>\n<li data-start=\"1431\" data-end=\"1462\">\n<p data-start=\"1433\" data-end=\"1462\">Geofit: Universal (Unissex)<\/p>\n<\/li>\n<li data-start=\"1463\" data-end=\"1479\">\n<p data-start=\"1465\" data-end=\"1479\">C\u00f3d: 472867<\/p>\n<\/li>\n<\/ul>\n","protected":false},"excerpt":{"rendered":"<p>Ray-Ban RB4386 601\/3154 \u2013 Preto com Lentes Verde O Ray-Ban RB4386 601\/3154 \u00e9 um modelo [&hellip;]<\/p>\n","protected":false},"featured_media":904,"comment_status":"closed","ping_status":"closed","template":"","meta":[],"product_brand":[178],"product_cat":[53,62,61],"product_tag":[],"awcf_genero":[],"awcf_material":[],"awcf_cor":[],"awcf_formato":[],"class_list":{"0":"post-898","1":"product","2":"type-product","3":"status-publish","4":"has-post-thumbnail","6":"product_brand-ray-ban","7":"product_cat-armacoes-solares","8":"product_cat-solares-femininos","9":"product_cat-solares-masculinos","11":"first","12":"instock","13":"shipping-taxable","14":"purchasable","15":"product-type-simple"},"_links":{"self":[{"href":"https:\/\/www.brasoptica.com.br\/site\/wp-json\/wp\/v2\/product\/898","targetHints":{"allow":["GET"]}}],"collection":[{"href":"https:\/\/www.brasoptica.com.br\/site\/wp-json\/wp\/v2\/product"}],"about":[{"href":"https:\/\/www.brasoptica.com.br\/site\/wp-json\/wp\/v2\/types\/product"}],"replies":[{"embeddable":true,"href":"https:\/\/www.brasoptica.com.br\/site\/wp-json\/wp\/v2\/comments?post=898"}],"wp:featuredmedia":[{"embeddable":true,"href":"https:\/\/www.brasoptica.com.br\/site\/wp-json\/wp\/v2\/media\/904"}],"wp:attachment":[{"href":"https:\/\/www.brasoptica.com.br\/site\/wp-json\/wp\/v2\/media?parent=898"}],"wp:term":[{"taxonomy":"product_brand","embeddable":true,"href":"https:\/\/www.brasoptica.com.br\/site\/wp-json\/wp\/v2\/product_brand?post=898"},{"taxonomy":"product_cat","embeddable":true,"href":"https:\/\/www.brasoptica.com.br\/site\/wp-json\/wp\/v2\/product_cat?post=898"},{"taxonomy":"product_tag","embeddable":true,"href":"https:\/\/www.brasoptica.com.br\/site\/wp-json\/wp\/v2\/product_tag?post=898"},{"taxonomy":"awcf_genero","embeddable":true,"href":"https:\/\/www.brasoptica.com.br\/site\/wp-json\/wp\/v2\/awcf_genero?post=898"},{"taxonomy":"awcf_material","embeddable":true,"href":"https:\/\/www.brasoptica.com.br\/site\/wp-json\/wp\/v2\/awcf_material?post=898"},{"taxonomy":"awcf_cor","embeddable":true,"href":"https:\/\/www.brasoptica.com.br\/site\/wp-json\/wp\/v2\/awcf_cor?post=898"},{"taxonomy":"awcf_formato","embeddable":true,"href":"https:\/\/www.brasoptica.com.br\/site\/wp-json\/wp\/v2\/awcf_formato?post=898"}],"curies":[{"name":"wp","href":"https:\/\/api.w.org\/{rel}","templated":true}]}}