{"id":747,"date":"2025-08-27T14:47:18","date_gmt":"2025-08-27T17:47:18","guid":{"rendered":"https:\/\/www.brasoptica.com.br\/site\/?post_type=product&#038;p=747"},"modified":"2025-11-10T14:33:32","modified_gmt":"2025-11-10T17:33:32","slug":"solar-ray-ban-rb3694-9271gk-jim","status":"publish","type":"product","link":"https:\/\/www.brasoptica.com.br\/site\/produto\/solar-ray-ban-rb3694-9271gk-jim\/","title":{"rendered":"SOLAR RAY-BAN RB3694 9271GK JIM"},"content":{"rendered":"<h3 data-start=\"118\" data-end=\"175\">Ray-Ban RB3694 9271GK \u2013 Preto e dourado com lentes azul degrad\u00ea<\/h3>\n<p data-start=\"177\" data-end=\"289\"><span class=\"relative -mx-px my-[-0.2rem] rounded px-px py-[0.2rem] transition-colors duration-100 ease-in-out\">O <strong data-start=\"2\" data-end=\"27\">Ray-Ban RB3694 9271GK<\/strong> \u00e9 um modelo que combina estilo cl\u00e1ssico com um toque moderno.<\/span> <span class=\"relative -mx-px my-[-0.2rem] rounded px-px py-[0.2rem] transition-colors duration-100 ease-in-out\">Sua arma\u00e7\u00e3o em <strong data-start=\"15\" data-end=\"37\">metal preto polido<\/strong> confere um visual sofisticado, enquanto o formato <strong data-start=\"88\" data-end=\"102\">geometrico<\/strong> e a <strong data-start=\"107\" data-end=\"122\">ponte <\/strong>trazem um ar contempor\u00e2neo.<\/span><\/p>\n<p data-start=\"291\" data-end=\"367\"><span class=\"relative -mx-px my-[-0.2rem] rounded px-px py-[0.2rem] transition-colors duration-100 ease-in-out\">As <strong data-start=\"3\" data-end=\"26\">lentes azul degrad\u00ea<\/strong> oferecem excelente clareza visual, bloqueando 100% dos raios UVA e UVB, al\u00e9m de reduzir o cansa\u00e7o ocular e real\u00e7ar as cores naturais.<\/span><\/p>\n<h4 data-start=\"369\" data-end=\"392\">Detalhes t\u00e9cnicos:<\/h4>\n<ul data-start=\"393\" data-end=\"846\">\n<li data-start=\"393\" data-end=\"459\">\n<p data-start=\"395\" data-end=\"459\"><strong data-start=\"395\" data-end=\"419\">Material da arma\u00e7\u00e3o:<\/strong> <span class=\"relative -mx-px my-[-0.2rem] rounded px-px py-[0.2rem] transition-colors duration-100 ease-in-out\">Metal polido, cor dourada e preta<\/span><\/p>\n<\/li>\n<li data-start=\"460\" data-end=\"514\">\n<p data-start=\"462\" data-end=\"514\"><strong data-start=\"462\" data-end=\"474\">Formato:<\/strong> <span class=\"relative -mx-px my-[-0.2rem] rounded px-px py-[0.2rem] transition-colors duration-100 ease-in-out\">Geometrico <\/span><\/p>\n<\/li>\n<li data-start=\"460\" data-end=\"514\">\n<p data-start=\"462\" data-end=\"514\"><strong data-start=\"517\" data-end=\"536\">Cor das lentes:<\/strong> <span class=\"relative -mx-px my-[-0.2rem] rounded px-px py-[0.2rem] transition-colors duration-100 ease-in-out\">Azul degrad\u00ea<\/span><\/p>\n<\/li>\n<li data-start=\"577\" data-end=\"632\">\n<p data-start=\"579\" data-end=\"632\"><strong data-start=\"579\" data-end=\"592\">Prote\u00e7\u00e3o:<\/strong> <span class=\"relative -mx-px my-[-0.2rem] rounded px-px py-[0.2rem] transition-colors duration-100 ease-in-out\">100% contra raios UVA e UVB<\/span><\/p>\n<\/li>\n<li data-start=\"633\" data-end=\"687\">\n<p data-start=\"635\" data-end=\"687\"><strong data-start=\"635\" data-end=\"647\">Tamanho:<\/strong> <span class=\"relative -mx-px my-[-0.2rem] rounded px-px py-[0.2rem] transition-colors duration-100 ease-in-out\">55-20-145 (lente 55 mm, ponte 20 mm, haste 145 mm)<\/span><\/p>\n<\/li>\n<li data-start=\"688\" data-end=\"741\">\n<p data-start=\"690\" data-end=\"741\"><strong data-start=\"690\" data-end=\"701\">G\u00eanero:<\/strong> <span class=\"relative -mx-px my-[-0.2rem] rounded px-px py-[0.2rem] transition-colors duration-100 ease-in-out\">Unissex<\/span><\/p>\n<\/li>\n<\/ul>\n<p>c\u00f3d: 501326<\/p>\n","protected":false},"excerpt":{"rendered":"<p>Ray-Ban RB3694 9271GK \u2013 Preto e dourado com lentes azul degrad\u00ea O Ray-Ban RB3694 9271GK [&hellip;]<\/p>\n","protected":false},"featured_media":752,"comment_status":"closed","ping_status":"closed","template":"","meta":[],"product_brand":[178],"product_cat":[53,62],"product_tag":[],"awcf_genero":[],"awcf_material":[],"awcf_cor":[],"awcf_formato":[],"class_list":{"0":"post-747","1":"product","2":"type-product","3":"status-publish","4":"has-post-thumbnail","6":"product_brand-ray-ban","7":"product_cat-armacoes-solares","8":"product_cat-solares-femininos","10":"first","11":"instock","12":"shipping-taxable","13":"purchasable","14":"product-type-simple"},"_links":{"self":[{"href":"https:\/\/www.brasoptica.com.br\/site\/wp-json\/wp\/v2\/product\/747","targetHints":{"allow":["GET"]}}],"collection":[{"href":"https:\/\/www.brasoptica.com.br\/site\/wp-json\/wp\/v2\/product"}],"about":[{"href":"https:\/\/www.brasoptica.com.br\/site\/wp-json\/wp\/v2\/types\/product"}],"replies":[{"embeddable":true,"href":"https:\/\/www.brasoptica.com.br\/site\/wp-json\/wp\/v2\/comments?post=747"}],"wp:featuredmedia":[{"embeddable":true,"href":"https:\/\/www.brasoptica.com.br\/site\/wp-json\/wp\/v2\/media\/752"}],"wp:attachment":[{"href":"https:\/\/www.brasoptica.com.br\/site\/wp-json\/wp\/v2\/media?parent=747"}],"wp:term":[{"taxonomy":"product_brand","embeddable":true,"href":"https:\/\/www.brasoptica.com.br\/site\/wp-json\/wp\/v2\/product_brand?post=747"},{"taxonomy":"product_cat","embeddable":true,"href":"https:\/\/www.brasoptica.com.br\/site\/wp-json\/wp\/v2\/product_cat?post=747"},{"taxonomy":"product_tag","embeddable":true,"href":"https:\/\/www.brasoptica.com.br\/site\/wp-json\/wp\/v2\/product_tag?post=747"},{"taxonomy":"awcf_genero","embeddable":true,"href":"https:\/\/www.brasoptica.com.br\/site\/wp-json\/wp\/v2\/awcf_genero?post=747"},{"taxonomy":"awcf_material","embeddable":true,"href":"https:\/\/www.brasoptica.com.br\/site\/wp-json\/wp\/v2\/awcf_material?post=747"},{"taxonomy":"awcf_cor","embeddable":true,"href":"https:\/\/www.brasoptica.com.br\/site\/wp-json\/wp\/v2\/awcf_cor?post=747"},{"taxonomy":"awcf_formato","embeddable":true,"href":"https:\/\/www.brasoptica.com.br\/site\/wp-json\/wp\/v2\/awcf_formato?post=747"}],"curies":[{"name":"wp","href":"https:\/\/api.w.org\/{rel}","templated":true}]}}