{"id":727,"date":"2025-08-27T13:23:38","date_gmt":"2025-08-27T16:23:38","guid":{"rendered":"https:\/\/www.brasoptica.com.br\/site\/?post_type=product&#038;p=727"},"modified":"2025-11-10T14:33:33","modified_gmt":"2025-11-10T17:33:33","slug":"ray-ban-rb3025l-001-33-dourado-marrom-b-15","status":"publish","type":"product","link":"https:\/\/www.brasoptica.com.br\/site\/produto\/ray-ban-rb3025l-001-33-dourado-marrom-b-15\/","title":{"rendered":"SOLAR RAY-BAN RB3025L 001\/33 DOURADO MARROM B-15"},"content":{"rendered":"<h3 data-start=\"114\" data-end=\"183\">Ray-Ban RB3025L 001\/33 Aviator \u2013 Dourado com lentes Marrom B-15<\/h3>\n<p data-start=\"185\" data-end=\"480\">O Ray-Ban RB3025L 001\/33 combina o cl\u00e1ssico <strong data-start=\"229\" data-end=\"247\">design Aviator<\/strong> com lentes <strong data-start=\"259\" data-end=\"274\">marrom B-15<\/strong>, oferecendo estilo atemporal e conforto visual. A arma\u00e7\u00e3o em <strong data-start=\"336\" data-end=\"360\">metal dourado polido<\/strong> \u00e9 leve, resistente e elegante, ideal para quem busca um acess\u00f3rio sofisticado para o dia a dia ou ocasi\u00f5es especiais.<\/p>\n<p data-start=\"482\" data-end=\"739\">As lentes <strong data-start=\"492\" data-end=\"507\">marrom B-15<\/strong> proporcionam excelente nitidez, bloqueando parcialmente reflexos e garantindo <strong data-start=\"586\" data-end=\"630\">prote\u00e7\u00e3o total contra os raios UVA e UVB<\/strong>. Elas real\u00e7am as cores naturais e oferecem vis\u00e3o confort\u00e1vel, mantendo o estilo ic\u00f4nico do modelo Aviator.<\/p>\n<p data-start=\"741\" data-end=\"853\">Modelo <strong data-start=\"748\" data-end=\"759\">unissex<\/strong>, vers\u00e1til e elegante, perfeito para unir tradi\u00e7\u00e3o, funcionalidade e estilo em um s\u00f3 \u00f3culos.<\/p>\n<hr data-start=\"855\" data-end=\"858\" \/>\n<h3 data-start=\"860\" data-end=\"884\">Detalhes t\u00e9cnicos:<\/h3>\n<ul data-start=\"886\" data-end=\"1351\">\n<li data-start=\"886\" data-end=\"935\">\n<p data-start=\"888\" data-end=\"935\"><strong data-start=\"888\" data-end=\"912\">Material da arma\u00e7\u00e3o:<\/strong> Metal polido dourado<\/p>\n<\/li>\n<li data-start=\"936\" data-end=\"969\">\n<p data-start=\"938\" data-end=\"969\"><strong data-start=\"938\" data-end=\"950\">Formato:<\/strong> Piloto (Aviator)<\/p>\n<\/li>\n<li data-start=\"970\" data-end=\"1001\">\n<p data-start=\"972\" data-end=\"1001\"><strong data-start=\"972\" data-end=\"991\">Cor da arma\u00e7\u00e3o:<\/strong> Dourado<\/p>\n<\/li>\n<li data-start=\"1002\" data-end=\"1033\">\n<p data-start=\"1004\" data-end=\"1033\"><strong data-start=\"1004\" data-end=\"1023\">Cor das hastes:<\/strong> Dourado<\/p>\n<\/li>\n<li data-start=\"1034\" data-end=\"1069\">\n<p data-start=\"1036\" data-end=\"1069\"><strong data-start=\"1036\" data-end=\"1055\">Cor das lentes:<\/strong> Marrom B-15<\/p>\n<\/li>\n<li data-start=\"1070\" data-end=\"1115\">\n<p data-start=\"1072\" data-end=\"1115\"><strong data-start=\"1072\" data-end=\"1085\">Prote\u00e7\u00e3o:<\/strong> 100% contra raios UVA e UVB<\/p>\n<\/li>\n<li data-start=\"1116\" data-end=\"1200\">\n<p data-start=\"1118\" data-end=\"1142\"><strong data-start=\"1118\" data-end=\"1130\">Tamanho:<\/strong> 58-14-135<\/p>\n<ul data-start=\"1145\" data-end=\"1200\">\n<li data-start=\"1145\" data-end=\"1161\">\n<p data-start=\"1147\" data-end=\"1161\">Lente: 58 mm<\/p>\n<\/li>\n<li data-start=\"1164\" data-end=\"1180\">\n<p data-start=\"1166\" data-end=\"1180\">Ponte: 14 mm<\/p>\n<\/li>\n<li data-start=\"1183\" data-end=\"1200\">\n<p data-start=\"1185\" data-end=\"1200\">Haste: 135 mm<\/p>\n<\/li>\n<\/ul>\n<\/li>\n<li data-start=\"1201\" data-end=\"1232\">\n<p data-start=\"1203\" data-end=\"1232\"><strong data-start=\"1203\" data-end=\"1223\">Altura da lente:<\/strong> ~50 mm<\/p>\n<\/li>\n<li data-start=\"1233\" data-end=\"1282\">\n<p data-start=\"1235\" data-end=\"1282\"><strong data-start=\"1235\" data-end=\"1246\">Ajuste:<\/strong> Plaquetas ajust\u00e1veis para o nariz<\/p>\n<\/li>\n<li data-start=\"1283\" data-end=\"1315\">\n<p data-start=\"1285\" data-end=\"1315\"><strong data-start=\"1285\" data-end=\"1306\">Cobertura facial:<\/strong> Padr\u00e3o<\/p>\n<\/li>\n<li data-start=\"1316\" data-end=\"1351\">\n<p data-start=\"1318\" data-end=\"1351\"><strong data-start=\"1318\" data-end=\"1329\">Geofit:<\/strong> Universal (Unissex)<\/p>\n<\/li>\n<\/ul>\n<p data-start=\"1353\" data-end=\"1378\"><strong data-start=\"1353\" data-end=\"1376\">C\u00f3d: 311237<\/strong><\/p>\n","protected":false},"excerpt":{"rendered":"<p>Ray-Ban RB3025L 001\/33 Aviator \u2013 Dourado com lentes Marrom B-15 O Ray-Ban RB3025L 001\/33 combina [&hellip;]<\/p>\n","protected":false},"featured_media":731,"comment_status":"closed","ping_status":"closed","template":"","meta":[],"product_brand":[178],"product_cat":[53,62,61],"product_tag":[],"awcf_genero":[],"awcf_material":[],"awcf_cor":[],"awcf_formato":[],"class_list":{"0":"post-727","1":"product","2":"type-product","3":"status-publish","4":"has-post-thumbnail","6":"product_brand-ray-ban","7":"product_cat-armacoes-solares","8":"product_cat-solares-femininos","9":"product_cat-solares-masculinos","11":"first","12":"instock","13":"shipping-taxable","14":"purchasable","15":"product-type-simple"},"_links":{"self":[{"href":"https:\/\/www.brasoptica.com.br\/site\/wp-json\/wp\/v2\/product\/727","targetHints":{"allow":["GET"]}}],"collection":[{"href":"https:\/\/www.brasoptica.com.br\/site\/wp-json\/wp\/v2\/product"}],"about":[{"href":"https:\/\/www.brasoptica.com.br\/site\/wp-json\/wp\/v2\/types\/product"}],"replies":[{"embeddable":true,"href":"https:\/\/www.brasoptica.com.br\/site\/wp-json\/wp\/v2\/comments?post=727"}],"wp:featuredmedia":[{"embeddable":true,"href":"https:\/\/www.brasoptica.com.br\/site\/wp-json\/wp\/v2\/media\/731"}],"wp:attachment":[{"href":"https:\/\/www.brasoptica.com.br\/site\/wp-json\/wp\/v2\/media?parent=727"}],"wp:term":[{"taxonomy":"product_brand","embeddable":true,"href":"https:\/\/www.brasoptica.com.br\/site\/wp-json\/wp\/v2\/product_brand?post=727"},{"taxonomy":"product_cat","embeddable":true,"href":"https:\/\/www.brasoptica.com.br\/site\/wp-json\/wp\/v2\/product_cat?post=727"},{"taxonomy":"product_tag","embeddable":true,"href":"https:\/\/www.brasoptica.com.br\/site\/wp-json\/wp\/v2\/product_tag?post=727"},{"taxonomy":"awcf_genero","embeddable":true,"href":"https:\/\/www.brasoptica.com.br\/site\/wp-json\/wp\/v2\/awcf_genero?post=727"},{"taxonomy":"awcf_material","embeddable":true,"href":"https:\/\/www.brasoptica.com.br\/site\/wp-json\/wp\/v2\/awcf_material?post=727"},{"taxonomy":"awcf_cor","embeddable":true,"href":"https:\/\/www.brasoptica.com.br\/site\/wp-json\/wp\/v2\/awcf_cor?post=727"},{"taxonomy":"awcf_formato","embeddable":true,"href":"https:\/\/www.brasoptica.com.br\/site\/wp-json\/wp\/v2\/awcf_formato?post=727"}],"curies":[{"name":"wp","href":"https:\/\/api.w.org\/{rel}","templated":true}]}}