{"id":4068,"date":"2025-09-25T09:35:18","date_gmt":"2025-09-25T12:35:18","guid":{"rendered":"https:\/\/www.brasoptica.com.br\/site\/?post_type=product&#038;p=4068"},"modified":"2025-09-25T09:35:19","modified_gmt":"2025-09-25T12:35:19","slug":"bomba-de-aco-inoxidavel","status":"publish","type":"product","link":"https:\/\/www.brasoptica.com.br\/site\/produto\/bomba-de-aco-inoxidavel\/","title":{"rendered":"BOMBA DE A\u00c7O INOXID\u00c1VEL"},"content":{"rendered":"<p><strong>Refer\u00eancia: <\/strong>X01R<\/p>\n<p><strong>Cano:<\/strong>\u00a0Achatado, curvado<\/p>\n<p><strong>Di\u00e2metro:\u00a0<\/strong>9,53\u00a0mm<\/p>\n<p><strong>Comprimento:<\/strong>\u00a023 cm<\/p>\n<p><strong>Material:\u00a0<\/strong>A\u00e7o inox \u2013 liga 304, utilizado tamb\u00e9m em equipamentos cir\u00fargicos.<\/p>\n<p><strong>Descri\u00e7\u00e3o:\u00a0<\/strong>Cano liso, sem detalhes.<\/p>\n<p>Desmont\u00e1vel com rosca entre o cano e o bojo, acompanha escova para limpeza.<\/p>\n<p>c\u00f3d: 503429<\/p>\n","protected":false},"excerpt":{"rendered":"<p>Refer\u00eancia: X01R Cano:\u00a0Achatado, curvado Di\u00e2metro:\u00a09,53\u00a0mm Comprimento:\u00a023 cm Material:\u00a0A\u00e7o inox \u2013 liga 304, utilizado tamb\u00e9m em [&hellip;]<\/p>\n","protected":false},"featured_media":4069,"comment_status":"closed","ping_status":"closed","template":"","meta":[],"product_brand":[],"product_cat":[106,107],"product_tag":[],"awcf_genero":[],"awcf_material":[],"awcf_cor":[],"awcf_formato":[],"class_list":{"0":"post-4068","1":"product","2":"type-product","3":"status-publish","4":"has-post-thumbnail","6":"product_cat-bazar","7":"product_cat-bombas-para-chimarrao","9":"first","10":"instock","11":"shipping-taxable","12":"purchasable","13":"product-type-simple"},"_links":{"self":[{"href":"https:\/\/www.brasoptica.com.br\/site\/wp-json\/wp\/v2\/product\/4068","targetHints":{"allow":["GET"]}}],"collection":[{"href":"https:\/\/www.brasoptica.com.br\/site\/wp-json\/wp\/v2\/product"}],"about":[{"href":"https:\/\/www.brasoptica.com.br\/site\/wp-json\/wp\/v2\/types\/product"}],"replies":[{"embeddable":true,"href":"https:\/\/www.brasoptica.com.br\/site\/wp-json\/wp\/v2\/comments?post=4068"}],"wp:featuredmedia":[{"embeddable":true,"href":"https:\/\/www.brasoptica.com.br\/site\/wp-json\/wp\/v2\/media\/4069"}],"wp:attachment":[{"href":"https:\/\/www.brasoptica.com.br\/site\/wp-json\/wp\/v2\/media?parent=4068"}],"wp:term":[{"taxonomy":"product_brand","embeddable":true,"href":"https:\/\/www.brasoptica.com.br\/site\/wp-json\/wp\/v2\/product_brand?post=4068"},{"taxonomy":"product_cat","embeddable":true,"href":"https:\/\/www.brasoptica.com.br\/site\/wp-json\/wp\/v2\/product_cat?post=4068"},{"taxonomy":"product_tag","embeddable":true,"href":"https:\/\/www.brasoptica.com.br\/site\/wp-json\/wp\/v2\/product_tag?post=4068"},{"taxonomy":"awcf_genero","embeddable":true,"href":"https:\/\/www.brasoptica.com.br\/site\/wp-json\/wp\/v2\/awcf_genero?post=4068"},{"taxonomy":"awcf_material","embeddable":true,"href":"https:\/\/www.brasoptica.com.br\/site\/wp-json\/wp\/v2\/awcf_material?post=4068"},{"taxonomy":"awcf_cor","embeddable":true,"href":"https:\/\/www.brasoptica.com.br\/site\/wp-json\/wp\/v2\/awcf_cor?post=4068"},{"taxonomy":"awcf_formato","embeddable":true,"href":"https:\/\/www.brasoptica.com.br\/site\/wp-json\/wp\/v2\/awcf_formato?post=4068"}],"curies":[{"name":"wp","href":"https:\/\/api.w.org\/{rel}","templated":true}]}}