{"id":4024,"date":"2025-09-22T16:51:36","date_gmt":"2025-09-22T19:51:36","guid":{"rendered":"https:\/\/www.brasoptica.com.br\/site\/?post_type=product&#038;p=4024"},"modified":"2025-09-24T09:05:00","modified_gmt":"2025-09-24T12:05:00","slug":"cuia-prata-600-com-detalhe-em-ouro-chapeado-12k-3-pedras-vermelhas-sinteticas-ref-123-1g","status":"publish","type":"product","link":"https:\/\/www.brasoptica.com.br\/site\/produto\/cuia-prata-600-com-detalhe-em-ouro-chapeado-12k-3-pedras-vermelhas-sinteticas-ref-123-1g\/","title":{"rendered":"CUIA PRATA 600 COM DETALHE EM OURO 12k CHAPEADO"},"content":{"rendered":"<p><strong>Di\u00e2metro do bocal (cuia):<\/strong>\u00a0120mm (12cm).<\/p>\n<p><strong>Largura do bocal:<\/strong>\u00a016mm<\/p>\n<p><strong>Material:<\/strong>\u00a0Prata 600 e ouro 12k chapeado, porongo.<\/p>\n<p><strong>Descri\u00e7\u00e3o:<\/strong> Cuia com bocal de prata, cinzelado de folhas, 01 chapinha, 02 flores pequenas e 01 flor grande de ouro com rubi sint\u00e9tico.<\/p>\n<p><strong>Refer\u00eancia: <\/strong>123.1G<\/p>\n<p>O porongo \u00e9 um produto natural (fruto lenhoso): o formato, tamanho e tonalidades de cores s\u00e3o vari\u00e1veis.<\/p>\n<p>c\u00f3d: 503414<\/p>\n","protected":false},"excerpt":{"rendered":"<p>Di\u00e2metro do bocal (cuia):\u00a0120mm (12cm). Largura do bocal:\u00a016mm Material:\u00a0Prata 600 e ouro 12k chapeado, porongo. [&hellip;]<\/p>\n","protected":false},"featured_media":4031,"comment_status":"closed","ping_status":"closed","template":"","meta":[],"product_brand":[],"product_cat":[106,108],"product_tag":[],"awcf_genero":[],"awcf_material":[],"awcf_cor":[],"awcf_formato":[],"class_list":{"0":"post-4024","1":"product","2":"type-product","3":"status-publish","4":"has-post-thumbnail","6":"product_cat-bazar","7":"product_cat-cuias","9":"first","10":"instock","11":"shipping-taxable","12":"purchasable","13":"product-type-simple"},"_links":{"self":[{"href":"https:\/\/www.brasoptica.com.br\/site\/wp-json\/wp\/v2\/product\/4024","targetHints":{"allow":["GET"]}}],"collection":[{"href":"https:\/\/www.brasoptica.com.br\/site\/wp-json\/wp\/v2\/product"}],"about":[{"href":"https:\/\/www.brasoptica.com.br\/site\/wp-json\/wp\/v2\/types\/product"}],"replies":[{"embeddable":true,"href":"https:\/\/www.brasoptica.com.br\/site\/wp-json\/wp\/v2\/comments?post=4024"}],"wp:featuredmedia":[{"embeddable":true,"href":"https:\/\/www.brasoptica.com.br\/site\/wp-json\/wp\/v2\/media\/4031"}],"wp:attachment":[{"href":"https:\/\/www.brasoptica.com.br\/site\/wp-json\/wp\/v2\/media?parent=4024"}],"wp:term":[{"taxonomy":"product_brand","embeddable":true,"href":"https:\/\/www.brasoptica.com.br\/site\/wp-json\/wp\/v2\/product_brand?post=4024"},{"taxonomy":"product_cat","embeddable":true,"href":"https:\/\/www.brasoptica.com.br\/site\/wp-json\/wp\/v2\/product_cat?post=4024"},{"taxonomy":"product_tag","embeddable":true,"href":"https:\/\/www.brasoptica.com.br\/site\/wp-json\/wp\/v2\/product_tag?post=4024"},{"taxonomy":"awcf_genero","embeddable":true,"href":"https:\/\/www.brasoptica.com.br\/site\/wp-json\/wp\/v2\/awcf_genero?post=4024"},{"taxonomy":"awcf_material","embeddable":true,"href":"https:\/\/www.brasoptica.com.br\/site\/wp-json\/wp\/v2\/awcf_material?post=4024"},{"taxonomy":"awcf_cor","embeddable":true,"href":"https:\/\/www.brasoptica.com.br\/site\/wp-json\/wp\/v2\/awcf_cor?post=4024"},{"taxonomy":"awcf_formato","embeddable":true,"href":"https:\/\/www.brasoptica.com.br\/site\/wp-json\/wp\/v2\/awcf_formato?post=4024"}],"curies":[{"name":"wp","href":"https:\/\/api.w.org\/{rel}","templated":true}]}}