{"id":4019,"date":"2025-09-22T16:40:21","date_gmt":"2025-09-22T19:40:21","guid":{"rendered":"https:\/\/www.brasoptica.com.br\/site\/?post_type=product&#038;p=4019"},"modified":"2025-09-24T09:09:47","modified_gmt":"2025-09-24T12:09:47","slug":"cuia-prata-600-com-detalhe-em-ouro-chapeado-12k-sem-pedra-ref-110","status":"publish","type":"product","link":"https:\/\/www.brasoptica.com.br\/site\/produto\/cuia-prata-600-com-detalhe-em-ouro-chapeado-12k-sem-pedra-ref-110\/","title":{"rendered":"CUIA PRATA 600 COM DETALHE EM OURO 12k CHAPEADO"},"content":{"rendered":"<p><strong>Di\u00e2metro do bocal (cuia):<\/strong>\u00a0110mm (11cm).<\/p>\n<p><strong>Largura do bocal:<\/strong>\u00a016mm<\/p>\n<p><strong>Material:<\/strong>\u00a0Prata 600 e ouro 12k chapeado, porongo.<\/p>\n<p><strong>Descri\u00e7\u00e3o:<\/strong> Cuia com bocal de prata, cinzelado de folhas e chapinha de ouro.<\/p>\n<p><strong>Refer\u00eancia:<\/strong> 110<\/p>\n<p>O porongo \u00e9 um produto natural (fruto lenhoso): o formato, tamanho, tonalidades de cores s\u00e3o vari\u00e1veis.<\/p>\n<p>c\u00f3d: 503413<\/p>\n","protected":false},"excerpt":{"rendered":"<p>Di\u00e2metro do bocal (cuia):\u00a0110mm (11cm). Largura do bocal:\u00a016mm Material:\u00a0Prata 600 e ouro 12k chapeado, porongo. [&hellip;]<\/p>\n","protected":false},"featured_media":4020,"comment_status":"closed","ping_status":"closed","template":"","meta":[],"product_brand":[],"product_cat":[106,108],"product_tag":[],"awcf_genero":[],"awcf_material":[],"awcf_cor":[],"awcf_formato":[],"class_list":{"0":"post-4019","1":"product","2":"type-product","3":"status-publish","4":"has-post-thumbnail","6":"product_cat-bazar","7":"product_cat-cuias","9":"first","10":"instock","11":"shipping-taxable","12":"purchasable","13":"product-type-simple"},"_links":{"self":[{"href":"https:\/\/www.brasoptica.com.br\/site\/wp-json\/wp\/v2\/product\/4019","targetHints":{"allow":["GET"]}}],"collection":[{"href":"https:\/\/www.brasoptica.com.br\/site\/wp-json\/wp\/v2\/product"}],"about":[{"href":"https:\/\/www.brasoptica.com.br\/site\/wp-json\/wp\/v2\/types\/product"}],"replies":[{"embeddable":true,"href":"https:\/\/www.brasoptica.com.br\/site\/wp-json\/wp\/v2\/comments?post=4019"}],"wp:featuredmedia":[{"embeddable":true,"href":"https:\/\/www.brasoptica.com.br\/site\/wp-json\/wp\/v2\/media\/4020"}],"wp:attachment":[{"href":"https:\/\/www.brasoptica.com.br\/site\/wp-json\/wp\/v2\/media?parent=4019"}],"wp:term":[{"taxonomy":"product_brand","embeddable":true,"href":"https:\/\/www.brasoptica.com.br\/site\/wp-json\/wp\/v2\/product_brand?post=4019"},{"taxonomy":"product_cat","embeddable":true,"href":"https:\/\/www.brasoptica.com.br\/site\/wp-json\/wp\/v2\/product_cat?post=4019"},{"taxonomy":"product_tag","embeddable":true,"href":"https:\/\/www.brasoptica.com.br\/site\/wp-json\/wp\/v2\/product_tag?post=4019"},{"taxonomy":"awcf_genero","embeddable":true,"href":"https:\/\/www.brasoptica.com.br\/site\/wp-json\/wp\/v2\/awcf_genero?post=4019"},{"taxonomy":"awcf_material","embeddable":true,"href":"https:\/\/www.brasoptica.com.br\/site\/wp-json\/wp\/v2\/awcf_material?post=4019"},{"taxonomy":"awcf_cor","embeddable":true,"href":"https:\/\/www.brasoptica.com.br\/site\/wp-json\/wp\/v2\/awcf_cor?post=4019"},{"taxonomy":"awcf_formato","embeddable":true,"href":"https:\/\/www.brasoptica.com.br\/site\/wp-json\/wp\/v2\/awcf_formato?post=4019"}],"curies":[{"name":"wp","href":"https:\/\/api.w.org\/{rel}","templated":true}]}}