{"id":3531,"date":"2025-09-18T16:12:45","date_gmt":"2025-09-18T19:12:45","guid":{"rendered":"https:\/\/www.brasoptica.com.br\/site\/?post_type=product&#038;p=3531"},"modified":"2025-09-18T16:53:57","modified_gmt":"2025-09-18T19:53:57","slug":"armacao-ray-ban-rx6375-3135-53-metal","status":"publish","type":"product","link":"https:\/\/www.brasoptica.com.br\/site\/produto\/armacao-ray-ban-rx6375-3135-53-metal\/","title":{"rendered":"ARMA\u00c7\u00c3O RAY BAN RX6375 3135 53 METAL"},"content":{"rendered":"<p>A arma\u00e7\u00e3o Ray-Ban RX6375 3135 53 \u00e9 a escolha perfeita para quem busca eleg\u00e2ncia e estilo em \u00f3culos de grau unissex. Com seu design phantos em metal chumbo, essa arma\u00e7\u00e3o combina sofistica\u00e7\u00e3o com versatilidade.<\/p>\n<table>\n<tbody>\n<tr class=\"linha-impar\">\n<th>Largura da Lente<\/th>\n<td>53.0mm<\/td>\n<\/tr>\n<tr class=\"linha-par\">\n<th>Altura da Lente<\/th>\n<td>44.6mm<\/td>\n<\/tr>\n<tr class=\"linha-impar\">\n<th>Ponte<\/th>\n<td>18mm<\/td>\n<\/tr>\n<tr class=\"linha-par\">\n<th>Comprimento das hastes<\/th>\n<td>145mm<\/td>\n<\/tr>\n<\/tbody>\n<\/table>\n<p>c\u00f3d: 495813<\/p>\n","protected":false},"excerpt":{"rendered":"<p>A arma\u00e7\u00e3o Ray-Ban RX6375 3135 53 \u00e9 a escolha perfeita para quem busca eleg\u00e2ncia e [&hellip;]<\/p>\n","protected":false},"featured_media":3539,"comment_status":"closed","ping_status":"closed","template":"","meta":[],"product_brand":[178],"product_cat":[42,64,63],"product_tag":[],"awcf_genero":[],"awcf_material":[],"awcf_cor":[],"awcf_formato":[],"class_list":{"0":"post-3531","1":"product","2":"type-product","3":"status-publish","4":"has-post-thumbnail","6":"product_brand-ray-ban","7":"product_cat-armacoes-de-grau","8":"product_cat-armacoes-femininas","9":"product_cat-armacoes-masculinas","11":"first","12":"instock","13":"shipping-taxable","14":"purchasable","15":"product-type-simple"},"_links":{"self":[{"href":"https:\/\/www.brasoptica.com.br\/site\/wp-json\/wp\/v2\/product\/3531","targetHints":{"allow":["GET"]}}],"collection":[{"href":"https:\/\/www.brasoptica.com.br\/site\/wp-json\/wp\/v2\/product"}],"about":[{"href":"https:\/\/www.brasoptica.com.br\/site\/wp-json\/wp\/v2\/types\/product"}],"replies":[{"embeddable":true,"href":"https:\/\/www.brasoptica.com.br\/site\/wp-json\/wp\/v2\/comments?post=3531"}],"wp:featuredmedia":[{"embeddable":true,"href":"https:\/\/www.brasoptica.com.br\/site\/wp-json\/wp\/v2\/media\/3539"}],"wp:attachment":[{"href":"https:\/\/www.brasoptica.com.br\/site\/wp-json\/wp\/v2\/media?parent=3531"}],"wp:term":[{"taxonomy":"product_brand","embeddable":true,"href":"https:\/\/www.brasoptica.com.br\/site\/wp-json\/wp\/v2\/product_brand?post=3531"},{"taxonomy":"product_cat","embeddable":true,"href":"https:\/\/www.brasoptica.com.br\/site\/wp-json\/wp\/v2\/product_cat?post=3531"},{"taxonomy":"product_tag","embeddable":true,"href":"https:\/\/www.brasoptica.com.br\/site\/wp-json\/wp\/v2\/product_tag?post=3531"},{"taxonomy":"awcf_genero","embeddable":true,"href":"https:\/\/www.brasoptica.com.br\/site\/wp-json\/wp\/v2\/awcf_genero?post=3531"},{"taxonomy":"awcf_material","embeddable":true,"href":"https:\/\/www.brasoptica.com.br\/site\/wp-json\/wp\/v2\/awcf_material?post=3531"},{"taxonomy":"awcf_cor","embeddable":true,"href":"https:\/\/www.brasoptica.com.br\/site\/wp-json\/wp\/v2\/awcf_cor?post=3531"},{"taxonomy":"awcf_formato","embeddable":true,"href":"https:\/\/www.brasoptica.com.br\/site\/wp-json\/wp\/v2\/awcf_formato?post=3531"}],"curies":[{"name":"wp","href":"https:\/\/api.w.org\/{rel}","templated":true}]}}