{"id":3309,"date":"2025-09-18T09:25:52","date_gmt":"2025-09-18T12:25:52","guid":{"rendered":"https:\/\/www.brasoptica.com.br\/site\/?post_type=product&#038;p=3309"},"modified":"2025-09-18T09:25:52","modified_gmt":"2025-09-18T12:25:52","slug":"armacao-vogue-vo5331-2821-49","status":"publish","type":"product","link":"https:\/\/www.brasoptica.com.br\/site\/produto\/armacao-vogue-vo5331-2821-49\/","title":{"rendered":"ARMA\u00c7\u00c3O VOGUE VO5331 2821 49"},"content":{"rendered":"<table>\n<tbody>\n<tr class=\"linha-par\">\n<th>Marca<\/th>\n<td>VOGUE<\/td>\n<\/tr>\n<tr class=\"linha-impar\">\n<th>C\u00f3digo do modelo<\/th>\n<td>0VO5446<\/td>\n<\/tr>\n<tr class=\"llinha-par\">\n<th>C\u00f3digo de cor<\/th>\n<td>W44<\/td>\n<\/tr>\n<tr class=\"linha-impar\">\n<th>G\u00eanero<\/th>\n<td>Feminino<\/td>\n<\/tr>\n<tr class=\"linha-par\">\n<th>Forma<\/th>\n<td>Gatinho<\/td>\n<\/tr>\n<tr class=\"linha-impar\">\n<th>Cor da frente<\/th>\n<td>Preto<\/td>\n<\/tr>\n<tr class=\"linha-par\">\n<th>Material da frente<\/th>\n<td>Acetato<\/td>\n<\/tr>\n<tr class=\"linha-par\">\n<th>Material da haste<\/th>\n<td>Acetato<\/td>\n<\/tr>\n<\/tbody>\n<\/table>\n<p>c\u00f3d: 483303<\/p>\n","protected":false},"excerpt":{"rendered":"<p>Marca VOGUE C\u00f3digo do modelo 0VO5446 C\u00f3digo de cor W44 G\u00eanero Feminino Forma Gatinho Cor [&hellip;]<\/p>\n","protected":false},"featured_media":3312,"comment_status":"closed","ping_status":"closed","template":"","meta":[],"product_brand":[184],"product_cat":[42,64],"product_tag":[],"awcf_genero":[],"awcf_material":[],"awcf_cor":[],"awcf_formato":[],"class_list":{"0":"post-3309","1":"product","2":"type-product","3":"status-publish","4":"has-post-thumbnail","6":"product_brand-vogue","7":"product_cat-armacoes-de-grau","8":"product_cat-armacoes-femininas","10":"first","11":"instock","12":"shipping-taxable","13":"purchasable","14":"product-type-simple"},"_links":{"self":[{"href":"https:\/\/www.brasoptica.com.br\/site\/wp-json\/wp\/v2\/product\/3309","targetHints":{"allow":["GET"]}}],"collection":[{"href":"https:\/\/www.brasoptica.com.br\/site\/wp-json\/wp\/v2\/product"}],"about":[{"href":"https:\/\/www.brasoptica.com.br\/site\/wp-json\/wp\/v2\/types\/product"}],"replies":[{"embeddable":true,"href":"https:\/\/www.brasoptica.com.br\/site\/wp-json\/wp\/v2\/comments?post=3309"}],"wp:featuredmedia":[{"embeddable":true,"href":"https:\/\/www.brasoptica.com.br\/site\/wp-json\/wp\/v2\/media\/3312"}],"wp:attachment":[{"href":"https:\/\/www.brasoptica.com.br\/site\/wp-json\/wp\/v2\/media?parent=3309"}],"wp:term":[{"taxonomy":"product_brand","embeddable":true,"href":"https:\/\/www.brasoptica.com.br\/site\/wp-json\/wp\/v2\/product_brand?post=3309"},{"taxonomy":"product_cat","embeddable":true,"href":"https:\/\/www.brasoptica.com.br\/site\/wp-json\/wp\/v2\/product_cat?post=3309"},{"taxonomy":"product_tag","embeddable":true,"href":"https:\/\/www.brasoptica.com.br\/site\/wp-json\/wp\/v2\/product_tag?post=3309"},{"taxonomy":"awcf_genero","embeddable":true,"href":"https:\/\/www.brasoptica.com.br\/site\/wp-json\/wp\/v2\/awcf_genero?post=3309"},{"taxonomy":"awcf_material","embeddable":true,"href":"https:\/\/www.brasoptica.com.br\/site\/wp-json\/wp\/v2\/awcf_material?post=3309"},{"taxonomy":"awcf_cor","embeddable":true,"href":"https:\/\/www.brasoptica.com.br\/site\/wp-json\/wp\/v2\/awcf_cor?post=3309"},{"taxonomy":"awcf_formato","embeddable":true,"href":"https:\/\/www.brasoptica.com.br\/site\/wp-json\/wp\/v2\/awcf_formato?post=3309"}],"curies":[{"name":"wp","href":"https:\/\/api.w.org\/{rel}","templated":true}]}}