{"id":3210,"date":"2025-09-17T11:37:16","date_gmt":"2025-09-17T14:37:16","guid":{"rendered":"https:\/\/www.brasoptica.com.br\/site\/?post_type=product&#038;p=3210"},"modified":"2025-09-17T11:37:16","modified_gmt":"2025-09-17T14:37:16","slug":"armacao-swarovski-sk2011-3001-53","status":"publish","type":"product","link":"https:\/\/www.brasoptica.com.br\/site\/produto\/armacao-swarovski-sk2011-3001-53\/","title":{"rendered":"ARMA\u00c7\u00c3O SWAROVSKI SK2011 3001 53"},"content":{"rendered":"<p>Marca: Swarovski<\/p>\n<p>Tamanho ( Largura da lente): 53 mm<\/p>\n<p>Altura da lente: 38 mm<\/p>\n<p>Ponte: 18 mm<\/p>\n<p>Haste: 140 mm<\/p>\n<p>Cor da Arma\u00e7\u00e3o: Rosa Transl\u00facido<\/p>\n<p>Material:\u00a0Acetato<\/p>\n<p>Formato: Gatinho<\/p>\n<p>c\u00f3d: 497633<\/p>\n","protected":false},"excerpt":{"rendered":"<p>Marca: Swarovski Tamanho ( Largura da lente): 53 mm Altura da lente: 38 mm Ponte: [&hellip;]<\/p>\n","protected":false},"featured_media":3213,"comment_status":"closed","ping_status":"closed","template":"","meta":[],"product_brand":[180],"product_cat":[42,64],"product_tag":[],"awcf_genero":[],"awcf_material":[],"awcf_cor":[],"awcf_formato":[],"class_list":{"0":"post-3210","1":"product","2":"type-product","3":"status-publish","4":"has-post-thumbnail","6":"product_brand-swarovski","7":"product_cat-armacoes-de-grau","8":"product_cat-armacoes-femininas","10":"first","11":"instock","12":"shipping-taxable","13":"purchasable","14":"product-type-simple"},"_links":{"self":[{"href":"https:\/\/www.brasoptica.com.br\/site\/wp-json\/wp\/v2\/product\/3210","targetHints":{"allow":["GET"]}}],"collection":[{"href":"https:\/\/www.brasoptica.com.br\/site\/wp-json\/wp\/v2\/product"}],"about":[{"href":"https:\/\/www.brasoptica.com.br\/site\/wp-json\/wp\/v2\/types\/product"}],"replies":[{"embeddable":true,"href":"https:\/\/www.brasoptica.com.br\/site\/wp-json\/wp\/v2\/comments?post=3210"}],"wp:featuredmedia":[{"embeddable":true,"href":"https:\/\/www.brasoptica.com.br\/site\/wp-json\/wp\/v2\/media\/3213"}],"wp:attachment":[{"href":"https:\/\/www.brasoptica.com.br\/site\/wp-json\/wp\/v2\/media?parent=3210"}],"wp:term":[{"taxonomy":"product_brand","embeddable":true,"href":"https:\/\/www.brasoptica.com.br\/site\/wp-json\/wp\/v2\/product_brand?post=3210"},{"taxonomy":"product_cat","embeddable":true,"href":"https:\/\/www.brasoptica.com.br\/site\/wp-json\/wp\/v2\/product_cat?post=3210"},{"taxonomy":"product_tag","embeddable":true,"href":"https:\/\/www.brasoptica.com.br\/site\/wp-json\/wp\/v2\/product_tag?post=3210"},{"taxonomy":"awcf_genero","embeddable":true,"href":"https:\/\/www.brasoptica.com.br\/site\/wp-json\/wp\/v2\/awcf_genero?post=3210"},{"taxonomy":"awcf_material","embeddable":true,"href":"https:\/\/www.brasoptica.com.br\/site\/wp-json\/wp\/v2\/awcf_material?post=3210"},{"taxonomy":"awcf_cor","embeddable":true,"href":"https:\/\/www.brasoptica.com.br\/site\/wp-json\/wp\/v2\/awcf_cor?post=3210"},{"taxonomy":"awcf_formato","embeddable":true,"href":"https:\/\/www.brasoptica.com.br\/site\/wp-json\/wp\/v2\/awcf_formato?post=3210"}],"curies":[{"name":"wp","href":"https:\/\/api.w.org\/{rel}","templated":true}]}}