{"id":3206,"date":"2025-09-17T11:31:46","date_gmt":"2025-09-17T14:31:46","guid":{"rendered":"https:\/\/www.brasoptica.com.br\/site\/?post_type=product&#038;p=3206"},"modified":"2025-09-17T11:31:46","modified_gmt":"2025-09-17T14:31:46","slug":"armacao-swarovski-sk2005-1002-53","status":"publish","type":"product","link":"https:\/\/www.brasoptica.com.br\/site\/produto\/armacao-swarovski-sk2005-1002-53\/","title":{"rendered":"ARMA\u00c7\u00c3O SWAROVSKI SK2005 1002 53"},"content":{"rendered":"<p>\u00d3culos de Grau Swarovski &#8211;\u00a00SK2005 1002 53.<\/p>\n<p>Material: Acetato.<\/p>\n<p>Pedra: Pedras sint\u00e9ticas azul. Lapida\u00e7\u00e3o: Octagonal.<\/p>\n<p>Cor: Marrom mesclado.<\/p>\n<p>Tamanho: 53mm \/ Ponte: 17mm \/ Altura: 41mm \/ Comprimento das hastes: 135mm.<\/p>\n<p>c\u00f3d: 497613<\/p>\n","protected":false},"excerpt":{"rendered":"<p>\u00d3culos de Grau Swarovski &#8211;\u00a00SK2005 1002 53. Material: Acetato. Pedra: Pedras sint\u00e9ticas azul. Lapida\u00e7\u00e3o: Octagonal. [&hellip;]<\/p>\n","protected":false},"featured_media":3209,"comment_status":"closed","ping_status":"closed","template":"","meta":[],"product_brand":[180],"product_cat":[42,64],"product_tag":[],"awcf_genero":[],"awcf_material":[],"awcf_cor":[],"awcf_formato":[],"class_list":{"0":"post-3206","1":"product","2":"type-product","3":"status-publish","4":"has-post-thumbnail","6":"product_brand-swarovski","7":"product_cat-armacoes-de-grau","8":"product_cat-armacoes-femininas","10":"first","11":"instock","12":"shipping-taxable","13":"purchasable","14":"product-type-simple"},"_links":{"self":[{"href":"https:\/\/www.brasoptica.com.br\/site\/wp-json\/wp\/v2\/product\/3206","targetHints":{"allow":["GET"]}}],"collection":[{"href":"https:\/\/www.brasoptica.com.br\/site\/wp-json\/wp\/v2\/product"}],"about":[{"href":"https:\/\/www.brasoptica.com.br\/site\/wp-json\/wp\/v2\/types\/product"}],"replies":[{"embeddable":true,"href":"https:\/\/www.brasoptica.com.br\/site\/wp-json\/wp\/v2\/comments?post=3206"}],"wp:featuredmedia":[{"embeddable":true,"href":"https:\/\/www.brasoptica.com.br\/site\/wp-json\/wp\/v2\/media\/3209"}],"wp:attachment":[{"href":"https:\/\/www.brasoptica.com.br\/site\/wp-json\/wp\/v2\/media?parent=3206"}],"wp:term":[{"taxonomy":"product_brand","embeddable":true,"href":"https:\/\/www.brasoptica.com.br\/site\/wp-json\/wp\/v2\/product_brand?post=3206"},{"taxonomy":"product_cat","embeddable":true,"href":"https:\/\/www.brasoptica.com.br\/site\/wp-json\/wp\/v2\/product_cat?post=3206"},{"taxonomy":"product_tag","embeddable":true,"href":"https:\/\/www.brasoptica.com.br\/site\/wp-json\/wp\/v2\/product_tag?post=3206"},{"taxonomy":"awcf_genero","embeddable":true,"href":"https:\/\/www.brasoptica.com.br\/site\/wp-json\/wp\/v2\/awcf_genero?post=3206"},{"taxonomy":"awcf_material","embeddable":true,"href":"https:\/\/www.brasoptica.com.br\/site\/wp-json\/wp\/v2\/awcf_material?post=3206"},{"taxonomy":"awcf_cor","embeddable":true,"href":"https:\/\/www.brasoptica.com.br\/site\/wp-json\/wp\/v2\/awcf_cor?post=3206"},{"taxonomy":"awcf_formato","embeddable":true,"href":"https:\/\/www.brasoptica.com.br\/site\/wp-json\/wp\/v2\/awcf_formato?post=3206"}],"curies":[{"name":"wp","href":"https:\/\/api.w.org\/{rel}","templated":true}]}}