{"id":2811,"date":"2025-09-12T13:32:12","date_gmt":"2025-09-12T16:32:12","guid":{"rendered":"https:\/\/www.brasoptica.com.br\/site\/?post_type=product&#038;p=2811"},"modified":"2025-09-12T13:32:13","modified_gmt":"2025-09-12T16:32:13","slug":"relogio-technos-wt2050aj-1v-skydiver","status":"publish","type":"product","link":"https:\/\/www.brasoptica.com.br\/site\/produto\/relogio-technos-wt2050aj-1v-skydiver\/","title":{"rendered":"REL\u00d3GIO TECHNOS WT2050AJ\/1V SKYDIVER"},"content":{"rendered":"<h2>Descri\u00e7\u00e3o<\/h2>\n<div class=\"productDescription\">Rel\u00f3gio TECHNOS WT2050AJ\/1V<br \/>\nAcompanha embalagem oficial, certificado de garantia de 1 ano pelo fabricante, manual de instru\u00e7\u00f5es e N0TA FlSCAL.<\/p>\n<p>Modelo: WT2050AJ\/1V<br \/>\nG\u00eanero: Masculino<\/p>\n<p>Caracter\u00edsticas<br \/>\nFormato do Rel\u00f3gio: Redondo<br \/>\nComposi\u00e7\u00e3o do Vidro: Cristal mineral<br \/>\nMaterial da Caixa: A\u00e7o Inox<br \/>\nCor da Caixa: Dourado, Verde<br \/>\nCor do mostrador: Digital, Verde<br \/>\nMaterial da Pulseira: A\u00e7o Inox<br \/>\nCor da Pulseira: Dourado<br \/>\nMecanismo: Anal\u00f3gico-Digital<\/p>\n<p>Medidas<br \/>\nLargura da Caixa: 54 mm<br \/>\nEspessura da Caixa: 15 mm<\/p>\n<p>Resist\u00eancia \u00e0 \u00c1gua<br \/>\nPress\u00e3o: 15 ATMs<br \/>\nResist\u00eancia a respingos: Sim<br \/>\nPr\u00e1tica de nata\u00e7\u00e3o: Sim<br \/>\nPr\u00e1tica de mergulho: Sim<br \/>\nN\u00e3o recomendado utilizar em \u00e1gua salgada ou durante o banho quente<br \/>\n(exceto rel\u00f3gios apropriados para mergulho profissional)<\/p>\n<p>Fun\u00e7\u00f5es do Rel\u00f3gio<br \/>\n&#8211; Alarme<br \/>\n&#8211; Cron\u00f4metro<\/p><\/div>\n<div>Cod:495946<\/div>\n<p>&nbsp;<\/p>\n","protected":false},"excerpt":{"rendered":"<p>Descri\u00e7\u00e3o Rel\u00f3gio TECHNOS WT2050AJ\/1V Acompanha embalagem oficial, certificado de garantia de 1 ano pelo fabricante, [&hellip;]<\/p>\n","protected":false},"featured_media":2812,"comment_status":"closed","ping_status":"closed","template":"","meta":[],"product_brand":[171],"product_cat":[31,33],"product_tag":[],"awcf_genero":[],"awcf_material":[],"awcf_cor":[],"awcf_formato":[],"class_list":{"0":"post-2811","1":"product","2":"type-product","3":"status-publish","4":"has-post-thumbnail","6":"product_brand-technos","7":"product_cat-relogios","8":"product_cat-relogios-masculinos","10":"first","11":"instock","12":"shipping-taxable","13":"purchasable","14":"product-type-simple"},"_links":{"self":[{"href":"https:\/\/www.brasoptica.com.br\/site\/wp-json\/wp\/v2\/product\/2811","targetHints":{"allow":["GET"]}}],"collection":[{"href":"https:\/\/www.brasoptica.com.br\/site\/wp-json\/wp\/v2\/product"}],"about":[{"href":"https:\/\/www.brasoptica.com.br\/site\/wp-json\/wp\/v2\/types\/product"}],"replies":[{"embeddable":true,"href":"https:\/\/www.brasoptica.com.br\/site\/wp-json\/wp\/v2\/comments?post=2811"}],"wp:featuredmedia":[{"embeddable":true,"href":"https:\/\/www.brasoptica.com.br\/site\/wp-json\/wp\/v2\/media\/2812"}],"wp:attachment":[{"href":"https:\/\/www.brasoptica.com.br\/site\/wp-json\/wp\/v2\/media?parent=2811"}],"wp:term":[{"taxonomy":"product_brand","embeddable":true,"href":"https:\/\/www.brasoptica.com.br\/site\/wp-json\/wp\/v2\/product_brand?post=2811"},{"taxonomy":"product_cat","embeddable":true,"href":"https:\/\/www.brasoptica.com.br\/site\/wp-json\/wp\/v2\/product_cat?post=2811"},{"taxonomy":"product_tag","embeddable":true,"href":"https:\/\/www.brasoptica.com.br\/site\/wp-json\/wp\/v2\/product_tag?post=2811"},{"taxonomy":"awcf_genero","embeddable":true,"href":"https:\/\/www.brasoptica.com.br\/site\/wp-json\/wp\/v2\/awcf_genero?post=2811"},{"taxonomy":"awcf_material","embeddable":true,"href":"https:\/\/www.brasoptica.com.br\/site\/wp-json\/wp\/v2\/awcf_material?post=2811"},{"taxonomy":"awcf_cor","embeddable":true,"href":"https:\/\/www.brasoptica.com.br\/site\/wp-json\/wp\/v2\/awcf_cor?post=2811"},{"taxonomy":"awcf_formato","embeddable":true,"href":"https:\/\/www.brasoptica.com.br\/site\/wp-json\/wp\/v2\/awcf_formato?post=2811"}],"curies":[{"name":"wp","href":"https:\/\/api.w.org\/{rel}","templated":true}]}}