{"id":2801,"date":"2025-09-12T12:11:38","date_gmt":"2025-09-12T15:11:38","guid":{"rendered":"https:\/\/www.brasoptica.com.br\/site\/?post_type=product&#038;p=2801"},"modified":"2025-09-12T12:11:38","modified_gmt":"2025-09-12T15:11:38","slug":"relogio-condor-kit-co2035nce-k4p","status":"publish","type":"product","link":"https:\/\/www.brasoptica.com.br\/site\/produto\/relogio-condor-kit-co2035nce-k4p\/","title":{"rendered":"REL\u00d3GIO CONDOR KIT CO2035NCE\/K4P"},"content":{"rendered":"<div>Kit Rel\u00f3gio Masculino Condor CO2035NCE\/K4P<\/div>\n<div><\/div>\n<div>Kit Rel\u00f3gio masculino com sistema anal\u00f3gico com ponteiros indicando as horas, minutos e segundos. Caixa em metal com vidro em cristal mineral e pino para ajuste de horas. Mostrador personalizado com calend\u00e1rio di\u00e1rio, indicadores tracejados e n\u00famericos. Pulseira em a\u00e7o trabalhado com fechamento por bot\u00e3o lateral.<\/div>\n<div><\/div>\n<div>&#8211; Acompanha um canivete.<\/div>\n<div><\/div>\n<div>Resiste \u00e0 \u00e1gua: 5ATM ou 50 metros<\/div>\n<div>Composi\u00e7\u00e3o do Vidro: cristal mineral<\/div>\n<div>Material da Caixa: metal<\/div>\n<div>Material da Pulseira: a\u00e7o<\/div>\n<div><\/div>\n<div>Medidas aproximadas:<\/div>\n<div>&#8211; Largura da caixa, incluindo pino: 4,8cm<\/div>\n<div>&#8211; Espessura da caixa: 1,2cm<\/div>\n<div>&#8211; Comprimento da pulseira: 17cm<\/div>\n<div><\/div>\n<div>c\u00f3d: 501315<\/div>\n","protected":false},"excerpt":{"rendered":"<p>Kit Rel\u00f3gio Masculino Condor CO2035NCE\/K4P Kit Rel\u00f3gio masculino com sistema anal\u00f3gico com ponteiros indicando as [&hellip;]<\/p>\n","protected":false},"featured_media":2802,"comment_status":"closed","ping_status":"closed","template":"","meta":[],"product_brand":[199],"product_cat":[31,33],"product_tag":[],"awcf_genero":[],"awcf_material":[],"awcf_cor":[],"awcf_formato":[],"class_list":{"0":"post-2801","1":"product","2":"type-product","3":"status-publish","4":"has-post-thumbnail","6":"product_brand-condor","7":"product_cat-relogios","8":"product_cat-relogios-masculinos","10":"first","11":"instock","12":"shipping-taxable","13":"purchasable","14":"product-type-simple"},"_links":{"self":[{"href":"https:\/\/www.brasoptica.com.br\/site\/wp-json\/wp\/v2\/product\/2801","targetHints":{"allow":["GET"]}}],"collection":[{"href":"https:\/\/www.brasoptica.com.br\/site\/wp-json\/wp\/v2\/product"}],"about":[{"href":"https:\/\/www.brasoptica.com.br\/site\/wp-json\/wp\/v2\/types\/product"}],"replies":[{"embeddable":true,"href":"https:\/\/www.brasoptica.com.br\/site\/wp-json\/wp\/v2\/comments?post=2801"}],"wp:featuredmedia":[{"embeddable":true,"href":"https:\/\/www.brasoptica.com.br\/site\/wp-json\/wp\/v2\/media\/2802"}],"wp:attachment":[{"href":"https:\/\/www.brasoptica.com.br\/site\/wp-json\/wp\/v2\/media?parent=2801"}],"wp:term":[{"taxonomy":"product_brand","embeddable":true,"href":"https:\/\/www.brasoptica.com.br\/site\/wp-json\/wp\/v2\/product_brand?post=2801"},{"taxonomy":"product_cat","embeddable":true,"href":"https:\/\/www.brasoptica.com.br\/site\/wp-json\/wp\/v2\/product_cat?post=2801"},{"taxonomy":"product_tag","embeddable":true,"href":"https:\/\/www.brasoptica.com.br\/site\/wp-json\/wp\/v2\/product_tag?post=2801"},{"taxonomy":"awcf_genero","embeddable":true,"href":"https:\/\/www.brasoptica.com.br\/site\/wp-json\/wp\/v2\/awcf_genero?post=2801"},{"taxonomy":"awcf_material","embeddable":true,"href":"https:\/\/www.brasoptica.com.br\/site\/wp-json\/wp\/v2\/awcf_material?post=2801"},{"taxonomy":"awcf_cor","embeddable":true,"href":"https:\/\/www.brasoptica.com.br\/site\/wp-json\/wp\/v2\/awcf_cor?post=2801"},{"taxonomy":"awcf_formato","embeddable":true,"href":"https:\/\/www.brasoptica.com.br\/site\/wp-json\/wp\/v2\/awcf_formato?post=2801"}],"curies":[{"name":"wp","href":"https:\/\/api.w.org\/{rel}","templated":true}]}}