{"id":2545,"date":"2025-09-11T09:50:35","date_gmt":"2025-09-11T12:50:35","guid":{"rendered":"https:\/\/www.brasoptica.com.br\/site\/?post_type=product&#038;p=2545"},"modified":"2025-09-12T13:06:17","modified_gmt":"2025-09-12T16:06:17","slug":"relogio-diesel-dz2157b1-pxbx","status":"publish","type":"product","link":"https:\/\/www.brasoptica.com.br\/site\/produto\/relogio-diesel-dz2157b1-pxbx\/","title":{"rendered":"REL\u00d3GIO DIESEL DZ2157B1 &#8211; PXBX"},"content":{"rendered":"<p>Rel\u00f3gio Diesel Master Chief Digital Masculino &#8211; DZ2157B1 PXBX<\/p>\n<p>Material da caixa: Silicone.<\/p>\n<p>Material da Pulseira: Silicone.<\/p>\n<p>Material do Vidro: Cristal Mineral.<\/p>\n<p>Cor do mostrador: Preto.<\/p>\n<p>Cor da caixa: Branco.<\/p>\n<p>Cor da pulseira: Branco.<\/p>\n<p>Resist\u00eancia \u00e0 \u00e1gua: 50m.<\/p>\n<p>Tamanho da caixa: 44mm.<\/p>\n<p>c\u00f3d: 483907<\/p>\n","protected":false},"excerpt":{"rendered":"<p>Rel\u00f3gio Diesel Master Chief Digital Masculino &#8211; DZ2157B1 PXBX Material da caixa: Silicone. Material da [&hellip;]<\/p>\n","protected":false},"featured_media":2547,"comment_status":"closed","ping_status":"closed","template":"","meta":[],"product_brand":[197],"product_cat":[31,32,33],"product_tag":[],"awcf_genero":[],"awcf_material":[],"awcf_cor":[],"awcf_formato":[],"class_list":{"0":"post-2545","1":"product","2":"type-product","3":"status-publish","4":"has-post-thumbnail","6":"product_brand-diesel","7":"product_cat-relogios","8":"product_cat-relogios-femininos","9":"product_cat-relogios-masculinos","11":"first","12":"instock","13":"shipping-taxable","14":"purchasable","15":"product-type-simple"},"_links":{"self":[{"href":"https:\/\/www.brasoptica.com.br\/site\/wp-json\/wp\/v2\/product\/2545","targetHints":{"allow":["GET"]}}],"collection":[{"href":"https:\/\/www.brasoptica.com.br\/site\/wp-json\/wp\/v2\/product"}],"about":[{"href":"https:\/\/www.brasoptica.com.br\/site\/wp-json\/wp\/v2\/types\/product"}],"replies":[{"embeddable":true,"href":"https:\/\/www.brasoptica.com.br\/site\/wp-json\/wp\/v2\/comments?post=2545"}],"wp:featuredmedia":[{"embeddable":true,"href":"https:\/\/www.brasoptica.com.br\/site\/wp-json\/wp\/v2\/media\/2547"}],"wp:attachment":[{"href":"https:\/\/www.brasoptica.com.br\/site\/wp-json\/wp\/v2\/media?parent=2545"}],"wp:term":[{"taxonomy":"product_brand","embeddable":true,"href":"https:\/\/www.brasoptica.com.br\/site\/wp-json\/wp\/v2\/product_brand?post=2545"},{"taxonomy":"product_cat","embeddable":true,"href":"https:\/\/www.brasoptica.com.br\/site\/wp-json\/wp\/v2\/product_cat?post=2545"},{"taxonomy":"product_tag","embeddable":true,"href":"https:\/\/www.brasoptica.com.br\/site\/wp-json\/wp\/v2\/product_tag?post=2545"},{"taxonomy":"awcf_genero","embeddable":true,"href":"https:\/\/www.brasoptica.com.br\/site\/wp-json\/wp\/v2\/awcf_genero?post=2545"},{"taxonomy":"awcf_material","embeddable":true,"href":"https:\/\/www.brasoptica.com.br\/site\/wp-json\/wp\/v2\/awcf_material?post=2545"},{"taxonomy":"awcf_cor","embeddable":true,"href":"https:\/\/www.brasoptica.com.br\/site\/wp-json\/wp\/v2\/awcf_cor?post=2545"},{"taxonomy":"awcf_formato","embeddable":true,"href":"https:\/\/www.brasoptica.com.br\/site\/wp-json\/wp\/v2\/awcf_formato?post=2545"}],"curies":[{"name":"wp","href":"https:\/\/api.w.org\/{rel}","templated":true}]}}