{"id":2540,"date":"2025-09-11T09:46:46","date_gmt":"2025-09-11T12:46:46","guid":{"rendered":"https:\/\/www.brasoptica.com.br\/site\/?post_type=product&#038;p=2540"},"modified":"2025-11-10T15:46:18","modified_gmt":"2025-11-10T18:46:18","slug":"relogio-diesel-dz1952b1-c2kx","status":"publish","type":"product","link":"https:\/\/www.brasoptica.com.br\/site\/produto\/relogio-diesel-dz1952b1-c2kx\/","title":{"rendered":"REL\u00d3GIO DIESEL DZ1952B1 C2KX"},"content":{"rendered":"<p>Rel\u00f3gio Diesel Master Chief Masculino &#8211; DZ1952B1 C2KX<\/p>\n<p>Material da caixa: A\u00e7o inoxid\u00e1vel.<\/p>\n<p>Material da pulseira: A\u00e7o inoxid\u00e1vel.<\/p>\n<p>Material do vidro: Cristal mineral.<\/p>\n<p>Cor do mostrador: Dourado.<\/p>\n<p>Cor da caixa: Dourado.<\/p>\n<p>Cor da pulseira: Dourado.<\/p>\n<p>Resist\u00eancia \u00e0 \u00e1gua: 100m.<\/p>\n<p>Di\u00e2metro da caixa: 45mm.<\/p>\n<p>&nbsp;<\/p>\n<p>c\u00f3d: 483818<\/p>\n","protected":false},"excerpt":{"rendered":"<p>Rel\u00f3gio Diesel Master Chief Masculino &#8211; DZ1952B1 C2KX Material da caixa: A\u00e7o inoxid\u00e1vel. Material da [&hellip;]<\/p>\n","protected":false},"featured_media":14879,"comment_status":"closed","ping_status":"closed","template":"","meta":[],"product_brand":[197],"product_cat":[31,33],"product_tag":[],"awcf_genero":[],"awcf_material":[],"awcf_cor":[],"awcf_formato":[],"class_list":{"0":"post-2540","1":"product","2":"type-product","3":"status-publish","4":"has-post-thumbnail","6":"product_brand-diesel","7":"product_cat-relogios","8":"product_cat-relogios-masculinos","10":"first","11":"instock","12":"shipping-taxable","13":"purchasable","14":"product-type-simple"},"_links":{"self":[{"href":"https:\/\/www.brasoptica.com.br\/site\/wp-json\/wp\/v2\/product\/2540","targetHints":{"allow":["GET"]}}],"collection":[{"href":"https:\/\/www.brasoptica.com.br\/site\/wp-json\/wp\/v2\/product"}],"about":[{"href":"https:\/\/www.brasoptica.com.br\/site\/wp-json\/wp\/v2\/types\/product"}],"replies":[{"embeddable":true,"href":"https:\/\/www.brasoptica.com.br\/site\/wp-json\/wp\/v2\/comments?post=2540"}],"wp:featuredmedia":[{"embeddable":true,"href":"https:\/\/www.brasoptica.com.br\/site\/wp-json\/wp\/v2\/media\/14879"}],"wp:attachment":[{"href":"https:\/\/www.brasoptica.com.br\/site\/wp-json\/wp\/v2\/media?parent=2540"}],"wp:term":[{"taxonomy":"product_brand","embeddable":true,"href":"https:\/\/www.brasoptica.com.br\/site\/wp-json\/wp\/v2\/product_brand?post=2540"},{"taxonomy":"product_cat","embeddable":true,"href":"https:\/\/www.brasoptica.com.br\/site\/wp-json\/wp\/v2\/product_cat?post=2540"},{"taxonomy":"product_tag","embeddable":true,"href":"https:\/\/www.brasoptica.com.br\/site\/wp-json\/wp\/v2\/product_tag?post=2540"},{"taxonomy":"awcf_genero","embeddable":true,"href":"https:\/\/www.brasoptica.com.br\/site\/wp-json\/wp\/v2\/awcf_genero?post=2540"},{"taxonomy":"awcf_material","embeddable":true,"href":"https:\/\/www.brasoptica.com.br\/site\/wp-json\/wp\/v2\/awcf_material?post=2540"},{"taxonomy":"awcf_cor","embeddable":true,"href":"https:\/\/www.brasoptica.com.br\/site\/wp-json\/wp\/v2\/awcf_cor?post=2540"},{"taxonomy":"awcf_formato","embeddable":true,"href":"https:\/\/www.brasoptica.com.br\/site\/wp-json\/wp\/v2\/awcf_formato?post=2540"}],"curies":[{"name":"wp","href":"https:\/\/api.w.org\/{rel}","templated":true}]}}