{"id":2530,"date":"2025-09-11T09:44:01","date_gmt":"2025-09-11T12:44:01","guid":{"rendered":"https:\/\/www.brasoptica.com.br\/site\/?post_type=product&#038;p=2530"},"modified":"2025-09-12T13:11:19","modified_gmt":"2025-09-12T16:11:19","slug":"relogio-diesel-dz4590b1-c1kx","status":"publish","type":"product","link":"https:\/\/www.brasoptica.com.br\/site\/produto\/relogio-diesel-dz4590b1-c1kx\/","title":{"rendered":"REL\u00d3GIO DIESEL DZ4590B1 &#8211; C1KX"},"content":{"rendered":"<p>Rel\u00f3gio Diesel Split Cron\u00f3grafo Masculino &#8211; DZ4590B1 C1KX<\/p>\n<p>Material da caixa: A\u00e7o inoxid\u00e1vel.<\/p>\n<p>Material da Pulseira: A\u00e7o inoxid\u00e1vel.<\/p>\n<p>Material do Vidro: Cristal Mineral.<\/p>\n<p>Cor do mostrador: Dourado.<\/p>\n<p>Cor da caixa: Dourado.<\/p>\n<p>Cor da pulseira: Dourado.<\/p>\n<p>Resist\u00eancia \u00e0 \u00e1gua: 50m.<\/p>\n<p>Tamanho da caixa: 51mm.<\/p>\n<p>c\u00f3d: 483850<\/p>\n","protected":false},"excerpt":{"rendered":"<p>Rel\u00f3gio Diesel Split Cron\u00f3grafo Masculino &#8211; DZ4590B1 C1KX Material da caixa: A\u00e7o inoxid\u00e1vel. Material da [&hellip;]<\/p>\n","protected":false},"featured_media":2534,"comment_status":"closed","ping_status":"closed","template":"","meta":[],"product_brand":[197],"product_cat":[31,33],"product_tag":[],"awcf_genero":[],"awcf_material":[],"awcf_cor":[],"awcf_formato":[],"class_list":{"0":"post-2530","1":"product","2":"type-product","3":"status-publish","4":"has-post-thumbnail","6":"product_brand-diesel","7":"product_cat-relogios","8":"product_cat-relogios-masculinos","10":"first","11":"instock","12":"shipping-taxable","13":"purchasable","14":"product-type-simple"},"_links":{"self":[{"href":"https:\/\/www.brasoptica.com.br\/site\/wp-json\/wp\/v2\/product\/2530","targetHints":{"allow":["GET"]}}],"collection":[{"href":"https:\/\/www.brasoptica.com.br\/site\/wp-json\/wp\/v2\/product"}],"about":[{"href":"https:\/\/www.brasoptica.com.br\/site\/wp-json\/wp\/v2\/types\/product"}],"replies":[{"embeddable":true,"href":"https:\/\/www.brasoptica.com.br\/site\/wp-json\/wp\/v2\/comments?post=2530"}],"wp:featuredmedia":[{"embeddable":true,"href":"https:\/\/www.brasoptica.com.br\/site\/wp-json\/wp\/v2\/media\/2534"}],"wp:attachment":[{"href":"https:\/\/www.brasoptica.com.br\/site\/wp-json\/wp\/v2\/media?parent=2530"}],"wp:term":[{"taxonomy":"product_brand","embeddable":true,"href":"https:\/\/www.brasoptica.com.br\/site\/wp-json\/wp\/v2\/product_brand?post=2530"},{"taxonomy":"product_cat","embeddable":true,"href":"https:\/\/www.brasoptica.com.br\/site\/wp-json\/wp\/v2\/product_cat?post=2530"},{"taxonomy":"product_tag","embeddable":true,"href":"https:\/\/www.brasoptica.com.br\/site\/wp-json\/wp\/v2\/product_tag?post=2530"},{"taxonomy":"awcf_genero","embeddable":true,"href":"https:\/\/www.brasoptica.com.br\/site\/wp-json\/wp\/v2\/awcf_genero?post=2530"},{"taxonomy":"awcf_material","embeddable":true,"href":"https:\/\/www.brasoptica.com.br\/site\/wp-json\/wp\/v2\/awcf_material?post=2530"},{"taxonomy":"awcf_cor","embeddable":true,"href":"https:\/\/www.brasoptica.com.br\/site\/wp-json\/wp\/v2\/awcf_cor?post=2530"},{"taxonomy":"awcf_formato","embeddable":true,"href":"https:\/\/www.brasoptica.com.br\/site\/wp-json\/wp\/v2\/awcf_formato?post=2530"}],"curies":[{"name":"wp","href":"https:\/\/api.w.org\/{rel}","templated":true}]}}