{"id":2519,"date":"2025-09-11T09:43:49","date_gmt":"2025-09-11T12:43:49","guid":{"rendered":"https:\/\/www.brasoptica.com.br\/site\/?post_type=product&#038;p=2519"},"modified":"2025-09-12T13:11:19","modified_gmt":"2025-09-12T16:11:19","slug":"relogio-diesel-dz1761b1-c2kx","status":"publish","type":"product","link":"https:\/\/www.brasoptica.com.br\/site\/produto\/relogio-diesel-dz1761b1-c2kx\/","title":{"rendered":"REL\u00d3GIO DIESEL DZ1761B1 &#8211; C2KX"},"content":{"rendered":"<p><b>Rel\u00f3gio Diesel &#8211; DZ1761B1\/C2KX<\/b><\/p>\n<p>&nbsp;<\/p>\n<p><b>Material da Caixa:<\/b>\u00a0A\u00e7o Inoxid\u00e1vel<\/p>\n<p><b>Material da Pulseira:<\/b>\u00a0A\u00e7o Inoxid\u00e1vel<\/p>\n<p><b>Tipo da pulseira:<\/b>\u00a0Elos<\/p>\n<p><b>Tipo do Fecho:<\/b>\u00a0Dobr\u00e1vel<\/p>\n<p><b>Cor da Caixa:<\/b>\u00a0Dourado<br \/>\n<b>Cor do Fundo:<\/b>\u00a0Dourado<br \/>\n<b>Cor da Pulseira:<\/b>\u00a0Dourado<\/p>\n<p><b>Composi\u00e7\u00e3o do Vidro:<\/b>\u00a0Cristal mineral<\/p>\n<p><b>Mecanismo:\u00a0<\/b>Anal\u00f3gico<\/p>\n<p><b>Formato da Caixa:<\/b> Redondo<\/p>\n<p><b>Largura da Caixa:<\/b>\u00a046mm<\/p>\n<p><b>Altura da Caixa:\u00a0<\/b>11mm<br \/>\n<b>Tamanho da Pulseira:\u00a0<\/b>180mm &#8211; ajust\u00e1vel<\/p>\n<p><b>Resist\u00eancia \u00e0 \u00e1gua:<\/b>\u00a0Sim, 5bar &#8211; N\u00e3o recomendado utilizar em \u00e1gua salgada ou banho quente<\/p>\n<p><b>G\u00eanero:<\/b>\u00a0Masculino<\/p>\n<p><b>Fun\u00e7\u00e3o:<\/b>\u00a0Hora<\/p>\n<p>Cod:483826<\/p>\n","protected":false},"excerpt":{"rendered":"<p>Rel\u00f3gio Diesel &#8211; DZ1761B1\/C2KX &nbsp; Material da Caixa:\u00a0A\u00e7o Inoxid\u00e1vel Material da Pulseira:\u00a0A\u00e7o Inoxid\u00e1vel Tipo da [&hellip;]<\/p>\n","protected":false},"featured_media":2535,"comment_status":"closed","ping_status":"closed","template":"","meta":[],"product_brand":[197],"product_cat":[31,33],"product_tag":[],"awcf_genero":[],"awcf_material":[],"awcf_cor":[],"awcf_formato":[],"class_list":{"0":"post-2519","1":"product","2":"type-product","3":"status-publish","4":"has-post-thumbnail","6":"product_brand-diesel","7":"product_cat-relogios","8":"product_cat-relogios-masculinos","10":"first","11":"instock","12":"shipping-taxable","13":"purchasable","14":"product-type-simple"},"_links":{"self":[{"href":"https:\/\/www.brasoptica.com.br\/site\/wp-json\/wp\/v2\/product\/2519","targetHints":{"allow":["GET"]}}],"collection":[{"href":"https:\/\/www.brasoptica.com.br\/site\/wp-json\/wp\/v2\/product"}],"about":[{"href":"https:\/\/www.brasoptica.com.br\/site\/wp-json\/wp\/v2\/types\/product"}],"replies":[{"embeddable":true,"href":"https:\/\/www.brasoptica.com.br\/site\/wp-json\/wp\/v2\/comments?post=2519"}],"wp:featuredmedia":[{"embeddable":true,"href":"https:\/\/www.brasoptica.com.br\/site\/wp-json\/wp\/v2\/media\/2535"}],"wp:attachment":[{"href":"https:\/\/www.brasoptica.com.br\/site\/wp-json\/wp\/v2\/media?parent=2519"}],"wp:term":[{"taxonomy":"product_brand","embeddable":true,"href":"https:\/\/www.brasoptica.com.br\/site\/wp-json\/wp\/v2\/product_brand?post=2519"},{"taxonomy":"product_cat","embeddable":true,"href":"https:\/\/www.brasoptica.com.br\/site\/wp-json\/wp\/v2\/product_cat?post=2519"},{"taxonomy":"product_tag","embeddable":true,"href":"https:\/\/www.brasoptica.com.br\/site\/wp-json\/wp\/v2\/product_tag?post=2519"},{"taxonomy":"awcf_genero","embeddable":true,"href":"https:\/\/www.brasoptica.com.br\/site\/wp-json\/wp\/v2\/awcf_genero?post=2519"},{"taxonomy":"awcf_material","embeddable":true,"href":"https:\/\/www.brasoptica.com.br\/site\/wp-json\/wp\/v2\/awcf_material?post=2519"},{"taxonomy":"awcf_cor","embeddable":true,"href":"https:\/\/www.brasoptica.com.br\/site\/wp-json\/wp\/v2\/awcf_cor?post=2519"},{"taxonomy":"awcf_formato","embeddable":true,"href":"https:\/\/www.brasoptica.com.br\/site\/wp-json\/wp\/v2\/awcf_formato?post=2519"}],"curies":[{"name":"wp","href":"https:\/\/api.w.org\/{rel}","templated":true}]}}