{"id":2518,"date":"2025-09-11T09:30:16","date_gmt":"2025-09-11T12:30:16","guid":{"rendered":"https:\/\/www.brasoptica.com.br\/site\/?post_type=product&#038;p=2518"},"modified":"2025-09-12T13:29:23","modified_gmt":"2025-09-12T16:29:23","slug":"relogio-diesel-dz4485-1pn","status":"publish","type":"product","link":"https:\/\/www.brasoptica.com.br\/site\/produto\/relogio-diesel-dz4485-1pn\/","title":{"rendered":"REL\u00d3GIO DIESEL &#8211; DZ4485\/1PN"},"content":{"rendered":"<p>A Diesel \u00e9 uma marca internacional de lifestyle e inova\u00e7\u00e3o, que produz uma ampla cole\u00e7\u00e3o de jeans, roupas e acess\u00f3rios. Desde sua cria\u00e7\u00e3o em 1978, a Diesel tem crescido de forma extraordin\u00e1ria e evoluiu de marca pioneira no segmento denim para se estabelecer no mundo da moda casual premium, tornando-se uma alternativa real para o mercado de luxo j\u00e1 estabelecido. A filosofia da Diesel permanece a mesma desde o dia de sua cria\u00e7\u00e3o: Renzo Rosso imaginou uma marca que fosse sin\u00f4nimo de paix\u00e3o, individualidade e auto-express\u00e3o.<\/p>\n<p><strong>Especifica\u00e7\u00f5es:<\/strong><br \/>\nPulseira em A\u00e7o.<br \/>\nFuncionamento a pilha.<br \/>\nResist\u00eancia \u00e1 \u00e1gua at\u00e9 100m.<br \/>\nCalend\u00e1rio<br \/>\nMultifun\u00e7\u00f5es<\/p>\n<p>c\u00f3d: 335102<\/p>\n","protected":false},"excerpt":{"rendered":"<p>A Diesel \u00e9 uma marca internacional de lifestyle e inova\u00e7\u00e3o, que produz uma ampla cole\u00e7\u00e3o [&hellip;]<\/p>\n","protected":false},"featured_media":2524,"comment_status":"closed","ping_status":"closed","template":"","meta":[],"product_brand":[197],"product_cat":[31,33],"product_tag":[],"awcf_genero":[],"awcf_material":[],"awcf_cor":[],"awcf_formato":[],"class_list":{"0":"post-2518","1":"product","2":"type-product","3":"status-publish","4":"has-post-thumbnail","6":"product_brand-diesel","7":"product_cat-relogios","8":"product_cat-relogios-masculinos","10":"first","11":"instock","12":"shipping-taxable","13":"purchasable","14":"product-type-simple"},"_links":{"self":[{"href":"https:\/\/www.brasoptica.com.br\/site\/wp-json\/wp\/v2\/product\/2518","targetHints":{"allow":["GET"]}}],"collection":[{"href":"https:\/\/www.brasoptica.com.br\/site\/wp-json\/wp\/v2\/product"}],"about":[{"href":"https:\/\/www.brasoptica.com.br\/site\/wp-json\/wp\/v2\/types\/product"}],"replies":[{"embeddable":true,"href":"https:\/\/www.brasoptica.com.br\/site\/wp-json\/wp\/v2\/comments?post=2518"}],"wp:featuredmedia":[{"embeddable":true,"href":"https:\/\/www.brasoptica.com.br\/site\/wp-json\/wp\/v2\/media\/2524"}],"wp:attachment":[{"href":"https:\/\/www.brasoptica.com.br\/site\/wp-json\/wp\/v2\/media?parent=2518"}],"wp:term":[{"taxonomy":"product_brand","embeddable":true,"href":"https:\/\/www.brasoptica.com.br\/site\/wp-json\/wp\/v2\/product_brand?post=2518"},{"taxonomy":"product_cat","embeddable":true,"href":"https:\/\/www.brasoptica.com.br\/site\/wp-json\/wp\/v2\/product_cat?post=2518"},{"taxonomy":"product_tag","embeddable":true,"href":"https:\/\/www.brasoptica.com.br\/site\/wp-json\/wp\/v2\/product_tag?post=2518"},{"taxonomy":"awcf_genero","embeddable":true,"href":"https:\/\/www.brasoptica.com.br\/site\/wp-json\/wp\/v2\/awcf_genero?post=2518"},{"taxonomy":"awcf_material","embeddable":true,"href":"https:\/\/www.brasoptica.com.br\/site\/wp-json\/wp\/v2\/awcf_material?post=2518"},{"taxonomy":"awcf_cor","embeddable":true,"href":"https:\/\/www.brasoptica.com.br\/site\/wp-json\/wp\/v2\/awcf_cor?post=2518"},{"taxonomy":"awcf_formato","embeddable":true,"href":"https:\/\/www.brasoptica.com.br\/site\/wp-json\/wp\/v2\/awcf_formato?post=2518"}],"curies":[{"name":"wp","href":"https:\/\/api.w.org\/{rel}","templated":true}]}}