{"id":2508,"date":"2025-09-11T09:21:11","date_gmt":"2025-09-11T12:21:11","guid":{"rendered":"https:\/\/www.brasoptica.com.br\/site\/?post_type=product&#038;p=2508"},"modified":"2025-09-12T13:28:57","modified_gmt":"2025-09-12T16:28:57","slug":"relogio-diesel-dz1992b1-svsx","status":"publish","type":"product","link":"https:\/\/www.brasoptica.com.br\/site\/produto\/relogio-diesel-dz1992b1-svsx\/","title":{"rendered":"REL\u00d3GIO DIESEL DZ1992B1 &#8211; SVSX"},"content":{"rendered":"<h3><span style=\"font-family: arial; font-size: x-large;\"><strong>Rel\u00f3gio Masculino\u00a0DIESEL\u00a0ms9<\/strong><\/span><\/h3>\n<h4><span style=\"font-family: arial; font-size: large;\"><strong>Refer\u00eancia\u00a0DIESEL\u00a0do Brasil DZ1992B1 SVSX<\/strong><\/span><\/h4>\n<ul>\n<li>\u25b8M\u00e1quina movida a bateria \/ quartz<\/li>\n<li>\u25b8Mecanismo Anal\u00f3gico com 3 ponteiros<\/li>\n<li>\u25b8Caixa do rel\u00f3gio em a\u00e7o inoxid\u00e1vel prateado<\/li>\n<li>\u25b8Pulseira de a\u00e7o inoxid\u00e1vel prateado<\/li>\n<li>\u25b8Fecho com bot\u00f5es laterais de press\u00e3o para abertura<\/li>\n<li>\u25b8Mostrador branco<\/li>\n<li>\u25b8Vidro de Cristal Mineral com lente de aumento no calend\u00e1rio<\/li>\n<li>\u25b8Rel\u00f3gio com calend\u00e1rio dia do m\u00eas<\/li>\n<li>\u25b8Coroa simples de press\u00e3o padr\u00e3o sem rosca<\/li>\n<li>\u25b8Tampa posterior de press\u00e3o<\/li>\n<li>\u25b8Resist\u00eancia \u00e0 \u00e1gua 5ATM (50M)<\/li>\n<li>Cod:483893<\/li>\n<\/ul>\n<div id=\"heading_additional\" class=\"card-header rounded-0 p-0\">\n<div class=\"p-3 d-flex\" data-toggle=\"collapse\" data-target=\"#collapse_additional\" aria-expanded=\"true\" data-controls=\"collapse_additional\">\n<div class=\"col p-0\">Caracter\u00edsticas<\/div>\n<\/div>\n<\/div>\n<div id=\"collapse_additional\" class=\"collapse show\" aria-labelledby=\"heading_additional\">\n<div class=\"card-body text-left\">\n<div class=\"col-12 characteristics p-0\">\n<table id=\"product-attribute-specs-table\" class=\"table table-borderless table-striped m-0 bg-white border\">\n<colgroup>\n<col width=\"45%\" \/>\n<col \/><\/colgroup>\n<tbody>\n<tr class=\"even\">\n<th>C\u00f3digo<\/th>\n<td class=\"data last\">DZ1992B1 SVSX<\/td>\n<\/tr>\n<tr class=\"odd\">\n<th>ean<\/th>\n<td class=\"data last\">7891529974551<\/td>\n<\/tr>\n<tr class=\"even\">\n<th>G\u00eanero<\/th>\n<td class=\"data last\">Masculino<\/td>\n<\/tr>\n<tr class=\"odd\">\n<th>Caixa<\/th>\n<td class=\"data last\">Redondo<\/td>\n<\/tr>\n<tr class=\"even\">\n<th>Tamanho \/ Percep\u00e7\u00e3o<\/th>\n<td class=\"data last\">M\u00e9dios (entre 38 e 44mm)<\/td>\n<\/tr>\n<tr class=\"odd\">\n<th>Tipo de Mecanismo<\/th>\n<td class=\"data last\">Anal\u00f3gico<\/td>\n<\/tr>\n<tr class=\"even\">\n<th>Caixa do Rel\u00f3gio<\/th>\n<td class=\"data last\">A\u00e7o Inox<\/td>\n<\/tr>\n<tr class=\"odd\">\n<th>Cor Predominante do Rel\u00f3gio<\/th>\n<td class=\"data last\">Prateada<\/td>\n<\/tr>\n<tr class=\"even\">\n<th>Cor Pulseira Rel\u00f3gio<\/th>\n<td class=\"data last\">Prateada<\/td>\n<\/tr>\n<tr class=\"odd\">\n<th>Cor do Mostrador<\/th>\n<td class=\"data last\">Branco<\/td>\n<\/tr>\n<tr class=\"even\">\n<th>Tipo de Pulseira<\/th>\n<td class=\"data last\">A\u00e7o Inox<\/td>\n<\/tr>\n<tr class=\"odd\">\n<th>Modelo Mostrador Rel\u00f3gio<\/th>\n<td class=\"data last\">Apenas cifras<\/td>\n<\/tr>\n<tr class=\"even\">\n<th>Tipo de Vidro<\/th>\n<td class=\"data last\">Cristal Mineral<\/td>\n<\/tr>\n<tr class=\"odd\">\n<th>Tipo de Coroa e Tampa posterior<\/th>\n<td class=\"data last\">Coroa Simples, Tampa de Press\u00e3o<\/td>\n<\/tr>\n<tr class=\"even\">\n<th>Fun\u00e7\u00f5es<\/th>\n<td class=\"data last\">Calendario<\/td>\n<\/tr>\n<tr class=\"odd\">\n<th>Resist\u00eancia a \u00c1gua<\/th>\n<td class=\"data last\">5ATM<\/td>\n<\/tr>\n<tr class=\"even\">\n<th>Garantia<\/th>\n<td class=\"data last\">12 meses<\/td>\n<\/tr>\n<tr class=\"odd\">\n<th>Medidas do Rel\u00f3gio<\/th>\n<td class=\"data last\">44mm<\/td>\n<\/tr>\n<tr class=\"even\">\n<th>Espessura<\/th>\n<td class=\"data last\">12mm<\/td>\n<\/tr>\n<\/tbody>\n<\/table>\n<\/div>\n<\/div>\n<\/div>\n","protected":false},"excerpt":{"rendered":"<p>Rel\u00f3gio Masculino\u00a0DIESEL\u00a0ms9 Refer\u00eancia\u00a0DIESEL\u00a0do Brasil DZ1992B1 SVSX \u25b8M\u00e1quina movida a bateria \/ quartz \u25b8Mecanismo Anal\u00f3gico com [&hellip;]<\/p>\n","protected":false},"featured_media":2514,"comment_status":"closed","ping_status":"closed","template":"","meta":[],"product_brand":[197],"product_cat":[31,33],"product_tag":[],"awcf_genero":[],"awcf_material":[],"awcf_cor":[],"awcf_formato":[],"class_list":{"0":"post-2508","1":"product","2":"type-product","3":"status-publish","4":"has-post-thumbnail","6":"product_brand-diesel","7":"product_cat-relogios","8":"product_cat-relogios-masculinos","10":"first","11":"instock","12":"shipping-taxable","13":"purchasable","14":"product-type-simple"},"_links":{"self":[{"href":"https:\/\/www.brasoptica.com.br\/site\/wp-json\/wp\/v2\/product\/2508","targetHints":{"allow":["GET"]}}],"collection":[{"href":"https:\/\/www.brasoptica.com.br\/site\/wp-json\/wp\/v2\/product"}],"about":[{"href":"https:\/\/www.brasoptica.com.br\/site\/wp-json\/wp\/v2\/types\/product"}],"replies":[{"embeddable":true,"href":"https:\/\/www.brasoptica.com.br\/site\/wp-json\/wp\/v2\/comments?post=2508"}],"wp:featuredmedia":[{"embeddable":true,"href":"https:\/\/www.brasoptica.com.br\/site\/wp-json\/wp\/v2\/media\/2514"}],"wp:attachment":[{"href":"https:\/\/www.brasoptica.com.br\/site\/wp-json\/wp\/v2\/media?parent=2508"}],"wp:term":[{"taxonomy":"product_brand","embeddable":true,"href":"https:\/\/www.brasoptica.com.br\/site\/wp-json\/wp\/v2\/product_brand?post=2508"},{"taxonomy":"product_cat","embeddable":true,"href":"https:\/\/www.brasoptica.com.br\/site\/wp-json\/wp\/v2\/product_cat?post=2508"},{"taxonomy":"product_tag","embeddable":true,"href":"https:\/\/www.brasoptica.com.br\/site\/wp-json\/wp\/v2\/product_tag?post=2508"},{"taxonomy":"awcf_genero","embeddable":true,"href":"https:\/\/www.brasoptica.com.br\/site\/wp-json\/wp\/v2\/awcf_genero?post=2508"},{"taxonomy":"awcf_material","embeddable":true,"href":"https:\/\/www.brasoptica.com.br\/site\/wp-json\/wp\/v2\/awcf_material?post=2508"},{"taxonomy":"awcf_cor","embeddable":true,"href":"https:\/\/www.brasoptica.com.br\/site\/wp-json\/wp\/v2\/awcf_cor?post=2508"},{"taxonomy":"awcf_formato","embeddable":true,"href":"https:\/\/www.brasoptica.com.br\/site\/wp-json\/wp\/v2\/awcf_formato?post=2508"}],"curies":[{"name":"wp","href":"https:\/\/api.w.org\/{rel}","templated":true}]}}