{"id":2484,"date":"2025-09-10T16:42:46","date_gmt":"2025-09-10T19:42:46","guid":{"rendered":"https:\/\/www.brasoptica.com.br\/site\/?post_type=product&#038;p=2484"},"modified":"2025-09-12T13:18:38","modified_gmt":"2025-09-12T16:18:38","slug":"solar-fendi-ff0286-s-ddb63ha","status":"publish","type":"product","link":"https:\/\/www.brasoptica.com.br\/site\/produto\/solar-fendi-ff0286-s-ddb63ha\/","title":{"rendered":"SOLAR FENDI &#8211; FF0286\/S DDB63HA"},"content":{"rendered":"<h3 data-start=\"105\" data-end=\"185\">Arma\u00e7\u00e3o Fendi FF0286\/S DDB63HA \u2013 Aviador Dourado com Lentes Gradiente Marrom<\/h3>\n<p data-start=\"187\" data-end=\"499\">A <strong data-start=\"189\" data-end=\"215\">Fendi FF0286\/S DDB63HA<\/strong> \u00e9 uma arma\u00e7\u00e3o feminina que combina o design sofisticado da Fendi com um toque moderno. Seu formato aviador em metal dourado, com lentes gradiente marrom, oferece um visual elegante e contempor\u00e2neo. O modelo destaca-se pelo detalhe nas hastes, conferindo sofistica\u00e7\u00e3o e estilo \u00e0 pe\u00e7a.<\/p>\n<p data-start=\"501\" data-end=\"525\"><strong data-start=\"501\" data-end=\"525\">Detalhes do produto:<\/strong><\/p>\n<ul data-start=\"526\" data-end=\"778\">\n<li data-start=\"526\" data-end=\"548\">\n<p data-start=\"528\" data-end=\"548\"><strong data-start=\"528\" data-end=\"540\">Formato:<\/strong> Aviador<\/p>\n<\/li>\n<li data-start=\"549\" data-end=\"570\">\n<p data-start=\"551\" data-end=\"570\"><strong data-start=\"551\" data-end=\"564\">Material:<\/strong> Metal<\/p>\n<\/li>\n<li data-start=\"571\" data-end=\"600\">\n<p data-start=\"573\" data-end=\"600\"><strong data-start=\"573\" data-end=\"592\">Cor da arma\u00e7\u00e3o:<\/strong> Dourado<\/p>\n<\/li>\n<li data-start=\"601\" data-end=\"637\">\n<p data-start=\"603\" data-end=\"637\"><strong data-start=\"603\" data-end=\"620\">Cor da lente:<\/strong> Marrom gradiente<\/p>\n<\/li>\n<li data-start=\"638\" data-end=\"668\">\n<p data-start=\"640\" data-end=\"668\"><strong data-start=\"640\" data-end=\"662\">Material da lente:<\/strong> Nylon<\/p>\n<\/li>\n<li data-start=\"669\" data-end=\"693\">\n<p data-start=\"671\" data-end=\"693\"><strong data-start=\"671\" data-end=\"683\">Tamanho:<\/strong> 63-13-135<\/p>\n<\/li>\n<li data-start=\"694\" data-end=\"721\">\n<p data-start=\"696\" data-end=\"721\"><strong data-start=\"696\" data-end=\"712\">Tipo de aro:<\/strong> Full rim<\/p>\n<\/li>\n<li data-start=\"722\" data-end=\"744\">\n<p data-start=\"724\" data-end=\"744\"><strong data-start=\"724\" data-end=\"735\">G\u00eanero:<\/strong> Feminino<\/p>\n<\/li>\n<\/ul>\n<p>c\u00f3d: 330679<\/p>\n","protected":false},"excerpt":{"rendered":"<p>Arma\u00e7\u00e3o Fendi FF0286\/S DDB63HA \u2013 Aviador Dourado com Lentes Gradiente Marrom A Fendi FF0286\/S DDB63HA [&hellip;]<\/p>\n","protected":false},"featured_media":2486,"comment_status":"closed","ping_status":"closed","template":"","meta":[],"product_brand":[165],"product_cat":[53,62],"product_tag":[],"awcf_genero":[],"awcf_material":[],"awcf_cor":[],"awcf_formato":[],"class_list":{"0":"post-2484","1":"product","2":"type-product","3":"status-publish","4":"has-post-thumbnail","6":"product_brand-fendi","7":"product_cat-armacoes-solares","8":"product_cat-solares-femininos","10":"first","11":"instock","12":"shipping-taxable","13":"purchasable","14":"product-type-simple"},"_links":{"self":[{"href":"https:\/\/www.brasoptica.com.br\/site\/wp-json\/wp\/v2\/product\/2484","targetHints":{"allow":["GET"]}}],"collection":[{"href":"https:\/\/www.brasoptica.com.br\/site\/wp-json\/wp\/v2\/product"}],"about":[{"href":"https:\/\/www.brasoptica.com.br\/site\/wp-json\/wp\/v2\/types\/product"}],"replies":[{"embeddable":true,"href":"https:\/\/www.brasoptica.com.br\/site\/wp-json\/wp\/v2\/comments?post=2484"}],"wp:featuredmedia":[{"embeddable":true,"href":"https:\/\/www.brasoptica.com.br\/site\/wp-json\/wp\/v2\/media\/2486"}],"wp:attachment":[{"href":"https:\/\/www.brasoptica.com.br\/site\/wp-json\/wp\/v2\/media?parent=2484"}],"wp:term":[{"taxonomy":"product_brand","embeddable":true,"href":"https:\/\/www.brasoptica.com.br\/site\/wp-json\/wp\/v2\/product_brand?post=2484"},{"taxonomy":"product_cat","embeddable":true,"href":"https:\/\/www.brasoptica.com.br\/site\/wp-json\/wp\/v2\/product_cat?post=2484"},{"taxonomy":"product_tag","embeddable":true,"href":"https:\/\/www.brasoptica.com.br\/site\/wp-json\/wp\/v2\/product_tag?post=2484"},{"taxonomy":"awcf_genero","embeddable":true,"href":"https:\/\/www.brasoptica.com.br\/site\/wp-json\/wp\/v2\/awcf_genero?post=2484"},{"taxonomy":"awcf_material","embeddable":true,"href":"https:\/\/www.brasoptica.com.br\/site\/wp-json\/wp\/v2\/awcf_material?post=2484"},{"taxonomy":"awcf_cor","embeddable":true,"href":"https:\/\/www.brasoptica.com.br\/site\/wp-json\/wp\/v2\/awcf_cor?post=2484"},{"taxonomy":"awcf_formato","embeddable":true,"href":"https:\/\/www.brasoptica.com.br\/site\/wp-json\/wp\/v2\/awcf_formato?post=2484"}],"curies":[{"name":"wp","href":"https:\/\/api.w.org\/{rel}","templated":true}]}}