{"id":2306,"date":"2025-09-10T10:32:21","date_gmt":"2025-09-10T13:32:21","guid":{"rendered":"https:\/\/www.brasoptica.com.br\/site\/?post_type=product&#038;p=2306"},"modified":"2025-09-12T13:04:07","modified_gmt":"2025-09-12T16:04:07","slug":"solar-hb-oc-hb-split-carvin-matte-black-gray","status":"publish","type":"product","link":"https:\/\/www.brasoptica.com.br\/site\/produto\/solar-hb-oc-hb-split-carvin-matte-black-gray\/","title":{"rendered":"SOLAR HB OC HB SPLIT CARVIN MATTE BLACK GRAY"},"content":{"rendered":"<h2 data-start=\"123\" data-end=\"189\">HB Split Carvin Matte Black Gray \u2013 Preto Fosco com Lentes Cinza<\/h2>\n<p data-start=\"191\" data-end=\"453\">O <strong data-start=\"193\" data-end=\"229\">HB Split Carvin Matte Black Gray<\/strong> \u00e9 um modelo solar unissex que combina estilo contempor\u00e2neo com um toque ousado. Sua arma\u00e7\u00e3o em acetato preto fosco proporciona um visual sofisticado e moderno, ideal para quem busca um acess\u00f3rio de luxo discreto e refinado.<\/p>\n<p data-start=\"455\" data-end=\"593\">As lentes cinza oferecem excelente prote\u00e7\u00e3o contra os raios UVA e UVB, garantindo conforto visual em diferentes condi\u00e7\u00f5es de luminosidade.<\/p>\n<p data-start=\"595\" data-end=\"617\"><strong data-start=\"595\" data-end=\"617\">Detalhes t\u00e9cnicos:<\/strong><\/p>\n<ul data-start=\"619\" data-end=\"1246\">\n<li data-start=\"619\" data-end=\"645\">\n<p data-start=\"621\" data-end=\"645\"><strong data-start=\"621\" data-end=\"632\">Modelo:<\/strong> Split Carvin<\/p>\n<\/li>\n<li data-start=\"646\" data-end=\"679\">\n<p data-start=\"648\" data-end=\"679\"><strong data-start=\"648\" data-end=\"667\">Cor da arma\u00e7\u00e3o:<\/strong> Preto fosco<\/p>\n<\/li>\n<li data-start=\"680\" data-end=\"707\">\n<p data-start=\"682\" data-end=\"707\"><strong data-start=\"682\" data-end=\"701\">Cor das lentes:<\/strong> Cinza<\/p>\n<\/li>\n<li data-start=\"708\" data-end=\"742\">\n<p data-start=\"710\" data-end=\"742\"><strong data-start=\"710\" data-end=\"734\">Material da arma\u00e7\u00e3o:<\/strong> Acetato<\/p>\n<\/li>\n<li data-start=\"743\" data-end=\"806\">\n<p data-start=\"745\" data-end=\"806\"><strong data-start=\"745\" data-end=\"763\">Tipo de lente:<\/strong> Comum<\/p>\n<\/li>\n<li data-start=\"807\" data-end=\"862\">\n<p data-start=\"809\" data-end=\"862\"><strong data-start=\"809\" data-end=\"822\">Prote\u00e7\u00e3o:<\/strong> UV400 (prote\u00e7\u00e3o contra raios UVA e UVB)<\/p>\n<\/li>\n<li data-start=\"863\" data-end=\"947\">\n<p data-start=\"865\" data-end=\"947\"><strong data-start=\"865\" data-end=\"877\">Tamanho:<\/strong> Aproximadamente 60-16-136 mm (lente 60 mm, ponte 16 mm, haste 136 mm)<\/p>\n<\/li>\n<li data-start=\"948\" data-end=\"969\">\n<p data-start=\"950\" data-end=\"969\"><strong data-start=\"950\" data-end=\"961\">G\u00eanero:<\/strong> Masculino<\/p>\n<\/li>\n<li data-start=\"970\" data-end=\"1070\">\n<p data-start=\"972\" data-end=\"1070\"><strong data-start=\"972\" data-end=\"983\">Estilo:<\/strong> Design moderno com lentes independentes e frontal em polytech com detalhes estilizados<\/p>\n<\/li>\n<li data-start=\"1071\" data-end=\"1246\">\n<p data-start=\"1073\" data-end=\"1246\"><strong data-start=\"1073\" data-end=\"1099\">Cod:471720<\/strong><\/p>\n<\/li>\n<li data-start=\"1071\" data-end=\"1246\">\n<p data-start=\"1073\" data-end=\"1246\"><strong data-start=\"1073\" data-end=\"1099\">Tecnologia das lentes:<\/strong> Policarbonato com tecnologia Photon, proporcionando vis\u00e3o n\u00edtida e precisa, com atenua\u00e7\u00e3o da luz azul danosa<\/p>\n<\/li>\n<\/ul>\n","protected":false},"excerpt":{"rendered":"<p>HB Split Carvin Matte Black Gray \u2013 Preto Fosco com Lentes Cinza O HB Split [&hellip;]<\/p>\n","protected":false},"featured_media":2310,"comment_status":"closed","ping_status":"closed","template":"","meta":[],"product_brand":[194],"product_cat":[53,61],"product_tag":[],"awcf_genero":[],"awcf_material":[],"awcf_cor":[],"awcf_formato":[],"class_list":{"0":"post-2306","1":"product","2":"type-product","3":"status-publish","4":"has-post-thumbnail","6":"product_brand-hb","7":"product_cat-armacoes-solares","8":"product_cat-solares-masculinos","10":"first","11":"instock","12":"shipping-taxable","13":"purchasable","14":"product-type-simple"},"_links":{"self":[{"href":"https:\/\/www.brasoptica.com.br\/site\/wp-json\/wp\/v2\/product\/2306","targetHints":{"allow":["GET"]}}],"collection":[{"href":"https:\/\/www.brasoptica.com.br\/site\/wp-json\/wp\/v2\/product"}],"about":[{"href":"https:\/\/www.brasoptica.com.br\/site\/wp-json\/wp\/v2\/types\/product"}],"replies":[{"embeddable":true,"href":"https:\/\/www.brasoptica.com.br\/site\/wp-json\/wp\/v2\/comments?post=2306"}],"wp:featuredmedia":[{"embeddable":true,"href":"https:\/\/www.brasoptica.com.br\/site\/wp-json\/wp\/v2\/media\/2310"}],"wp:attachment":[{"href":"https:\/\/www.brasoptica.com.br\/site\/wp-json\/wp\/v2\/media?parent=2306"}],"wp:term":[{"taxonomy":"product_brand","embeddable":true,"href":"https:\/\/www.brasoptica.com.br\/site\/wp-json\/wp\/v2\/product_brand?post=2306"},{"taxonomy":"product_cat","embeddable":true,"href":"https:\/\/www.brasoptica.com.br\/site\/wp-json\/wp\/v2\/product_cat?post=2306"},{"taxonomy":"product_tag","embeddable":true,"href":"https:\/\/www.brasoptica.com.br\/site\/wp-json\/wp\/v2\/product_tag?post=2306"},{"taxonomy":"awcf_genero","embeddable":true,"href":"https:\/\/www.brasoptica.com.br\/site\/wp-json\/wp\/v2\/awcf_genero?post=2306"},{"taxonomy":"awcf_material","embeddable":true,"href":"https:\/\/www.brasoptica.com.br\/site\/wp-json\/wp\/v2\/awcf_material?post=2306"},{"taxonomy":"awcf_cor","embeddable":true,"href":"https:\/\/www.brasoptica.com.br\/site\/wp-json\/wp\/v2\/awcf_cor?post=2306"},{"taxonomy":"awcf_formato","embeddable":true,"href":"https:\/\/www.brasoptica.com.br\/site\/wp-json\/wp\/v2\/awcf_formato?post=2306"}],"curies":[{"name":"wp","href":"https:\/\/api.w.org\/{rel}","templated":true}]}}