{"id":2130,"date":"2025-09-09T15:37:45","date_gmt":"2025-09-09T18:37:45","guid":{"rendered":"https:\/\/www.brasoptica.com.br\/site\/?post_type=product&#038;p=2130"},"modified":"2025-09-12T13:04:08","modified_gmt":"2025-09-12T16:04:08","slug":"armacao-gucci-gg1423o-001-50","status":"publish","type":"product","link":"https:\/\/www.brasoptica.com.br\/site\/produto\/armacao-gucci-gg1423o-001-50\/","title":{"rendered":"ARMA\u00c7\u00c3O GUCCI GG1423O-001 50"},"content":{"rendered":"<h3 data-start=\"205\" data-end=\"250\"><strong data-start=\"209\" data-end=\"250\">Gucci GG1423O-001 50 \u2013 Preto Cl\u00e1ssico<\/strong><\/h3>\n<p data-start=\"252\" data-end=\"606\">O <strong data-start=\"254\" data-end=\"278\">Gucci GG1423O-001 50<\/strong> \u00e9 uma arma\u00e7\u00e3o de grau feminina com um design <strong data-start=\"324\" data-end=\"357\">cat-eye arredondado (panthos)<\/strong> e estrutura ousada em acetato reciclado, perfeito para quem busca um acess\u00f3rio de luxo com estilo e contemporaneidade. A lente levemente oval com bordas supra dimensionadas confere um visual marcante e moderno.<\/p>\n<p data-start=\"608\" data-end=\"910\">Fabricada em <strong data-start=\"621\" data-end=\"660\">acetato de alta qualidade<\/strong>, essa arma\u00e7\u00e3o oferece leveza, conforto e excelente durabilidade para uso di\u00e1rio. Nas hastes, destaca-se o lettering &#8220;Gucci&#8221;, alinhado ao DNA moderno da cole\u00e7\u00e3o GG Logo, trazendo eleg\u00e2ncia e identidade ao design.<\/p>\n<p data-start=\"912\" data-end=\"1115\">Na cor <strong data-start=\"919\" data-end=\"950\">preto brilhante (Black 001)<\/strong>, o modelo transmite sofistica\u00e7\u00e3o e versatilidade, harmonizando-se facilmente com diferentes looks ocasionais ou profissionais.<\/p>\n<hr data-start=\"1117\" data-end=\"1120\" \/>\n<h3 data-start=\"1122\" data-end=\"1147\"><strong data-start=\"1126\" data-end=\"1147\">Detalhes t\u00e9cnicos<\/strong><\/h3>\n<ul data-start=\"1149\" data-end=\"1622\">\n<li data-start=\"1149\" data-end=\"1179\">\n<p data-start=\"1151\" data-end=\"1179\"><strong data-start=\"1151\" data-end=\"1162\">Modelo:<\/strong> GG1423O-001 50<\/p>\n<\/li>\n<li data-start=\"1180\" data-end=\"1239\">\n<p data-start=\"1182\" data-end=\"1239\"><strong data-start=\"1182\" data-end=\"1205\">Formato da arma\u00e7\u00e3o:<\/strong> Cat-eye arredondado (&#8220;panthos&#8221;)<\/p>\n<\/li>\n<li data-start=\"1240\" data-end=\"1286\">\n<p data-start=\"1242\" data-end=\"1286\"><strong data-start=\"1242\" data-end=\"1266\">Material da arma\u00e7\u00e3o:<\/strong> Acetato<\/p>\n<\/li>\n<li data-start=\"1240\" data-end=\"1286\">\n<p data-start=\"1242\" data-end=\"1286\"><strong data-start=\"1289\" data-end=\"1308\">Cor da arma\u00e7\u00e3o:<\/strong> Preto brilhante<\/p>\n<\/li>\n<li data-start=\"1327\" data-end=\"1394\">\n<p data-start=\"1329\" data-end=\"1394\"><strong data-start=\"1329\" data-end=\"1348\">Cor das hastes:<\/strong> Preto brilhante com logo &#8220;Gucci&#8221; nas hastes<\/p>\n<\/li>\n<li data-start=\"1395\" data-end=\"1503\">\n<p data-start=\"1397\" data-end=\"1503\"><strong data-start=\"1397\" data-end=\"1409\">Tamanho:<\/strong> 50-23-145 mm (lente 50 mm, ponte 23 mm, haste 145 mm)<\/p>\n<\/li>\n<li data-start=\"1504\" data-end=\"1605\">\n<p data-start=\"1506\" data-end=\"1605\"><strong data-start=\"1506\" data-end=\"1517\">G\u00eanero:<\/strong> Feminino<\/p>\n<\/li>\n<li data-start=\"1504\" data-end=\"1605\">\n<p data-start=\"1506\" data-end=\"1605\"><strong data-start=\"1608\" data-end=\"1616\">Cod:<\/strong> 498210<\/p>\n<\/li>\n<\/ul>\n","protected":false},"excerpt":{"rendered":"<p>Gucci GG1423O-001 50 \u2013 Preto Cl\u00e1ssico O Gucci GG1423O-001 50 \u00e9 uma arma\u00e7\u00e3o de grau [&hellip;]<\/p>\n","protected":false},"featured_media":2131,"comment_status":"closed","ping_status":"closed","template":"","meta":[],"product_brand":[167],"product_cat":[42,64],"product_tag":[],"awcf_genero":[],"awcf_material":[],"awcf_cor":[],"awcf_formato":[],"class_list":{"0":"post-2130","1":"product","2":"type-product","3":"status-publish","4":"has-post-thumbnail","6":"product_brand-gucci","7":"product_cat-armacoes-de-grau","8":"product_cat-armacoes-femininas","10":"first","11":"instock","12":"shipping-taxable","13":"purchasable","14":"product-type-simple"},"_links":{"self":[{"href":"https:\/\/www.brasoptica.com.br\/site\/wp-json\/wp\/v2\/product\/2130","targetHints":{"allow":["GET"]}}],"collection":[{"href":"https:\/\/www.brasoptica.com.br\/site\/wp-json\/wp\/v2\/product"}],"about":[{"href":"https:\/\/www.brasoptica.com.br\/site\/wp-json\/wp\/v2\/types\/product"}],"replies":[{"embeddable":true,"href":"https:\/\/www.brasoptica.com.br\/site\/wp-json\/wp\/v2\/comments?post=2130"}],"wp:featuredmedia":[{"embeddable":true,"href":"https:\/\/www.brasoptica.com.br\/site\/wp-json\/wp\/v2\/media\/2131"}],"wp:attachment":[{"href":"https:\/\/www.brasoptica.com.br\/site\/wp-json\/wp\/v2\/media?parent=2130"}],"wp:term":[{"taxonomy":"product_brand","embeddable":true,"href":"https:\/\/www.brasoptica.com.br\/site\/wp-json\/wp\/v2\/product_brand?post=2130"},{"taxonomy":"product_cat","embeddable":true,"href":"https:\/\/www.brasoptica.com.br\/site\/wp-json\/wp\/v2\/product_cat?post=2130"},{"taxonomy":"product_tag","embeddable":true,"href":"https:\/\/www.brasoptica.com.br\/site\/wp-json\/wp\/v2\/product_tag?post=2130"},{"taxonomy":"awcf_genero","embeddable":true,"href":"https:\/\/www.brasoptica.com.br\/site\/wp-json\/wp\/v2\/awcf_genero?post=2130"},{"taxonomy":"awcf_material","embeddable":true,"href":"https:\/\/www.brasoptica.com.br\/site\/wp-json\/wp\/v2\/awcf_material?post=2130"},{"taxonomy":"awcf_cor","embeddable":true,"href":"https:\/\/www.brasoptica.com.br\/site\/wp-json\/wp\/v2\/awcf_cor?post=2130"},{"taxonomy":"awcf_formato","embeddable":true,"href":"https:\/\/www.brasoptica.com.br\/site\/wp-json\/wp\/v2\/awcf_formato?post=2130"}],"curies":[{"name":"wp","href":"https:\/\/api.w.org\/{rel}","templated":true}]}}