{"id":1931,"date":"2025-09-09T09:49:41","date_gmt":"2025-09-09T12:49:41","guid":{"rendered":"https:\/\/www.brasoptica.com.br\/site\/?post_type=product&#038;p=1931"},"modified":"2025-09-12T13:04:08","modified_gmt":"2025-09-12T16:04:08","slug":"armacao-gucci-gg1258o-004-53","status":"publish","type":"product","link":"https:\/\/www.brasoptica.com.br\/site\/produto\/armacao-gucci-gg1258o-004-53\/","title":{"rendered":"ARMA\u00c7\u00c3O GUCCI GG1258O-004 53"},"content":{"rendered":"<h3 data-start=\"148\" data-end=\"194\"><strong data-start=\"152\" data-end=\"194\">Gucci GG1258O-004 53 \u2013 Preto Brilhante<\/strong><\/h3>\n<p data-start=\"196\" data-end=\"454\">O <strong data-start=\"198\" data-end=\"222\">Gucci GG1258O-004 53<\/strong> \u00e9 uma arma\u00e7\u00e3o de grau feminina que combina eleg\u00e2ncia cl\u00e1ssica com um toque contempor\u00e2neo. Seu design quadrado e sofisticado confere um visual atemporal, ideal para quem busca um acess\u00f3rio de luxo que se adapta a diferentes estilos.<\/p>\n<p data-start=\"456\" data-end=\"695\">Fabricada em acetato de alta qualidade, a arma\u00e7\u00e3o oferece conforto, leveza e durabilidade durante o uso di\u00e1rio. As hastes apresentam o ic\u00f4nico logotipo entrela\u00e7ado &#8220;GG&#8221; em metal dourado, conferindo um toque de exclusividade e sofistica\u00e7\u00e3o.<\/p>\n<p data-start=\"697\" data-end=\"831\">Na cor <strong data-start=\"704\" data-end=\"723\">preto brilhante<\/strong>, o modelo transmite um estilo cl\u00e1ssico e discreto, harmonizando facilmente com diferentes looks e ocasi\u00f5es.<\/p>\n<p data-start=\"833\" data-end=\"854\"><strong data-start=\"833\" data-end=\"854\">Detalhes t\u00e9cnicos<\/strong><\/p>\n<ul data-start=\"856\" data-end=\"1126\">\n<li data-start=\"856\" data-end=\"880\">\n<p data-start=\"858\" data-end=\"880\">Modelo: GG1258O-004 53<\/p>\n<\/li>\n<li data-start=\"881\" data-end=\"911\">\n<p data-start=\"883\" data-end=\"911\">Formato da arma\u00e7\u00e3o: Quadrado<\/p>\n<\/li>\n<li data-start=\"912\" data-end=\"942\">\n<p data-start=\"914\" data-end=\"942\">Material da arma\u00e7\u00e3o: Acetato<\/p>\n<\/li>\n<li data-start=\"943\" data-end=\"976\">\n<p data-start=\"945\" data-end=\"976\">Cor da arma\u00e7\u00e3o: Preto brilhante<\/p>\n<\/li>\n<li data-start=\"977\" data-end=\"1034\">\n<p data-start=\"979\" data-end=\"1034\">Cor das hastes: Preto brilhante com logotipo GG dourado<\/p>\n<\/li>\n<li data-start=\"1035\" data-end=\"1096\">\n<p data-start=\"1037\" data-end=\"1096\">Tamanho: 53-19-140 (lente 53 mm, ponte 19 mm, haste 140 mm)<\/p>\n<\/li>\n<li data-start=\"1097\" data-end=\"1115\">\n<p data-start=\"1099\" data-end=\"1115\">G\u00eanero: Feminino<\/p>\n<\/li>\n<li data-start=\"1116\" data-end=\"1126\">\n<p data-start=\"1118\" data-end=\"1126\">Cod:498197<\/p>\n<\/li>\n<\/ul>\n","protected":false},"excerpt":{"rendered":"<p>Gucci GG1258O-004 53 \u2013 Preto Brilhante O Gucci GG1258O-004 53 \u00e9 uma arma\u00e7\u00e3o de grau [&hellip;]<\/p>\n","protected":false},"featured_media":2063,"comment_status":"closed","ping_status":"closed","template":"","meta":[],"product_brand":[167],"product_cat":[42,64],"product_tag":[],"awcf_genero":[],"awcf_material":[],"awcf_cor":[],"awcf_formato":[],"class_list":{"0":"post-1931","1":"product","2":"type-product","3":"status-publish","4":"has-post-thumbnail","6":"product_brand-gucci","7":"product_cat-armacoes-de-grau","8":"product_cat-armacoes-femininas","10":"first","11":"instock","12":"shipping-taxable","13":"purchasable","14":"product-type-simple"},"_links":{"self":[{"href":"https:\/\/www.brasoptica.com.br\/site\/wp-json\/wp\/v2\/product\/1931","targetHints":{"allow":["GET"]}}],"collection":[{"href":"https:\/\/www.brasoptica.com.br\/site\/wp-json\/wp\/v2\/product"}],"about":[{"href":"https:\/\/www.brasoptica.com.br\/site\/wp-json\/wp\/v2\/types\/product"}],"replies":[{"embeddable":true,"href":"https:\/\/www.brasoptica.com.br\/site\/wp-json\/wp\/v2\/comments?post=1931"}],"wp:featuredmedia":[{"embeddable":true,"href":"https:\/\/www.brasoptica.com.br\/site\/wp-json\/wp\/v2\/media\/2063"}],"wp:attachment":[{"href":"https:\/\/www.brasoptica.com.br\/site\/wp-json\/wp\/v2\/media?parent=1931"}],"wp:term":[{"taxonomy":"product_brand","embeddable":true,"href":"https:\/\/www.brasoptica.com.br\/site\/wp-json\/wp\/v2\/product_brand?post=1931"},{"taxonomy":"product_cat","embeddable":true,"href":"https:\/\/www.brasoptica.com.br\/site\/wp-json\/wp\/v2\/product_cat?post=1931"},{"taxonomy":"product_tag","embeddable":true,"href":"https:\/\/www.brasoptica.com.br\/site\/wp-json\/wp\/v2\/product_tag?post=1931"},{"taxonomy":"awcf_genero","embeddable":true,"href":"https:\/\/www.brasoptica.com.br\/site\/wp-json\/wp\/v2\/awcf_genero?post=1931"},{"taxonomy":"awcf_material","embeddable":true,"href":"https:\/\/www.brasoptica.com.br\/site\/wp-json\/wp\/v2\/awcf_material?post=1931"},{"taxonomy":"awcf_cor","embeddable":true,"href":"https:\/\/www.brasoptica.com.br\/site\/wp-json\/wp\/v2\/awcf_cor?post=1931"},{"taxonomy":"awcf_formato","embeddable":true,"href":"https:\/\/www.brasoptica.com.br\/site\/wp-json\/wp\/v2\/awcf_formato?post=1931"}],"curies":[{"name":"wp","href":"https:\/\/api.w.org\/{rel}","templated":true}]}}