{"id":1800,"date":"2025-09-04T15:09:28","date_gmt":"2025-09-04T18:09:28","guid":{"rendered":"https:\/\/www.brasoptica.com.br\/site\/?post_type=product&#038;p=1800"},"modified":"2025-09-12T13:40:02","modified_gmt":"2025-09-12T16:40:02","slug":"solar-burberry-be4407-38538754","status":"publish","type":"product","link":"https:\/\/www.brasoptica.com.br\/site\/produto\/solar-burberry-be4407-38538754\/","title":{"rendered":"SOLAR BURBERRY BE4407 38538754"},"content":{"rendered":"<h2 data-start=\"2398\" data-end=\"2444\"><strong data-start=\"2401\" data-end=\"2444\">\u00d3culos de Sol Burberry BE4407 385387 54<\/strong><\/h2>\n<p data-start=\"2446\" data-end=\"2661\">Eleve seu visual com o estilo ic\u00f4nico dos <strong data-start=\"2488\" data-end=\"2521\">\u00d3culos de Sol Burberry BE4407<\/strong>. Com formato <em data-start=\"2535\" data-end=\"2544\">cat-eye<\/em>, acabamento em acetato preto e lentes cinza escuro, este modelo une eleg\u00e2ncia cl\u00e1ssica e feminilidade contempor\u00e2nea.<\/p>\n<p data-start=\"2663\" data-end=\"2688\"><strong data-start=\"2663\" data-end=\"2688\">Destaques do produto:<\/strong><\/p>\n<ul data-start=\"2689\" data-end=\"3164\">\n<li data-start=\"2689\" data-end=\"2759\">\n<p data-start=\"2691\" data-end=\"2759\"><strong data-start=\"2691\" data-end=\"2713\">Silhueta marcante:<\/strong> Cat-eye, que real\u00e7a o olhar com sofistica\u00e7\u00e3o.<\/p>\n<\/li>\n<li data-start=\"2760\" data-end=\"2833\">\n<p data-start=\"2762\" data-end=\"2833\"><strong data-start=\"2762\" data-end=\"2783\">Material premium:<\/strong> Acetato resistente e leve, com design <em data-start=\"2822\" data-end=\"2832\">full rim<\/em>.<\/p>\n<\/li>\n<li data-start=\"2834\" data-end=\"2924\">\n<p data-start=\"2836\" data-end=\"2924\"><strong data-start=\"2836\" data-end=\"2855\">Medidas ideais:<\/strong> Lente 54 mm \u2022 Ponte 17 mm \u2022 Haste 140 mm \u2022 Altura da lente ~46,9 mm.<\/p>\n<\/li>\n<li data-start=\"2925\" data-end=\"3036\">\n<p data-start=\"2927\" data-end=\"3036\"><strong data-start=\"2927\" data-end=\"2950\">Prote\u00e7\u00e3o eficiente:<\/strong> Lentes cinza escuro, com vers\u00f5es s\u00f3lidas ou polarizadas, e tratamento anti-arranh\u00f5es.<\/p>\n<\/li>\n<li data-start=\"3037\" data-end=\"3102\">\n<p data-start=\"3039\" data-end=\"3102\"><strong data-start=\"3039\" data-end=\"3064\">Acess\u00f3rios completos:<\/strong> Acompanha estojo e flanela originais.<\/p>\n<\/li>\n<\/ul>\n<p data-start=\"3166\" data-end=\"3319\">Perfeito para mulheres que buscam um acess\u00f3rio atemporal, pr\u00e1tico e cheio de personalidade \u2014 ideal tanto para o dia a dia quanto para ocasi\u00f5es especiais.<\/p>\n<p data-start=\"3166\" data-end=\"3319\">c\u00f3d: 497845<\/p>\n","protected":false},"excerpt":{"rendered":"<p>\u00d3culos de Sol Burberry BE4407 385387 54 Eleve seu visual com o estilo ic\u00f4nico dos [&hellip;]<\/p>\n","protected":false},"featured_media":1808,"comment_status":"closed","ping_status":"closed","template":"","meta":[],"product_brand":[159],"product_cat":[53,62],"product_tag":[],"awcf_genero":[],"awcf_material":[],"awcf_cor":[],"awcf_formato":[],"class_list":{"0":"post-1800","1":"product","2":"type-product","3":"status-publish","4":"has-post-thumbnail","6":"product_brand-burberry","7":"product_cat-armacoes-solares","8":"product_cat-solares-femininos","10":"first","11":"instock","12":"shipping-taxable","13":"purchasable","14":"product-type-simple"},"_links":{"self":[{"href":"https:\/\/www.brasoptica.com.br\/site\/wp-json\/wp\/v2\/product\/1800","targetHints":{"allow":["GET"]}}],"collection":[{"href":"https:\/\/www.brasoptica.com.br\/site\/wp-json\/wp\/v2\/product"}],"about":[{"href":"https:\/\/www.brasoptica.com.br\/site\/wp-json\/wp\/v2\/types\/product"}],"replies":[{"embeddable":true,"href":"https:\/\/www.brasoptica.com.br\/site\/wp-json\/wp\/v2\/comments?post=1800"}],"wp:featuredmedia":[{"embeddable":true,"href":"https:\/\/www.brasoptica.com.br\/site\/wp-json\/wp\/v2\/media\/1808"}],"wp:attachment":[{"href":"https:\/\/www.brasoptica.com.br\/site\/wp-json\/wp\/v2\/media?parent=1800"}],"wp:term":[{"taxonomy":"product_brand","embeddable":true,"href":"https:\/\/www.brasoptica.com.br\/site\/wp-json\/wp\/v2\/product_brand?post=1800"},{"taxonomy":"product_cat","embeddable":true,"href":"https:\/\/www.brasoptica.com.br\/site\/wp-json\/wp\/v2\/product_cat?post=1800"},{"taxonomy":"product_tag","embeddable":true,"href":"https:\/\/www.brasoptica.com.br\/site\/wp-json\/wp\/v2\/product_tag?post=1800"},{"taxonomy":"awcf_genero","embeddable":true,"href":"https:\/\/www.brasoptica.com.br\/site\/wp-json\/wp\/v2\/awcf_genero?post=1800"},{"taxonomy":"awcf_material","embeddable":true,"href":"https:\/\/www.brasoptica.com.br\/site\/wp-json\/wp\/v2\/awcf_material?post=1800"},{"taxonomy":"awcf_cor","embeddable":true,"href":"https:\/\/www.brasoptica.com.br\/site\/wp-json\/wp\/v2\/awcf_cor?post=1800"},{"taxonomy":"awcf_formato","embeddable":true,"href":"https:\/\/www.brasoptica.com.br\/site\/wp-json\/wp\/v2\/awcf_formato?post=1800"}],"curies":[{"name":"wp","href":"https:\/\/api.w.org\/{rel}","templated":true}]}}