{"id":16370,"date":"2026-03-17T14:46:58","date_gmt":"2026-03-17T17:46:58","guid":{"rendered":"https:\/\/www.brasoptica.com.br\/site\/?post_type=product&#038;p=16370"},"modified":"2026-03-17T16:06:41","modified_gmt":"2026-03-17T19:06:41","slug":"423440-solar-ray-ban-rb1971l-001-b354-square","status":"publish","type":"product","link":"https:\/\/www.brasoptica.com.br\/site\/produto\/423440-solar-ray-ban-rb1971l-001-b354-square\/","title":{"rendered":"SOLAR RAY BAN RB1971L 001\/B354 SQUARE"},"content":{"rendered":"<div class=\"vtex-flex-layout-0-x-flexColChild vtex-flex-layout-0-x-flexColChild--flex-col__prod-spec-sect-2 pb0\">\n<div class=\"vtex-rich-text-0-x-container vtex-rich-text-0-x-container--rich-text__prod-spec-sect-2 flex LEFT items-start justify-start t-body c-on-base\">\n<div class=\"vtex-rich-text-0-x-wrapper vtex-rich-text-0-x-wrapper--rich-text__prod-spec-sect-2\">\n<p class=\"lh-copy vtex-rich-text-0-x-paragraph vtex-rich-text-0-x-paragraph--rich-text__prod-spec-sect-2\">A Ray Ban \u00e9 uma das marcas mais tradicionais de \u00f3culos que existe e desde 1937 percorre a hist\u00f3ria da moda e traz uma poderosa mensagem por meio de suas arma\u00e7\u00f5es, em que \u00e9 poss\u00edvel ser moderno, jovial e livre em qualquer idade.<\/p>\n<\/div>\n<\/div>\n<\/div>\n<div class=\"vtex-flex-layout-0-x-flexColChild vtex-flex-layout-0-x-flexColChild--flex-col__prod-spec-sect-2 pb0\">\n<div class=\"vtex-rich-text-0-x-container vtex-rich-text-0-x-container--rich-text__prod-spec-sect-2 flex LEFT items-start justify-start t-body c-on-base\">\n<div class=\"vtex-rich-text-0-x-wrapper vtex-rich-text-0-x-wrapper--rich-text__prod-spec-sect-2\">\n<p class=\"lh-copy vtex-rich-text-0-x-paragraph vtex-rich-text-0-x-paragraph--rich-text__prod-spec-sect-2\">Especifica\u00e7\u00f5es:<\/p>\n<\/div>\n<\/div>\n<div id=\"id-ae2b25\" class=\"vtex-disclosure-layout-1-x-content vtex-disclosure-layout-1-x-content--disclosure-content_prod-spec-sect-2 vtex-disclosure-layout-1-x-content--visible vtex-disclosure-layout-1-x-content--disclosure-content_prod-spec-sect-2--visible\" data-enter=\"\">\n<div class=\"oticasdiniz-common-components-0-x-specificationTableContainer\">\n<div class=\"oticasdiniz-common-components-0-x-specificationTableItem\"><span class=\"oticasdiniz-common-components-0-x-specificationTableName\">Formato:<\/span><span class=\"oticasdiniz-common-components-0-x-specificationTableValue\">Quadrado<\/span><\/div>\n<div class=\"oticasdiniz-common-components-0-x-specificationTableItem\"><span class=\"oticasdiniz-common-components-0-x-specificationTableName\">G\u00eanero:<\/span><span class=\"oticasdiniz-common-components-0-x-specificationTableValue\">Feminino<\/span><\/div>\n<div class=\"oticasdiniz-common-components-0-x-specificationTableItem\"><span class=\"oticasdiniz-common-components-0-x-specificationTableName\">Tamanho Frontal:<\/span><span class=\"oticasdiniz-common-components-0-x-specificationTableValue\">54<\/span><\/div>\n<div class=\"oticasdiniz-common-components-0-x-specificationTableItem\"><span class=\"oticasdiniz-common-components-0-x-specificationTableName\">Modelo:<\/span><span class=\"oticasdiniz-common-components-0-x-specificationTableValue\">RB1971L<\/span><\/div>\n<div>C\u00f3d: 423440<\/div>\n<\/div>\n<\/div>\n<\/div>\n","protected":false},"excerpt":{"rendered":"<p>A Ray Ban \u00e9 uma das marcas mais tradicionais de \u00f3culos que existe e desde [&hellip;]<\/p>\n","protected":false},"featured_media":16371,"comment_status":"closed","ping_status":"closed","template":"","meta":[],"product_brand":[178],"product_cat":[227,53,62],"product_tag":[],"awcf_genero":[],"awcf_material":[],"awcf_cor":[],"awcf_formato":[],"class_list":{"0":"post-16370","1":"product","2":"type-product","3":"status-publish","4":"has-post-thumbnail","6":"product_brand-ray-ban","7":"product_cat-destaques-ray-ban","8":"product_cat-armacoes-solares","9":"product_cat-solares-femininos","11":"first","12":"instock","13":"sale","14":"shipping-taxable","15":"purchasable","16":"product-type-simple"},"_links":{"self":[{"href":"https:\/\/www.brasoptica.com.br\/site\/wp-json\/wp\/v2\/product\/16370","targetHints":{"allow":["GET"]}}],"collection":[{"href":"https:\/\/www.brasoptica.com.br\/site\/wp-json\/wp\/v2\/product"}],"about":[{"href":"https:\/\/www.brasoptica.com.br\/site\/wp-json\/wp\/v2\/types\/product"}],"replies":[{"embeddable":true,"href":"https:\/\/www.brasoptica.com.br\/site\/wp-json\/wp\/v2\/comments?post=16370"}],"wp:featuredmedia":[{"embeddable":true,"href":"https:\/\/www.brasoptica.com.br\/site\/wp-json\/wp\/v2\/media\/16371"}],"wp:attachment":[{"href":"https:\/\/www.brasoptica.com.br\/site\/wp-json\/wp\/v2\/media?parent=16370"}],"wp:term":[{"taxonomy":"product_brand","embeddable":true,"href":"https:\/\/www.brasoptica.com.br\/site\/wp-json\/wp\/v2\/product_brand?post=16370"},{"taxonomy":"product_cat","embeddable":true,"href":"https:\/\/www.brasoptica.com.br\/site\/wp-json\/wp\/v2\/product_cat?post=16370"},{"taxonomy":"product_tag","embeddable":true,"href":"https:\/\/www.brasoptica.com.br\/site\/wp-json\/wp\/v2\/product_tag?post=16370"},{"taxonomy":"awcf_genero","embeddable":true,"href":"https:\/\/www.brasoptica.com.br\/site\/wp-json\/wp\/v2\/awcf_genero?post=16370"},{"taxonomy":"awcf_material","embeddable":true,"href":"https:\/\/www.brasoptica.com.br\/site\/wp-json\/wp\/v2\/awcf_material?post=16370"},{"taxonomy":"awcf_cor","embeddable":true,"href":"https:\/\/www.brasoptica.com.br\/site\/wp-json\/wp\/v2\/awcf_cor?post=16370"},{"taxonomy":"awcf_formato","embeddable":true,"href":"https:\/\/www.brasoptica.com.br\/site\/wp-json\/wp\/v2\/awcf_formato?post=16370"}],"curies":[{"name":"wp","href":"https:\/\/api.w.org\/{rel}","templated":true}]}}