{"id":16341,"date":"2026-03-13T10:28:04","date_gmt":"2026-03-13T13:28:04","guid":{"rendered":"https:\/\/www.brasoptica.com.br\/site\/?post_type=product&#038;p=16341"},"modified":"2026-03-13T10:28:04","modified_gmt":"2026-03-13T13:28:04","slug":"solar-dolce-gabbana-dg4348-3198-6v-54","status":"publish","type":"product","link":"https:\/\/www.brasoptica.com.br\/site\/produto\/solar-dolce-gabbana-dg4348-3198-6v-54\/","title":{"rendered":"SOLAR DOLCE &#038; GABBANA -DG4348 3198\/6V 54"},"content":{"rendered":"<p>A cole\u00e7\u00e3o de \u00f3culos escuros Dolce &amp; Gabbana \u00e9 marcada pelo DNA e a tradi\u00e7\u00e3o da marca. Criada para diferenciar seus consumidores, os \u00f3culos de sol D&amp;G s\u00e3o um acess\u00f3rio exclusivo e perfeito. Vinte anos de design fizeram Domenico Dolce e Stefano Gabbana t\u00e3o famosos quanto as estrelas que usam seus modelos.<\/p>\n<p><span id=\"descAttributeName_1_8_-3018_3074457345618308685\" class=\"descriptive-attr__title\">Arma\u00e7\u00e3o:\u00a0<\/span><span id=\"descAttributeValue_1_8_-3018_3074457345618308685\" class=\"descriptive-attr__value\">Preto &#8211; Acetato.<br \/>\n<\/span><span id=\"descAttributeName_2_8_-3018_3074457345618308685\" class=\"descriptive-attr__title\">Lente:\u00a0<\/span><span id=\"descAttributeValue_2_8_-3018_3074457345618308685\" class=\"descriptive-attr__value\">Prata &#8211; Solid Color Mirror.<br \/>\n<\/span><span id=\"descAttributeName_3_8_-3018_3074457345618308685\" class=\"descriptive-attr__title\">Formato Da Arma\u00e7\u00e3o:\u00a0<\/span><span id=\"descAttributeValue_3_8_-3018_3074457345618308685\" class=\"descriptive-attr__value\">Borboleta.<br \/>\nC\u00f3d: 333499<\/span><\/p>\n","protected":false},"excerpt":{"rendered":"<p>A cole\u00e7\u00e3o de \u00f3culos escuros Dolce &amp; Gabbana \u00e9 marcada pelo DNA e a tradi\u00e7\u00e3o [&hellip;]<\/p>\n","protected":false},"featured_media":16342,"comment_status":"closed","ping_status":"closed","template":"","meta":[],"product_brand":[162],"product_cat":[53,62],"product_tag":[],"awcf_genero":[],"awcf_material":[],"awcf_cor":[],"awcf_formato":[],"class_list":{"0":"post-16341","1":"product","2":"type-product","3":"status-publish","4":"has-post-thumbnail","6":"product_brand-dolce-gabbana","7":"product_cat-armacoes-solares","8":"product_cat-solares-femininos","10":"first","11":"instock","12":"sale","13":"shipping-taxable","14":"purchasable","15":"product-type-simple"},"_links":{"self":[{"href":"https:\/\/www.brasoptica.com.br\/site\/wp-json\/wp\/v2\/product\/16341","targetHints":{"allow":["GET"]}}],"collection":[{"href":"https:\/\/www.brasoptica.com.br\/site\/wp-json\/wp\/v2\/product"}],"about":[{"href":"https:\/\/www.brasoptica.com.br\/site\/wp-json\/wp\/v2\/types\/product"}],"replies":[{"embeddable":true,"href":"https:\/\/www.brasoptica.com.br\/site\/wp-json\/wp\/v2\/comments?post=16341"}],"wp:featuredmedia":[{"embeddable":true,"href":"https:\/\/www.brasoptica.com.br\/site\/wp-json\/wp\/v2\/media\/16342"}],"wp:attachment":[{"href":"https:\/\/www.brasoptica.com.br\/site\/wp-json\/wp\/v2\/media?parent=16341"}],"wp:term":[{"taxonomy":"product_brand","embeddable":true,"href":"https:\/\/www.brasoptica.com.br\/site\/wp-json\/wp\/v2\/product_brand?post=16341"},{"taxonomy":"product_cat","embeddable":true,"href":"https:\/\/www.brasoptica.com.br\/site\/wp-json\/wp\/v2\/product_cat?post=16341"},{"taxonomy":"product_tag","embeddable":true,"href":"https:\/\/www.brasoptica.com.br\/site\/wp-json\/wp\/v2\/product_tag?post=16341"},{"taxonomy":"awcf_genero","embeddable":true,"href":"https:\/\/www.brasoptica.com.br\/site\/wp-json\/wp\/v2\/awcf_genero?post=16341"},{"taxonomy":"awcf_material","embeddable":true,"href":"https:\/\/www.brasoptica.com.br\/site\/wp-json\/wp\/v2\/awcf_material?post=16341"},{"taxonomy":"awcf_cor","embeddable":true,"href":"https:\/\/www.brasoptica.com.br\/site\/wp-json\/wp\/v2\/awcf_cor?post=16341"},{"taxonomy":"awcf_formato","embeddable":true,"href":"https:\/\/www.brasoptica.com.br\/site\/wp-json\/wp\/v2\/awcf_formato?post=16341"}],"curies":[{"name":"wp","href":"https:\/\/api.w.org\/{rel}","templated":true}]}}