{"id":16328,"date":"2026-03-12T10:52:46","date_gmt":"2026-03-12T13:52:46","guid":{"rendered":"https:\/\/www.brasoptica.com.br\/site\/?post_type=product&#038;p=16328"},"modified":"2026-03-12T10:52:47","modified_gmt":"2026-03-12T13:52:47","slug":"solar-dolce-gabbana-dg4321-b5018g55","status":"publish","type":"product","link":"https:\/\/www.brasoptica.com.br\/site\/produto\/solar-dolce-gabbana-dg4321-b5018g55\/","title":{"rendered":"SOLAR DOLCE &#038; GABBANA &#8211; DG4321 B5018G55"},"content":{"rendered":"<p>A Dolce &amp; Gabbana \u00e9 uma marca de luxo italiana fundada em 1985 por Domenico Dolce e Stefano Gabbana, conhecida por seus designs ousados e glamourosos. A ess\u00eancia mediterr\u00e2nea, a opul\u00eancia e o artesanato italiano est\u00e3o presentes em cada cria\u00e7\u00e3o da marca.<\/p>\n<p>Na linha de \u00f3culos, a Dolce &amp; Gabbana traduz esse estilo luxuoso em arma\u00e7\u00f5es que misturam elementos cl\u00e1ssicos com detalhes modernos, criando pe\u00e7as sofisticadas e marcantes. Dos modelos de sol dram\u00e1ticos aos elegantes \u00f3culos de grau, a cole\u00e7\u00e3o \u00e9 caracterizada por formatos arrojados, estampas vibrantes e acabamentos detalhados que exalam confian\u00e7a e glamour atemporal.<\/p>\n<p>Material: Acetato Preto Brilho<br \/>\nLente: Preto degrad\u00ea.<br \/>\nTamanho: 55<\/p>\n<p>c\u00f3d: 333550<\/p>\n","protected":false},"excerpt":{"rendered":"<p>A Dolce &amp; Gabbana \u00e9 uma marca de luxo italiana fundada em 1985 por Domenico [&hellip;]<\/p>\n","protected":false},"featured_media":16329,"comment_status":"closed","ping_status":"closed","template":"","meta":[],"product_brand":[162],"product_cat":[53,62],"product_tag":[],"awcf_genero":[],"awcf_material":[],"awcf_cor":[],"awcf_formato":[],"class_list":{"0":"post-16328","1":"product","2":"type-product","3":"status-publish","4":"has-post-thumbnail","6":"product_brand-dolce-gabbana","7":"product_cat-armacoes-solares","8":"product_cat-solares-femininos","10":"first","11":"instock","12":"sale","13":"shipping-taxable","14":"purchasable","15":"product-type-simple"},"_links":{"self":[{"href":"https:\/\/www.brasoptica.com.br\/site\/wp-json\/wp\/v2\/product\/16328","targetHints":{"allow":["GET"]}}],"collection":[{"href":"https:\/\/www.brasoptica.com.br\/site\/wp-json\/wp\/v2\/product"}],"about":[{"href":"https:\/\/www.brasoptica.com.br\/site\/wp-json\/wp\/v2\/types\/product"}],"replies":[{"embeddable":true,"href":"https:\/\/www.brasoptica.com.br\/site\/wp-json\/wp\/v2\/comments?post=16328"}],"wp:featuredmedia":[{"embeddable":true,"href":"https:\/\/www.brasoptica.com.br\/site\/wp-json\/wp\/v2\/media\/16329"}],"wp:attachment":[{"href":"https:\/\/www.brasoptica.com.br\/site\/wp-json\/wp\/v2\/media?parent=16328"}],"wp:term":[{"taxonomy":"product_brand","embeddable":true,"href":"https:\/\/www.brasoptica.com.br\/site\/wp-json\/wp\/v2\/product_brand?post=16328"},{"taxonomy":"product_cat","embeddable":true,"href":"https:\/\/www.brasoptica.com.br\/site\/wp-json\/wp\/v2\/product_cat?post=16328"},{"taxonomy":"product_tag","embeddable":true,"href":"https:\/\/www.brasoptica.com.br\/site\/wp-json\/wp\/v2\/product_tag?post=16328"},{"taxonomy":"awcf_genero","embeddable":true,"href":"https:\/\/www.brasoptica.com.br\/site\/wp-json\/wp\/v2\/awcf_genero?post=16328"},{"taxonomy":"awcf_material","embeddable":true,"href":"https:\/\/www.brasoptica.com.br\/site\/wp-json\/wp\/v2\/awcf_material?post=16328"},{"taxonomy":"awcf_cor","embeddable":true,"href":"https:\/\/www.brasoptica.com.br\/site\/wp-json\/wp\/v2\/awcf_cor?post=16328"},{"taxonomy":"awcf_formato","embeddable":true,"href":"https:\/\/www.brasoptica.com.br\/site\/wp-json\/wp\/v2\/awcf_formato?post=16328"}],"curies":[{"name":"wp","href":"https:\/\/api.w.org\/{rel}","templated":true}]}}