{"id":16324,"date":"2026-03-11T14:52:20","date_gmt":"2026-03-11T17:52:20","guid":{"rendered":"https:\/\/www.brasoptica.com.br\/site\/?post_type=product&#038;p=16324"},"modified":"2026-03-19T08:47:43","modified_gmt":"2026-03-19T11:47:43","slug":"16324","status":"publish","type":"product","link":"https:\/\/www.brasoptica.com.br\/site\/produto\/16324\/","title":{"rendered":"SOLAR DOLCE &#038; GABBANA -DG4349 320413 54"},"content":{"rendered":"<p>A Dolce &amp; Gabbana \u00e9 uma marca de luxo italiana fundada em 1985 por Domenico Dolce e Stefano Gabbana, conhecida por seus designs ousados e glamourosos. A ess\u00eancia mediterr\u00e2nea, a opul\u00eancia e o artesanato italiano est\u00e3o presentes em cada cria\u00e7\u00e3o da marca.<\/p>\n<p>Na linha de \u00f3culos, a Dolce &amp; Gabbana traduz esse estilo luxuoso em arma\u00e7\u00f5es que misturam elementos cl\u00e1ssicos com detalhes modernos, criando pe\u00e7as sofisticadas e marcantes. Dos modelos de sol dram\u00e1ticos aos elegantes \u00f3culos de grau, a cole\u00e7\u00e3o \u00e9 caracterizada por formatos arrojados, estampas vibrantes e acabamentos detalhados que exalam confian\u00e7a e glamour atemporal.<\/p>\n<p>C\u00f3d:333763<\/p>\n<h4 class=\"group Caracteristicas\">Caracter\u00edsticas<\/h4>\n<table class=\"group Caracteristicas\" style=\"height: 357px;\" width=\"321\" cellspacing=\"0\">\n<tbody>\n<tr class=\"even\">\n<th class=\"name-field Tipo-de-Oculos\">Tipo de \u00d3culos<\/th>\n<td class=\"value-field Tipo-de-Oculos\">\u00d3culos de Sol<\/td>\n<\/tr>\n<tr>\n<th class=\"name-field Tamanho\">Tamanho<\/th>\n<td class=\"value-field Tamanho\">54<\/td>\n<\/tr>\n<tr class=\"even\">\n<th class=\"name-field Ponte\">Ponte<\/th>\n<td class=\"value-field Ponte\">16<\/td>\n<\/tr>\n<tr>\n<th class=\"name-field Frontal\">Frontal<\/th>\n<td class=\"value-field Frontal\">145<\/td>\n<\/tr>\n<tr class=\"even\">\n<th class=\"name-field Altura\">Altura<\/th>\n<td class=\"value-field Altura\">50<\/td>\n<\/tr>\n<tr>\n<th class=\"name-field Haste\">Haste<\/th>\n<td class=\"value-field Haste\">140<\/td>\n<\/tr>\n<tr class=\"even\">\n<th class=\"name-field Genero\">Genero<\/th>\n<td class=\"value-field Genero\">Feminino<\/td>\n<\/tr>\n<tr>\n<th class=\"name-field Estilo-do-Oculos\">Estilo do \u00d3culos<\/th>\n<td class=\"value-field Estilo-do-Oculos\">Borboleta<\/td>\n<\/tr>\n<tr class=\"even\">\n<th class=\"name-field Tipo-da-Armacao\">Tipo da Arma\u00e7\u00e3o<\/th>\n<td class=\"value-field Tipo-da-Armacao\">Aro Fechado<\/td>\n<\/tr>\n<tr>\n<th class=\"name-field Material-da-Armacao\">Material da Arma\u00e7\u00e3o<\/th>\n<td class=\"value-field Material-da-Armacao\">Acetato<\/td>\n<\/tr>\n<tr class=\"even\">\n<th class=\"name-field Cor-da-Armacao\">Cor da Arma\u00e7\u00e3o<\/th>\n<td class=\"value-field Cor-da-Armacao\">Tartaruga<\/td>\n<\/tr>\n<tr>\n<th class=\"name-field Tipo-de-Lente\">Tipo de Lente<\/th>\n<td class=\"value-field Tipo-de-Lente\">Degrad\u00ea<\/td>\n<\/tr>\n<tr class=\"even\">\n<th class=\"name-field Cor-da-Lente\">Cor da Lente<\/th>\n<td class=\"value-field Cor-da-Lente\">Marrom<\/td>\n<\/tr>\n<\/tbody>\n<\/table>\n","protected":false},"excerpt":{"rendered":"<p>A Dolce &amp; Gabbana \u00e9 uma marca de luxo italiana fundada em 1985 por Domenico [&hellip;]<\/p>\n","protected":false},"featured_media":16322,"comment_status":"closed","ping_status":"closed","template":"","meta":[],"product_brand":[162],"product_cat":[53,62],"product_tag":[],"awcf_genero":[],"awcf_material":[],"awcf_cor":[],"awcf_formato":[],"class_list":{"0":"post-16324","1":"product","2":"type-product","3":"status-publish","4":"has-post-thumbnail","6":"product_brand-dolce-gabbana","7":"product_cat-armacoes-solares","8":"product_cat-solares-femininos","10":"first","11":"outofstock","12":"sale","13":"shipping-taxable","14":"purchasable","15":"product-type-simple"},"_links":{"self":[{"href":"https:\/\/www.brasoptica.com.br\/site\/wp-json\/wp\/v2\/product\/16324","targetHints":{"allow":["GET"]}}],"collection":[{"href":"https:\/\/www.brasoptica.com.br\/site\/wp-json\/wp\/v2\/product"}],"about":[{"href":"https:\/\/www.brasoptica.com.br\/site\/wp-json\/wp\/v2\/types\/product"}],"replies":[{"embeddable":true,"href":"https:\/\/www.brasoptica.com.br\/site\/wp-json\/wp\/v2\/comments?post=16324"}],"wp:featuredmedia":[{"embeddable":true,"href":"https:\/\/www.brasoptica.com.br\/site\/wp-json\/wp\/v2\/media\/16322"}],"wp:attachment":[{"href":"https:\/\/www.brasoptica.com.br\/site\/wp-json\/wp\/v2\/media?parent=16324"}],"wp:term":[{"taxonomy":"product_brand","embeddable":true,"href":"https:\/\/www.brasoptica.com.br\/site\/wp-json\/wp\/v2\/product_brand?post=16324"},{"taxonomy":"product_cat","embeddable":true,"href":"https:\/\/www.brasoptica.com.br\/site\/wp-json\/wp\/v2\/product_cat?post=16324"},{"taxonomy":"product_tag","embeddable":true,"href":"https:\/\/www.brasoptica.com.br\/site\/wp-json\/wp\/v2\/product_tag?post=16324"},{"taxonomy":"awcf_genero","embeddable":true,"href":"https:\/\/www.brasoptica.com.br\/site\/wp-json\/wp\/v2\/awcf_genero?post=16324"},{"taxonomy":"awcf_material","embeddable":true,"href":"https:\/\/www.brasoptica.com.br\/site\/wp-json\/wp\/v2\/awcf_material?post=16324"},{"taxonomy":"awcf_cor","embeddable":true,"href":"https:\/\/www.brasoptica.com.br\/site\/wp-json\/wp\/v2\/awcf_cor?post=16324"},{"taxonomy":"awcf_formato","embeddable":true,"href":"https:\/\/www.brasoptica.com.br\/site\/wp-json\/wp\/v2\/awcf_formato?post=16324"}],"curies":[{"name":"wp","href":"https:\/\/api.w.org\/{rel}","templated":true}]}}