{"id":16144,"date":"2025-12-09T13:51:07","date_gmt":"2025-12-09T16:51:07","guid":{"rendered":"https:\/\/www.brasoptica.com.br\/site\/?post_type=product&#038;p=16144"},"modified":"2026-04-09T16:40:19","modified_gmt":"2026-04-09T19:40:19","slug":"armacao-fendi-fe50118i_52045","status":"publish","type":"product","link":"https:\/\/www.brasoptica.com.br\/site\/produto\/armacao-fendi-fe50118i_52045\/","title":{"rendered":"ARMA\u00c7\u00c3O FENDI FE50118I_52045"},"content":{"rendered":"<p>\u00d3culos de Grau Fendi &#8211;\u00a0FE50118I_52045.<\/p>\n<p>Material: Acetato.<\/p>\n<p>Cor: Rosa.<\/p>\n<p>Tamanho: 52mm \/ Ponte: 19mm \/ Altura: 00mm \/ Comprimento das Hastes: 145mm.<\/p>\n<p>c\u00f3d: 504464<\/p>\n","protected":false},"excerpt":{"rendered":"<p>\u00d3culos de Grau Fendi &#8211;\u00a0FE50118I_52045. Material: Acetato. Cor: Rosa. Tamanho: 52mm \/ Ponte: 19mm \/ [&hellip;]<\/p>\n","protected":false},"featured_media":16145,"comment_status":"closed","ping_status":"closed","template":"","meta":[],"product_brand":[165],"product_cat":[42,64],"product_tag":[],"awcf_genero":[231],"awcf_material":[237],"awcf_cor":[248],"awcf_formato":[256],"class_list":{"0":"post-16144","1":"product","2":"type-product","3":"status-publish","4":"has-post-thumbnail","6":"product_brand-fendi","7":"product_cat-armacoes-de-grau","8":"product_cat-armacoes-femininas","9":"awcf_genero-feminino","10":"awcf_material-acetato","11":"awcf_cor-rose","12":"awcf_formato-quadrado","14":"first","15":"instock","16":"shipping-taxable","17":"purchasable","18":"product-type-simple"},"_links":{"self":[{"href":"https:\/\/www.brasoptica.com.br\/site\/wp-json\/wp\/v2\/product\/16144","targetHints":{"allow":["GET"]}}],"collection":[{"href":"https:\/\/www.brasoptica.com.br\/site\/wp-json\/wp\/v2\/product"}],"about":[{"href":"https:\/\/www.brasoptica.com.br\/site\/wp-json\/wp\/v2\/types\/product"}],"replies":[{"embeddable":true,"href":"https:\/\/www.brasoptica.com.br\/site\/wp-json\/wp\/v2\/comments?post=16144"}],"wp:featuredmedia":[{"embeddable":true,"href":"https:\/\/www.brasoptica.com.br\/site\/wp-json\/wp\/v2\/media\/16145"}],"wp:attachment":[{"href":"https:\/\/www.brasoptica.com.br\/site\/wp-json\/wp\/v2\/media?parent=16144"}],"wp:term":[{"taxonomy":"product_brand","embeddable":true,"href":"https:\/\/www.brasoptica.com.br\/site\/wp-json\/wp\/v2\/product_brand?post=16144"},{"taxonomy":"product_cat","embeddable":true,"href":"https:\/\/www.brasoptica.com.br\/site\/wp-json\/wp\/v2\/product_cat?post=16144"},{"taxonomy":"product_tag","embeddable":true,"href":"https:\/\/www.brasoptica.com.br\/site\/wp-json\/wp\/v2\/product_tag?post=16144"},{"taxonomy":"awcf_genero","embeddable":true,"href":"https:\/\/www.brasoptica.com.br\/site\/wp-json\/wp\/v2\/awcf_genero?post=16144"},{"taxonomy":"awcf_material","embeddable":true,"href":"https:\/\/www.brasoptica.com.br\/site\/wp-json\/wp\/v2\/awcf_material?post=16144"},{"taxonomy":"awcf_cor","embeddable":true,"href":"https:\/\/www.brasoptica.com.br\/site\/wp-json\/wp\/v2\/awcf_cor?post=16144"},{"taxonomy":"awcf_formato","embeddable":true,"href":"https:\/\/www.brasoptica.com.br\/site\/wp-json\/wp\/v2\/awcf_formato?post=16144"}],"curies":[{"name":"wp","href":"https:\/\/api.w.org\/{rel}","templated":true}]}}