{"id":16022,"date":"2025-12-03T15:06:09","date_gmt":"2025-12-03T18:06:09","guid":{"rendered":"https:\/\/www.brasoptica.com.br\/site\/?post_type=product&#038;p=16022"},"modified":"2025-12-03T15:06:09","modified_gmt":"2025-12-03T18:06:09","slug":"solar-tom-ford-ft1026-n_6101d","status":"publish","type":"product","link":"https:\/\/www.brasoptica.com.br\/site\/produto\/solar-tom-ford-ft1026-n_6101d\/","title":{"rendered":"SOLAR TOM FORD FT1026-N_6101D"},"content":{"rendered":"<ul>\n<li>Material da Arma\u00e7\u00e3o: ACETATO<\/li>\n<li>Cor da Arma\u00e7\u00e3o: PRETO<\/li>\n<li>Haste da Arma\u00e7\u00e3o: 145.00<\/li>\n<li>Altura da Arma\u00e7\u00e3o: 53.00<\/li>\n<li>Ponte da Arma\u00e7\u00e3o: 12.00<\/li>\n<li>Largura da Arma\u00e7\u00e3o: 148.00<\/li>\n<li>Diagonal da Arma\u00e7\u00e3o: 61.00<\/li>\n<li>Cor da Lente: CINZA<\/li>\n<\/ul>\n<p>c\u00f3d: 504472<\/p>\n","protected":false},"excerpt":{"rendered":"<p>Material da Arma\u00e7\u00e3o: ACETATO Cor da Arma\u00e7\u00e3o: PRETO Haste da Arma\u00e7\u00e3o: 145.00 Altura da Arma\u00e7\u00e3o: [&hellip;]<\/p>\n","protected":false},"featured_media":16025,"comment_status":"closed","ping_status":"closed","template":"","meta":[],"product_brand":[210],"product_cat":[53,61],"product_tag":[],"awcf_genero":[],"awcf_material":[],"awcf_cor":[],"awcf_formato":[],"class_list":{"0":"post-16022","1":"product","2":"type-product","3":"status-publish","4":"has-post-thumbnail","6":"product_brand-tom-ford","7":"product_cat-armacoes-solares","8":"product_cat-solares-masculinos","10":"first","11":"instock","12":"shipping-taxable","13":"purchasable","14":"product-type-simple"},"_links":{"self":[{"href":"https:\/\/www.brasoptica.com.br\/site\/wp-json\/wp\/v2\/product\/16022","targetHints":{"allow":["GET"]}}],"collection":[{"href":"https:\/\/www.brasoptica.com.br\/site\/wp-json\/wp\/v2\/product"}],"about":[{"href":"https:\/\/www.brasoptica.com.br\/site\/wp-json\/wp\/v2\/types\/product"}],"replies":[{"embeddable":true,"href":"https:\/\/www.brasoptica.com.br\/site\/wp-json\/wp\/v2\/comments?post=16022"}],"wp:featuredmedia":[{"embeddable":true,"href":"https:\/\/www.brasoptica.com.br\/site\/wp-json\/wp\/v2\/media\/16025"}],"wp:attachment":[{"href":"https:\/\/www.brasoptica.com.br\/site\/wp-json\/wp\/v2\/media?parent=16022"}],"wp:term":[{"taxonomy":"product_brand","embeddable":true,"href":"https:\/\/www.brasoptica.com.br\/site\/wp-json\/wp\/v2\/product_brand?post=16022"},{"taxonomy":"product_cat","embeddable":true,"href":"https:\/\/www.brasoptica.com.br\/site\/wp-json\/wp\/v2\/product_cat?post=16022"},{"taxonomy":"product_tag","embeddable":true,"href":"https:\/\/www.brasoptica.com.br\/site\/wp-json\/wp\/v2\/product_tag?post=16022"},{"taxonomy":"awcf_genero","embeddable":true,"href":"https:\/\/www.brasoptica.com.br\/site\/wp-json\/wp\/v2\/awcf_genero?post=16022"},{"taxonomy":"awcf_material","embeddable":true,"href":"https:\/\/www.brasoptica.com.br\/site\/wp-json\/wp\/v2\/awcf_material?post=16022"},{"taxonomy":"awcf_cor","embeddable":true,"href":"https:\/\/www.brasoptica.com.br\/site\/wp-json\/wp\/v2\/awcf_cor?post=16022"},{"taxonomy":"awcf_formato","embeddable":true,"href":"https:\/\/www.brasoptica.com.br\/site\/wp-json\/wp\/v2\/awcf_formato?post=16022"}],"curies":[{"name":"wp","href":"https:\/\/api.w.org\/{rel}","templated":true}]}}