{"id":15833,"date":"2025-11-27T15:07:45","date_gmt":"2025-11-27T18:07:45","guid":{"rendered":"https:\/\/www.brasoptica.com.br\/site\/?post_type=product&#038;p=15833"},"modified":"2026-03-13T17:34:56","modified_gmt":"2026-03-13T20:34:56","slug":"solar-ray-ban-rb3647nl-92387151-double-bridge","status":"publish","type":"product","link":"https:\/\/www.brasoptica.com.br\/site\/produto\/solar-ray-ban-rb3647nl-92387151-double-bridge\/","title":{"rendered":"SOLAR RAY BAN RB3647NL 92387151 DOUBLE BRIDGE"},"content":{"rendered":"<div class=\"rb-frame-and-lenses-information__detail\" data-v-64551f3c=\"\">\n<div class=\"rb-frame-and-lenses-information__wrapper\" data-v-64551f3c=\"\">\n<div class=\"rb-frame-and-lenses-information__title\" data-v-64551f3c=\"\">Arma\u00e7\u00e3o: <span data-v-64551f3c=\"\" data-test-id=\"pdp-right-side-frame-name\">Polido Ouro<\/span><\/div>\n<\/div>\n<\/div>\n<div class=\"rb-frame-and-lenses-information__detail\" data-v-64551f3c=\"\">\n<div class=\"rb-frame-and-lenses-information__title\" data-v-64551f3c=\"\">Lentes: <span data-v-64551f3c=\"\" data-test-id=\"pdp-right-side-lens\"><span data-v-64551f3c=\"\" data-test-id=\"pdp-right-side-lens\">Cinza degrad\u00ea<br \/>\n<\/span><\/span><\/p>\n<div class=\"rb-product-detail__label\">TAMANHO: 51 &#8211; 22<span class=\"rb-product-detail__measure\">mm<\/span><\/div>\n<\/div>\n<\/div>\n<div><\/div>\n<div>c\u00f3d: 500108<\/div>\n","protected":false},"excerpt":{"rendered":"<p>Arma\u00e7\u00e3o: Polido Ouro Lentes: Cinza degrad\u00ea TAMANHO: 51 &#8211; 22mm c\u00f3d: 500108<\/p>\n","protected":false},"featured_media":16358,"comment_status":"closed","ping_status":"closed","template":"","meta":[],"product_brand":[178],"product_cat":[227,53,62,61],"product_tag":[],"awcf_genero":[],"awcf_material":[],"awcf_cor":[],"awcf_formato":[],"class_list":{"0":"post-15833","1":"product","2":"type-product","3":"status-publish","4":"has-post-thumbnail","6":"product_brand-ray-ban","7":"product_cat-destaques-ray-ban","8":"product_cat-armacoes-solares","9":"product_cat-solares-femininos","10":"product_cat-solares-masculinos","12":"first","13":"instock","14":"shipping-taxable","15":"purchasable","16":"product-type-simple"},"_links":{"self":[{"href":"https:\/\/www.brasoptica.com.br\/site\/wp-json\/wp\/v2\/product\/15833","targetHints":{"allow":["GET"]}}],"collection":[{"href":"https:\/\/www.brasoptica.com.br\/site\/wp-json\/wp\/v2\/product"}],"about":[{"href":"https:\/\/www.brasoptica.com.br\/site\/wp-json\/wp\/v2\/types\/product"}],"replies":[{"embeddable":true,"href":"https:\/\/www.brasoptica.com.br\/site\/wp-json\/wp\/v2\/comments?post=15833"}],"wp:featuredmedia":[{"embeddable":true,"href":"https:\/\/www.brasoptica.com.br\/site\/wp-json\/wp\/v2\/media\/16358"}],"wp:attachment":[{"href":"https:\/\/www.brasoptica.com.br\/site\/wp-json\/wp\/v2\/media?parent=15833"}],"wp:term":[{"taxonomy":"product_brand","embeddable":true,"href":"https:\/\/www.brasoptica.com.br\/site\/wp-json\/wp\/v2\/product_brand?post=15833"},{"taxonomy":"product_cat","embeddable":true,"href":"https:\/\/www.brasoptica.com.br\/site\/wp-json\/wp\/v2\/product_cat?post=15833"},{"taxonomy":"product_tag","embeddable":true,"href":"https:\/\/www.brasoptica.com.br\/site\/wp-json\/wp\/v2\/product_tag?post=15833"},{"taxonomy":"awcf_genero","embeddable":true,"href":"https:\/\/www.brasoptica.com.br\/site\/wp-json\/wp\/v2\/awcf_genero?post=15833"},{"taxonomy":"awcf_material","embeddable":true,"href":"https:\/\/www.brasoptica.com.br\/site\/wp-json\/wp\/v2\/awcf_material?post=15833"},{"taxonomy":"awcf_cor","embeddable":true,"href":"https:\/\/www.brasoptica.com.br\/site\/wp-json\/wp\/v2\/awcf_cor?post=15833"},{"taxonomy":"awcf_formato","embeddable":true,"href":"https:\/\/www.brasoptica.com.br\/site\/wp-json\/wp\/v2\/awcf_formato?post=15833"}],"curies":[{"name":"wp","href":"https:\/\/api.w.org\/{rel}","templated":true}]}}