{"id":15809,"date":"2025-11-27T14:05:07","date_gmt":"2025-11-27T17:05:07","guid":{"rendered":"https:\/\/www.brasoptica.com.br\/site\/?post_type=product&#038;p=15809"},"modified":"2026-03-13T10:45:57","modified_gmt":"2026-03-13T13:45:57","slug":"solar-ray-ban-rb3548-001-bh54-hexagonal","status":"publish","type":"product","link":"https:\/\/www.brasoptica.com.br\/site\/produto\/solar-ray-ban-rb3548-001-bh54-hexagonal\/","title":{"rendered":"SOLAR RAY BAN RB3548 001\/BH54 HEXAGONAL"},"content":{"rendered":"<div class=\"rb-frame-and-lenses-information__detail\" data-v-64551f3c=\"\">\n<div class=\"rb-frame-and-lenses-information__wrapper\" data-v-64551f3c=\"\">\n<div class=\"rb-frame-and-lenses-information__title\" data-v-64551f3c=\"\">\n<div>A marca Ray-Ban \u00e9 uma marca l\u00edder mundial de \u00f3culos de sol e de grau. \u00c9 famosa por \u00edcones como os modelos: Aviador e Wayfarer.<\/div>\n<p><strong>Modelo: Hexagonal Metal .<\/strong><br \/>\nArma\u00e7\u00e3o: <span data-v-64551f3c=\"\" data-test-id=\"pdp-right-side-frame-name\">Polido Dourado-arista.<\/span><\/p>\n<\/div>\n<\/div>\n<\/div>\n<div class=\"rb-frame-and-lenses-information__detail\" data-v-64551f3c=\"\">\n<div class=\"rb-frame-and-lenses-information__title\" data-v-64551f3c=\"\">Lentes: <span data-v-64551f3c=\"\" data-test-id=\"pdp-right-side-lens\"><span data-v-64551f3c=\"\" data-test-id=\"pdp-right-side-lens\">Verde vintage.<br \/>\n<\/span><\/span><\/p>\n<div class=\"rb-product-detail__label\">Tamanho: 54.<br \/>\nC\u00f3d: 500793<\/div>\n<\/div>\n<\/div>\n<div>\n<div><\/div>\n<\/div>\n","protected":false},"excerpt":{"rendered":"<p>A marca Ray-Ban \u00e9 uma marca l\u00edder mundial de \u00f3culos de sol e de grau. [&hellip;]<\/p>\n","protected":false},"featured_media":16343,"comment_status":"closed","ping_status":"closed","template":"","meta":[],"product_brand":[178],"product_cat":[53,62,61],"product_tag":[],"awcf_genero":[],"awcf_material":[],"awcf_cor":[],"awcf_formato":[],"class_list":{"0":"post-15809","1":"product","2":"type-product","3":"status-publish","4":"has-post-thumbnail","6":"product_brand-ray-ban","7":"product_cat-armacoes-solares","8":"product_cat-solares-femininos","9":"product_cat-solares-masculinos","11":"first","12":"instock","13":"shipping-taxable","14":"purchasable","15":"product-type-simple"},"_links":{"self":[{"href":"https:\/\/www.brasoptica.com.br\/site\/wp-json\/wp\/v2\/product\/15809","targetHints":{"allow":["GET"]}}],"collection":[{"href":"https:\/\/www.brasoptica.com.br\/site\/wp-json\/wp\/v2\/product"}],"about":[{"href":"https:\/\/www.brasoptica.com.br\/site\/wp-json\/wp\/v2\/types\/product"}],"replies":[{"embeddable":true,"href":"https:\/\/www.brasoptica.com.br\/site\/wp-json\/wp\/v2\/comments?post=15809"}],"wp:featuredmedia":[{"embeddable":true,"href":"https:\/\/www.brasoptica.com.br\/site\/wp-json\/wp\/v2\/media\/16343"}],"wp:attachment":[{"href":"https:\/\/www.brasoptica.com.br\/site\/wp-json\/wp\/v2\/media?parent=15809"}],"wp:term":[{"taxonomy":"product_brand","embeddable":true,"href":"https:\/\/www.brasoptica.com.br\/site\/wp-json\/wp\/v2\/product_brand?post=15809"},{"taxonomy":"product_cat","embeddable":true,"href":"https:\/\/www.brasoptica.com.br\/site\/wp-json\/wp\/v2\/product_cat?post=15809"},{"taxonomy":"product_tag","embeddable":true,"href":"https:\/\/www.brasoptica.com.br\/site\/wp-json\/wp\/v2\/product_tag?post=15809"},{"taxonomy":"awcf_genero","embeddable":true,"href":"https:\/\/www.brasoptica.com.br\/site\/wp-json\/wp\/v2\/awcf_genero?post=15809"},{"taxonomy":"awcf_material","embeddable":true,"href":"https:\/\/www.brasoptica.com.br\/site\/wp-json\/wp\/v2\/awcf_material?post=15809"},{"taxonomy":"awcf_cor","embeddable":true,"href":"https:\/\/www.brasoptica.com.br\/site\/wp-json\/wp\/v2\/awcf_cor?post=15809"},{"taxonomy":"awcf_formato","embeddable":true,"href":"https:\/\/www.brasoptica.com.br\/site\/wp-json\/wp\/v2\/awcf_formato?post=15809"}],"curies":[{"name":"wp","href":"https:\/\/api.w.org\/{rel}","templated":true}]}}