{"id":1577,"date":"2025-09-03T14:26:43","date_gmt":"2025-09-03T17:26:43","guid":{"rendered":"https:\/\/www.brasoptica.com.br\/site\/?post_type=product&#038;p=1577"},"modified":"2025-09-12T13:40:03","modified_gmt":"2025-09-12T16:40:03","slug":"solar-swarovski-sk6013-1010-154","status":"publish","type":"product","link":"https:\/\/www.brasoptica.com.br\/site\/produto\/solar-swarovski-sk6013-1010-154\/","title":{"rendered":"SOLAR SWAROVSKI SK6013 1010\/154"},"content":{"rendered":"<h3 data-start=\"147\" data-end=\"225\"><strong data-start=\"151\" data-end=\"225\">Swarovski SK6013 1010\/154 \u2013 Preto com hastes metal prata e lentes fum\u00ea<\/strong><\/h3>\n<p data-start=\"227\" data-end=\"501\">O Swarovski SK6013 1010\/154 \u00e9 um modelo solar feminino que combina sofistica\u00e7\u00e3o e estilo em um design moderno. Seu formato <strong data-start=\"350\" data-end=\"388\">quadrado com detalhes <\/strong>proporciona um visual elegante e marcante, ideal para quem busca um acess\u00f3rio vers\u00e1til e cheio de personalidade.<\/p>\n<p data-start=\"503\" data-end=\"656\">A arma\u00e7\u00e3o em <strong data-start=\"516\" data-end=\"533\">acetato preto<\/strong> com pedras sint\u00e9ticas transl\u00facidas garante resist\u00eancia, conforto e um toque luxuoso que refor\u00e7a a assinatura da Swarovski.<\/p>\n<p data-start=\"658\" data-end=\"833\">As lentes em <strong data-start=\"671\" data-end=\"679\">fum\u00ea<\/strong> oferecem prote\u00e7\u00e3o total contra os raios UVA e UVB, assegurando conforto visual em diferentes condi\u00e7\u00f5es de luminosidade e real\u00e7ando a eleg\u00e2ncia do design.<\/p>\n<p data-start=\"835\" data-end=\"857\"><strong data-start=\"835\" data-end=\"857\">Detalhes t\u00e9cnicos:<\/strong><\/p>\n<ul data-start=\"859\" data-end=\"1276\">\n<li data-start=\"859\" data-end=\"890\">\n<p data-start=\"861\" data-end=\"890\"><strong data-start=\"861\" data-end=\"872\">Modelo:<\/strong> SK6013 1010\/154<\/p>\n<\/li>\n<li data-start=\"891\" data-end=\"953\">\n<p data-start=\"893\" data-end=\"953\"><strong data-start=\"893\" data-end=\"916\">Formato da arma\u00e7\u00e3o:<\/strong> Quadrado com detalhes<\/p>\n<\/li>\n<li data-start=\"954\" data-end=\"1025\">\n<p data-start=\"956\" data-end=\"1025\"><strong data-start=\"956\" data-end=\"980\">Material da arma\u00e7\u00e3o:<\/strong> Acetato com pedras sint\u00e9ticas transl\u00facidas<\/p>\n<\/li>\n<li data-start=\"1026\" data-end=\"1055\">\n<p data-start=\"1028\" data-end=\"1055\"><strong data-start=\"1028\" data-end=\"1047\">Cor da arma\u00e7\u00e3o:<\/strong> Preto<\/p>\n<\/li>\n<li data-start=\"1056\" data-end=\"1084\">\n<p data-start=\"1058\" data-end=\"1084\"><strong data-start=\"1058\" data-end=\"1077\">Cor das lentes:<\/strong> Fum\u00ea<\/p>\n<\/li>\n<li data-start=\"1085\" data-end=\"1130\">\n<p data-start=\"1087\" data-end=\"1130\"><strong data-start=\"1087\" data-end=\"1100\">Prote\u00e7\u00e3o:<\/strong> 100% contra raios UVA e UVB<\/p>\n<\/li>\n<li data-start=\"1131\" data-end=\"1198\">\n<p data-start=\"1133\" data-end=\"1198\"><strong data-start=\"1133\" data-end=\"1145\">Tamanho:<\/strong> 54-18-140 (lente 54\u202fmm, ponte 18\u202fmm, haste 140\u202fmm)<\/p>\n<\/li>\n<li data-start=\"1199\" data-end=\"1229\">\n<p data-start=\"1201\" data-end=\"1229\"><strong data-start=\"1201\" data-end=\"1221\">Altura da lente:<\/strong> 44\u202fmm<\/p>\n<\/li>\n<li data-start=\"1230\" data-end=\"1254\">\n<p data-start=\"1232\" data-end=\"1254\"><strong data-start=\"1232\" data-end=\"1243\">G\u00eanero:<\/strong> Feminino<\/p>\n<\/li>\n<li data-start=\"1255\" data-end=\"1276\">\n<p data-start=\"1257\" data-end=\"1276\"><strong data-start=\"1257\" data-end=\"1265\">Cod:497607<\/strong><\/p>\n<\/li>\n<\/ul>\n","protected":false},"excerpt":{"rendered":"<p>Swarovski SK6013 1010\/154 \u2013 Preto com hastes metal prata e lentes fum\u00ea O Swarovski SK6013 [&hellip;]<\/p>\n","protected":false},"featured_media":1592,"comment_status":"closed","ping_status":"closed","template":"","meta":[],"product_brand":[180],"product_cat":[53,62],"product_tag":[],"awcf_genero":[],"awcf_material":[],"awcf_cor":[],"awcf_formato":[],"class_list":{"0":"post-1577","1":"product","2":"type-product","3":"status-publish","4":"has-post-thumbnail","6":"product_brand-swarovski","7":"product_cat-armacoes-solares","8":"product_cat-solares-femininos","10":"first","11":"instock","12":"shipping-taxable","13":"purchasable","14":"product-type-simple"},"_links":{"self":[{"href":"https:\/\/www.brasoptica.com.br\/site\/wp-json\/wp\/v2\/product\/1577","targetHints":{"allow":["GET"]}}],"collection":[{"href":"https:\/\/www.brasoptica.com.br\/site\/wp-json\/wp\/v2\/product"}],"about":[{"href":"https:\/\/www.brasoptica.com.br\/site\/wp-json\/wp\/v2\/types\/product"}],"replies":[{"embeddable":true,"href":"https:\/\/www.brasoptica.com.br\/site\/wp-json\/wp\/v2\/comments?post=1577"}],"wp:featuredmedia":[{"embeddable":true,"href":"https:\/\/www.brasoptica.com.br\/site\/wp-json\/wp\/v2\/media\/1592"}],"wp:attachment":[{"href":"https:\/\/www.brasoptica.com.br\/site\/wp-json\/wp\/v2\/media?parent=1577"}],"wp:term":[{"taxonomy":"product_brand","embeddable":true,"href":"https:\/\/www.brasoptica.com.br\/site\/wp-json\/wp\/v2\/product_brand?post=1577"},{"taxonomy":"product_cat","embeddable":true,"href":"https:\/\/www.brasoptica.com.br\/site\/wp-json\/wp\/v2\/product_cat?post=1577"},{"taxonomy":"product_tag","embeddable":true,"href":"https:\/\/www.brasoptica.com.br\/site\/wp-json\/wp\/v2\/product_tag?post=1577"},{"taxonomy":"awcf_genero","embeddable":true,"href":"https:\/\/www.brasoptica.com.br\/site\/wp-json\/wp\/v2\/awcf_genero?post=1577"},{"taxonomy":"awcf_material","embeddable":true,"href":"https:\/\/www.brasoptica.com.br\/site\/wp-json\/wp\/v2\/awcf_material?post=1577"},{"taxonomy":"awcf_cor","embeddable":true,"href":"https:\/\/www.brasoptica.com.br\/site\/wp-json\/wp\/v2\/awcf_cor?post=1577"},{"taxonomy":"awcf_formato","embeddable":true,"href":"https:\/\/www.brasoptica.com.br\/site\/wp-json\/wp\/v2\/awcf_formato?post=1577"}],"curies":[{"name":"wp","href":"https:\/\/api.w.org\/{rel}","templated":true}]}}