{"id":15328,"date":"2025-11-17T17:55:57","date_gmt":"2025-11-17T20:55:57","guid":{"rendered":"https:\/\/www.brasoptica.com.br\/site\/?post_type=product&#038;p=15328"},"modified":"2025-11-17T17:55:57","modified_gmt":"2025-11-17T20:55:57","slug":"armacao-ray-ban-rx6534-2509-53","status":"publish","type":"product","link":"https:\/\/www.brasoptica.com.br\/site\/produto\/armacao-ray-ban-rx6534-2509-53\/","title":{"rendered":"ARMA\u00c7\u00c3O RAY BAN RX6534 2509 53"},"content":{"rendered":"<div class=\"rb-frame-and-lenses-information__title\" data-v-64551f3c=\"\">ARMA\u00c7\u00c3O: <span data-v-64551f3c=\"\" data-test-id=\"pdp-right-side-frame-name\">Polido Preto<\/span><\/div>\n<div data-v-64551f3c=\"\">\n<div class=\"rb-product-detail__label\">TAMANHO: 53mm<\/div>\n<div class=\"rb-product-detail__label\">PONTE: 19<span class=\"rb-product-detail__measure\">mm<\/span><\/div>\n<\/div>\n<p>c\u00f3d: 504106<\/p>\n","protected":false},"excerpt":{"rendered":"<p>ARMA\u00c7\u00c3O: Polido Preto TAMANHO: 53mm PONTE: 19mm c\u00f3d: 504106<\/p>\n","protected":false},"featured_media":15331,"comment_status":"closed","ping_status":"closed","template":"","meta":[],"product_brand":[178],"product_cat":[42,64,63],"product_tag":[],"awcf_genero":[],"awcf_material":[],"awcf_cor":[],"awcf_formato":[],"class_list":{"0":"post-15328","1":"product","2":"type-product","3":"status-publish","4":"has-post-thumbnail","6":"product_brand-ray-ban","7":"product_cat-armacoes-de-grau","8":"product_cat-armacoes-femininas","9":"product_cat-armacoes-masculinas","11":"first","12":"instock","13":"shipping-taxable","14":"purchasable","15":"product-type-simple"},"_links":{"self":[{"href":"https:\/\/www.brasoptica.com.br\/site\/wp-json\/wp\/v2\/product\/15328","targetHints":{"allow":["GET"]}}],"collection":[{"href":"https:\/\/www.brasoptica.com.br\/site\/wp-json\/wp\/v2\/product"}],"about":[{"href":"https:\/\/www.brasoptica.com.br\/site\/wp-json\/wp\/v2\/types\/product"}],"replies":[{"embeddable":true,"href":"https:\/\/www.brasoptica.com.br\/site\/wp-json\/wp\/v2\/comments?post=15328"}],"wp:featuredmedia":[{"embeddable":true,"href":"https:\/\/www.brasoptica.com.br\/site\/wp-json\/wp\/v2\/media\/15331"}],"wp:attachment":[{"href":"https:\/\/www.brasoptica.com.br\/site\/wp-json\/wp\/v2\/media?parent=15328"}],"wp:term":[{"taxonomy":"product_brand","embeddable":true,"href":"https:\/\/www.brasoptica.com.br\/site\/wp-json\/wp\/v2\/product_brand?post=15328"},{"taxonomy":"product_cat","embeddable":true,"href":"https:\/\/www.brasoptica.com.br\/site\/wp-json\/wp\/v2\/product_cat?post=15328"},{"taxonomy":"product_tag","embeddable":true,"href":"https:\/\/www.brasoptica.com.br\/site\/wp-json\/wp\/v2\/product_tag?post=15328"},{"taxonomy":"awcf_genero","embeddable":true,"href":"https:\/\/www.brasoptica.com.br\/site\/wp-json\/wp\/v2\/awcf_genero?post=15328"},{"taxonomy":"awcf_material","embeddable":true,"href":"https:\/\/www.brasoptica.com.br\/site\/wp-json\/wp\/v2\/awcf_material?post=15328"},{"taxonomy":"awcf_cor","embeddable":true,"href":"https:\/\/www.brasoptica.com.br\/site\/wp-json\/wp\/v2\/awcf_cor?post=15328"},{"taxonomy":"awcf_formato","embeddable":true,"href":"https:\/\/www.brasoptica.com.br\/site\/wp-json\/wp\/v2\/awcf_formato?post=15328"}],"curies":[{"name":"wp","href":"https:\/\/api.w.org\/{rel}","templated":true}]}}