{"id":15320,"date":"2025-11-17T17:44:39","date_gmt":"2025-11-17T20:44:39","guid":{"rendered":"https:\/\/www.brasoptica.com.br\/site\/?post_type=product&#038;p=15320"},"modified":"2025-11-17T17:44:39","modified_gmt":"2025-11-17T20:44:39","slug":"solar-ray-ban-rb4463l-67371356","status":"publish","type":"product","link":"https:\/\/www.brasoptica.com.br\/site\/produto\/solar-ray-ban-rb4463l-67371356\/","title":{"rendered":"SOLAR RAY BAN RB4463L 67371356"},"content":{"rendered":"<div class=\"rb-frame-and-lenses-information__detail\" data-v-64551f3c=\"\">\n<div class=\"rb-frame-and-lenses-information__wrapper\" data-v-64551f3c=\"\">\n<div class=\"rb-frame-and-lenses-information__title\" data-v-64551f3c=\"\">ARMA\u00c7\u00c3O: <span data-v-64551f3c=\"\" data-test-id=\"pdp-right-side-frame-name\">Polido Caramelo transl\u00facido<\/span><\/div>\n<\/div>\n<\/div>\n<div class=\"rb-frame-and-lenses-information__detail\" data-v-64551f3c=\"\">\n<div class=\"rb-frame-and-lenses-information__title\" data-v-64551f3c=\"\">LENTES: <span data-v-64551f3c=\"\" data-test-id=\"pdp-right-side-lens\">Marrom degrad\u00ea\u00a0<\/span><\/div>\n<div data-v-64551f3c=\"\">\n<div class=\"rb-product-detail__label\">TAMANHO: 56mm<\/div>\n<div class=\"rb-product-detail__label\">PONTE: 17<span class=\"rb-product-detail__measure\">mm<\/span><\/div>\n<\/div>\n<\/div>\n<div><\/div>\n<div>c\u00f3d: 504103<\/div>\n","protected":false},"excerpt":{"rendered":"<p>ARMA\u00c7\u00c3O: Polido Caramelo transl\u00facido LENTES: Marrom degrad\u00ea\u00a0 TAMANHO: 56mm PONTE: 17mm c\u00f3d: 504103<\/p>\n","protected":false},"featured_media":15321,"comment_status":"closed","ping_status":"closed","template":"","meta":[],"product_brand":[178],"product_cat":[53,62],"product_tag":[],"awcf_genero":[],"awcf_material":[],"awcf_cor":[],"awcf_formato":[],"class_list":{"0":"post-15320","1":"product","2":"type-product","3":"status-publish","4":"has-post-thumbnail","6":"product_brand-ray-ban","7":"product_cat-armacoes-solares","8":"product_cat-solares-femininos","10":"first","11":"instock","12":"shipping-taxable","13":"purchasable","14":"product-type-simple"},"_links":{"self":[{"href":"https:\/\/www.brasoptica.com.br\/site\/wp-json\/wp\/v2\/product\/15320","targetHints":{"allow":["GET"]}}],"collection":[{"href":"https:\/\/www.brasoptica.com.br\/site\/wp-json\/wp\/v2\/product"}],"about":[{"href":"https:\/\/www.brasoptica.com.br\/site\/wp-json\/wp\/v2\/types\/product"}],"replies":[{"embeddable":true,"href":"https:\/\/www.brasoptica.com.br\/site\/wp-json\/wp\/v2\/comments?post=15320"}],"wp:featuredmedia":[{"embeddable":true,"href":"https:\/\/www.brasoptica.com.br\/site\/wp-json\/wp\/v2\/media\/15321"}],"wp:attachment":[{"href":"https:\/\/www.brasoptica.com.br\/site\/wp-json\/wp\/v2\/media?parent=15320"}],"wp:term":[{"taxonomy":"product_brand","embeddable":true,"href":"https:\/\/www.brasoptica.com.br\/site\/wp-json\/wp\/v2\/product_brand?post=15320"},{"taxonomy":"product_cat","embeddable":true,"href":"https:\/\/www.brasoptica.com.br\/site\/wp-json\/wp\/v2\/product_cat?post=15320"},{"taxonomy":"product_tag","embeddable":true,"href":"https:\/\/www.brasoptica.com.br\/site\/wp-json\/wp\/v2\/product_tag?post=15320"},{"taxonomy":"awcf_genero","embeddable":true,"href":"https:\/\/www.brasoptica.com.br\/site\/wp-json\/wp\/v2\/awcf_genero?post=15320"},{"taxonomy":"awcf_material","embeddable":true,"href":"https:\/\/www.brasoptica.com.br\/site\/wp-json\/wp\/v2\/awcf_material?post=15320"},{"taxonomy":"awcf_cor","embeddable":true,"href":"https:\/\/www.brasoptica.com.br\/site\/wp-json\/wp\/v2\/awcf_cor?post=15320"},{"taxonomy":"awcf_formato","embeddable":true,"href":"https:\/\/www.brasoptica.com.br\/site\/wp-json\/wp\/v2\/awcf_formato?post=15320"}],"curies":[{"name":"wp","href":"https:\/\/api.w.org\/{rel}","templated":true}]}}