{"id":15316,"date":"2025-11-17T17:41:31","date_gmt":"2025-11-17T20:41:31","guid":{"rendered":"https:\/\/www.brasoptica.com.br\/site\/?post_type=product&#038;p=15316"},"modified":"2025-11-17T17:41:31","modified_gmt":"2025-11-17T20:41:31","slug":"solar-ray-ban-rb4387-601-7156","status":"publish","type":"product","link":"https:\/\/www.brasoptica.com.br\/site\/produto\/solar-ray-ban-rb4387-601-7156\/","title":{"rendered":"SOLAR RAY BAN RB4387 601\/7156"},"content":{"rendered":"<div class=\"rb-frame-and-lenses-information__detail\" data-v-64551f3c=\"\">\n<div class=\"rb-frame-and-lenses-information__wrapper\" data-v-64551f3c=\"\">\n<div class=\"rb-frame-and-lenses-information__title\" data-v-64551f3c=\"\">ARMA\u00c7\u00c3O: <span data-v-64551f3c=\"\" data-test-id=\"pdp-right-side-frame-name\">Polido Preto<\/span><\/div>\n<\/div>\n<\/div>\n<div class=\"rb-frame-and-lenses-information__detail\" data-v-64551f3c=\"\">\n<div class=\"rb-frame-and-lenses-information__title\" data-v-64551f3c=\"\">LENTES: <span data-v-64551f3c=\"\" data-test-id=\"pdp-right-side-lens\">Verde<\/span><\/div>\n<div data-v-64551f3c=\"\">\n<div class=\"rb-product-detail__label\">TAMANHO: 56mm<\/div>\n<div class=\"rb-product-detail__label\">PONTE: 18<span class=\"rb-product-detail__measure\">mm<\/span><\/div>\n<\/div>\n<\/div>\n<div><\/div>\n<div>c\u00f3d: 504102<\/div>\n","protected":false},"excerpt":{"rendered":"<p>ARMA\u00c7\u00c3O: Polido Preto LENTES: Verde TAMANHO: 56mm PONTE: 18mm c\u00f3d: 504102<\/p>\n","protected":false},"featured_media":15317,"comment_status":"closed","ping_status":"closed","template":"","meta":[],"product_brand":[178],"product_cat":[53,62,61],"product_tag":[],"awcf_genero":[],"awcf_material":[],"awcf_cor":[],"awcf_formato":[],"class_list":{"0":"post-15316","1":"product","2":"type-product","3":"status-publish","4":"has-post-thumbnail","6":"product_brand-ray-ban","7":"product_cat-armacoes-solares","8":"product_cat-solares-femininos","9":"product_cat-solares-masculinos","11":"first","12":"instock","13":"shipping-taxable","14":"purchasable","15":"product-type-simple"},"_links":{"self":[{"href":"https:\/\/www.brasoptica.com.br\/site\/wp-json\/wp\/v2\/product\/15316","targetHints":{"allow":["GET"]}}],"collection":[{"href":"https:\/\/www.brasoptica.com.br\/site\/wp-json\/wp\/v2\/product"}],"about":[{"href":"https:\/\/www.brasoptica.com.br\/site\/wp-json\/wp\/v2\/types\/product"}],"replies":[{"embeddable":true,"href":"https:\/\/www.brasoptica.com.br\/site\/wp-json\/wp\/v2\/comments?post=15316"}],"wp:featuredmedia":[{"embeddable":true,"href":"https:\/\/www.brasoptica.com.br\/site\/wp-json\/wp\/v2\/media\/15317"}],"wp:attachment":[{"href":"https:\/\/www.brasoptica.com.br\/site\/wp-json\/wp\/v2\/media?parent=15316"}],"wp:term":[{"taxonomy":"product_brand","embeddable":true,"href":"https:\/\/www.brasoptica.com.br\/site\/wp-json\/wp\/v2\/product_brand?post=15316"},{"taxonomy":"product_cat","embeddable":true,"href":"https:\/\/www.brasoptica.com.br\/site\/wp-json\/wp\/v2\/product_cat?post=15316"},{"taxonomy":"product_tag","embeddable":true,"href":"https:\/\/www.brasoptica.com.br\/site\/wp-json\/wp\/v2\/product_tag?post=15316"},{"taxonomy":"awcf_genero","embeddable":true,"href":"https:\/\/www.brasoptica.com.br\/site\/wp-json\/wp\/v2\/awcf_genero?post=15316"},{"taxonomy":"awcf_material","embeddable":true,"href":"https:\/\/www.brasoptica.com.br\/site\/wp-json\/wp\/v2\/awcf_material?post=15316"},{"taxonomy":"awcf_cor","embeddable":true,"href":"https:\/\/www.brasoptica.com.br\/site\/wp-json\/wp\/v2\/awcf_cor?post=15316"},{"taxonomy":"awcf_formato","embeddable":true,"href":"https:\/\/www.brasoptica.com.br\/site\/wp-json\/wp\/v2\/awcf_formato?post=15316"}],"curies":[{"name":"wp","href":"https:\/\/api.w.org\/{rel}","templated":true}]}}