{"id":14597,"date":"2025-11-05T10:49:15","date_gmt":"2025-11-05T13:49:15","guid":{"rendered":"https:\/\/www.brasoptica.com.br\/site\/?post_type=product&#038;p=14597"},"modified":"2025-11-19T08:49:56","modified_gmt":"2025-11-19T11:49:56","slug":"armacao-miumiu-mu-03xv-2az1o153","status":"publish","type":"product","link":"https:\/\/www.brasoptica.com.br\/site\/produto\/armacao-miumiu-mu-03xv-2az1o153\/","title":{"rendered":"ARMA\u00c7\u00c3O MIU MIU MU 03XV 2AZ1O153"},"content":{"rendered":"<p>\u00d3culos de Grau Miu Miu &#8211;\u00a00MU 03XV 2AZ1O153.<\/p>\n<p>Material: Acetato.<\/p>\n<p>Cor: Transparente.<\/p>\n<p>Tamanho: 53mm \/ Ponte: 20mm \/ Altura: 33mm \/ Comprimento das Hastes: 140mm.<\/p>\n<p>c\u00f3d: 501391<\/p>\n","protected":false},"excerpt":{"rendered":"<p>\u00d3culos de Grau Miu Miu &#8211;\u00a00MU 03XV 2AZ1O153. Material: Acetato. Cor: Transparente. Tamanho: 53mm \/ [&hellip;]<\/p>\n","protected":false},"featured_media":14598,"comment_status":"closed","ping_status":"closed","template":"","meta":[],"product_brand":[174],"product_cat":[42,64],"product_tag":[],"awcf_genero":[],"awcf_material":[],"awcf_cor":[],"awcf_formato":[],"class_list":{"0":"post-14597","1":"product","2":"type-product","3":"status-publish","4":"has-post-thumbnail","6":"product_brand-miu-miu","7":"product_cat-armacoes-de-grau","8":"product_cat-armacoes-femininas","10":"first","11":"instock","12":"shipping-taxable","13":"purchasable","14":"product-type-simple"},"_links":{"self":[{"href":"https:\/\/www.brasoptica.com.br\/site\/wp-json\/wp\/v2\/product\/14597","targetHints":{"allow":["GET"]}}],"collection":[{"href":"https:\/\/www.brasoptica.com.br\/site\/wp-json\/wp\/v2\/product"}],"about":[{"href":"https:\/\/www.brasoptica.com.br\/site\/wp-json\/wp\/v2\/types\/product"}],"replies":[{"embeddable":true,"href":"https:\/\/www.brasoptica.com.br\/site\/wp-json\/wp\/v2\/comments?post=14597"}],"wp:featuredmedia":[{"embeddable":true,"href":"https:\/\/www.brasoptica.com.br\/site\/wp-json\/wp\/v2\/media\/14598"}],"wp:attachment":[{"href":"https:\/\/www.brasoptica.com.br\/site\/wp-json\/wp\/v2\/media?parent=14597"}],"wp:term":[{"taxonomy":"product_brand","embeddable":true,"href":"https:\/\/www.brasoptica.com.br\/site\/wp-json\/wp\/v2\/product_brand?post=14597"},{"taxonomy":"product_cat","embeddable":true,"href":"https:\/\/www.brasoptica.com.br\/site\/wp-json\/wp\/v2\/product_cat?post=14597"},{"taxonomy":"product_tag","embeddable":true,"href":"https:\/\/www.brasoptica.com.br\/site\/wp-json\/wp\/v2\/product_tag?post=14597"},{"taxonomy":"awcf_genero","embeddable":true,"href":"https:\/\/www.brasoptica.com.br\/site\/wp-json\/wp\/v2\/awcf_genero?post=14597"},{"taxonomy":"awcf_material","embeddable":true,"href":"https:\/\/www.brasoptica.com.br\/site\/wp-json\/wp\/v2\/awcf_material?post=14597"},{"taxonomy":"awcf_cor","embeddable":true,"href":"https:\/\/www.brasoptica.com.br\/site\/wp-json\/wp\/v2\/awcf_cor?post=14597"},{"taxonomy":"awcf_formato","embeddable":true,"href":"https:\/\/www.brasoptica.com.br\/site\/wp-json\/wp\/v2\/awcf_formato?post=14597"}],"curies":[{"name":"wp","href":"https:\/\/api.w.org\/{rel}","templated":true}]}}