{"id":14549,"date":"2025-10-29T16:44:46","date_gmt":"2025-10-29T19:44:46","guid":{"rendered":"https:\/\/www.brasoptica.com.br\/site\/?post_type=product&#038;p=14549"},"modified":"2025-10-29T16:44:46","modified_gmt":"2025-10-29T19:44:46","slug":"relogio-casio-vintage-a158wa-1df-sc","status":"publish","type":"product","link":"https:\/\/www.brasoptica.com.br\/site\/produto\/relogio-casio-vintage-a158wa-1df-sc\/","title":{"rendered":"REL\u00d3GIO CASIO VINTAGE A158WA-1DF-SC"},"content":{"rendered":"<p data-start=\"164\" data-end=\"742\"><strong data-start=\"164\" data-end=\"211\">Casio Vintage Digital A158WA-1DF-SC (prata)<\/strong><br data-start=\"211\" data-end=\"214\" \/>Rel\u00f3gio <strong data-start=\"222\" data-end=\"241\">digital unissex<\/strong> da linha <strong data-start=\"251\" data-end=\"268\">Casio Vintage<\/strong>, um cl\u00e1ssico que combina <strong data-start=\"294\" data-end=\"332\">estilo retr\u00f4, leveza e praticidade<\/strong>. Possui <strong data-start=\"341\" data-end=\"393\">caixa em resina com acabamento met\u00e1lico prateado<\/strong> e <strong data-start=\"396\" data-end=\"426\" data-is-only-node=\"\">pulseira em a\u00e7o inoxid\u00e1vel<\/strong>, visor digital com <strong data-start=\"446\" data-end=\"470\">ilumina\u00e7\u00e3o LED \u00e2mbar<\/strong>, <strong data-start=\"472\" data-end=\"494\">cron\u00f4metro 1\/100 s<\/strong>, <strong data-start=\"496\" data-end=\"513\">alarme di\u00e1rio<\/strong>, <strong data-start=\"515\" data-end=\"532\">sinal hor\u00e1rio<\/strong> e <strong data-start=\"535\" data-end=\"560\">calend\u00e1rio autom\u00e1tico<\/strong>. Conta com <strong data-start=\"572\" data-end=\"600\">mecanismo Quartz digital<\/strong> de alta precis\u00e3o e <strong data-start=\"620\" data-end=\"658\">resist\u00eancia \u00e0 \u00e1gua para uso di\u00e1rio<\/strong>, sendo uma excelente op\u00e7\u00e3o para quem busca <strong data-start=\"702\" data-end=\"739\">um acess\u00f3rio vers\u00e1til e atemporal<\/strong>.<\/p>\n<p data-start=\"744\" data-end=\"764\"><strong data-start=\"744\" data-end=\"762\">Medidas e peso<\/strong><\/p>\n<ul data-start=\"765\" data-end=\"953\">\n<li data-start=\"765\" data-end=\"816\">\n<p data-start=\"767\" data-end=\"816\"><strong data-start=\"767\" data-end=\"789\">Caixa (L \u00d7 W \u00d7 H):<\/strong> <strong data-start=\"790\" data-end=\"814\">36,8 \u00d7 33,2 \u00d7 8,2 mm<\/strong><\/p>\n<\/li>\n<li data-start=\"817\" data-end=\"839\">\n<p data-start=\"819\" data-end=\"839\"><strong data-start=\"819\" data-end=\"828\">Peso:<\/strong> <strong data-start=\"829\" data-end=\"837\">45 g<\/strong><\/p>\n<\/li>\n<li data-start=\"840\" data-end=\"900\">\n<p data-start=\"842\" data-end=\"900\"><strong data-start=\"842\" data-end=\"865\">Pulseira ajust\u00e1vel:<\/strong> circunfer\u00eancia aprox. 150\u2013205 mm<\/p>\n<\/li>\n<li data-start=\"901\" data-end=\"953\">\n<p data-start=\"903\" data-end=\"953\"><strong data-start=\"903\" data-end=\"921\">Bateria CR2016<\/strong> com dura\u00e7\u00e3o m\u00e9dia de <strong data-start=\"943\" data-end=\"953\">7 anos<\/strong><\/p>\n<\/li>\n<\/ul>\n<p>c\u00f3d: 503681<\/p>\n","protected":false},"excerpt":{"rendered":"<p>Casio Vintage Digital A158WA-1DF-SC (prata)Rel\u00f3gio digital unissex da linha Casio Vintage, um cl\u00e1ssico que combina [&hellip;]<\/p>\n","protected":false},"featured_media":14550,"comment_status":"closed","ping_status":"closed","template":"","meta":[],"product_brand":[212],"product_cat":[31,33],"product_tag":[],"awcf_genero":[],"awcf_material":[],"awcf_cor":[],"awcf_formato":[],"class_list":{"0":"post-14549","1":"product","2":"type-product","3":"status-publish","4":"has-post-thumbnail","6":"product_brand-casio","7":"product_cat-relogios","8":"product_cat-relogios-masculinos","10":"first","11":"instock","12":"shipping-taxable","13":"purchasable","14":"product-type-simple"},"_links":{"self":[{"href":"https:\/\/www.brasoptica.com.br\/site\/wp-json\/wp\/v2\/product\/14549","targetHints":{"allow":["GET"]}}],"collection":[{"href":"https:\/\/www.brasoptica.com.br\/site\/wp-json\/wp\/v2\/product"}],"about":[{"href":"https:\/\/www.brasoptica.com.br\/site\/wp-json\/wp\/v2\/types\/product"}],"replies":[{"embeddable":true,"href":"https:\/\/www.brasoptica.com.br\/site\/wp-json\/wp\/v2\/comments?post=14549"}],"wp:featuredmedia":[{"embeddable":true,"href":"https:\/\/www.brasoptica.com.br\/site\/wp-json\/wp\/v2\/media\/14550"}],"wp:attachment":[{"href":"https:\/\/www.brasoptica.com.br\/site\/wp-json\/wp\/v2\/media?parent=14549"}],"wp:term":[{"taxonomy":"product_brand","embeddable":true,"href":"https:\/\/www.brasoptica.com.br\/site\/wp-json\/wp\/v2\/product_brand?post=14549"},{"taxonomy":"product_cat","embeddable":true,"href":"https:\/\/www.brasoptica.com.br\/site\/wp-json\/wp\/v2\/product_cat?post=14549"},{"taxonomy":"product_tag","embeddable":true,"href":"https:\/\/www.brasoptica.com.br\/site\/wp-json\/wp\/v2\/product_tag?post=14549"},{"taxonomy":"awcf_genero","embeddable":true,"href":"https:\/\/www.brasoptica.com.br\/site\/wp-json\/wp\/v2\/awcf_genero?post=14549"},{"taxonomy":"awcf_material","embeddable":true,"href":"https:\/\/www.brasoptica.com.br\/site\/wp-json\/wp\/v2\/awcf_material?post=14549"},{"taxonomy":"awcf_cor","embeddable":true,"href":"https:\/\/www.brasoptica.com.br\/site\/wp-json\/wp\/v2\/awcf_cor?post=14549"},{"taxonomy":"awcf_formato","embeddable":true,"href":"https:\/\/www.brasoptica.com.br\/site\/wp-json\/wp\/v2\/awcf_formato?post=14549"}],"curies":[{"name":"wp","href":"https:\/\/api.w.org\/{rel}","templated":true}]}}