{"id":14436,"date":"2025-10-28T15:26:35","date_gmt":"2025-10-28T18:26:35","guid":{"rendered":"https:\/\/www.brasoptica.com.br\/site\/?post_type=product&#038;p=14436"},"modified":"2025-10-28T15:26:35","modified_gmt":"2025-10-28T18:26:35","slug":"armacao-zegna-ez5269_48020","status":"publish","type":"product","link":"https:\/\/www.brasoptica.com.br\/site\/produto\/armacao-zegna-ez5269_48020\/","title":{"rendered":"ARMA\u00c7\u00c3O ZEGNA EZ5269_48020"},"content":{"rendered":"<p>\u00d3culos de Grau Ermenegildo Zegna &#8211;\u00a0EZ5269_48020.<\/p>\n<p>Material: Acetato.<\/p>\n<p>Cor: Cinza Transparente.<\/p>\n<p>Tamanho: 48mm \/ Ponte: 20mm \/ Altura: 42.1mm \/ Comprimento das Hastes: 145mm.<\/p>\n<p>c\u00f3d: 503599<\/p>\n","protected":false},"excerpt":{"rendered":"<p>\u00d3culos de Grau Ermenegildo Zegna &#8211;\u00a0EZ5269_48020. Material: Acetato. Cor: Cinza Transparente. Tamanho: 48mm \/ Ponte: [&hellip;]<\/p>\n","protected":false},"featured_media":14438,"comment_status":"closed","ping_status":"closed","template":"","meta":[],"product_brand":[211],"product_cat":[42,64,63],"product_tag":[],"awcf_genero":[],"awcf_material":[],"awcf_cor":[],"awcf_formato":[],"class_list":{"0":"post-14436","1":"product","2":"type-product","3":"status-publish","4":"has-post-thumbnail","6":"product_brand-zegna","7":"product_cat-armacoes-de-grau","8":"product_cat-armacoes-femininas","9":"product_cat-armacoes-masculinas","11":"first","12":"instock","13":"shipping-taxable","14":"purchasable","15":"product-type-simple"},"_links":{"self":[{"href":"https:\/\/www.brasoptica.com.br\/site\/wp-json\/wp\/v2\/product\/14436","targetHints":{"allow":["GET"]}}],"collection":[{"href":"https:\/\/www.brasoptica.com.br\/site\/wp-json\/wp\/v2\/product"}],"about":[{"href":"https:\/\/www.brasoptica.com.br\/site\/wp-json\/wp\/v2\/types\/product"}],"replies":[{"embeddable":true,"href":"https:\/\/www.brasoptica.com.br\/site\/wp-json\/wp\/v2\/comments?post=14436"}],"wp:featuredmedia":[{"embeddable":true,"href":"https:\/\/www.brasoptica.com.br\/site\/wp-json\/wp\/v2\/media\/14438"}],"wp:attachment":[{"href":"https:\/\/www.brasoptica.com.br\/site\/wp-json\/wp\/v2\/media?parent=14436"}],"wp:term":[{"taxonomy":"product_brand","embeddable":true,"href":"https:\/\/www.brasoptica.com.br\/site\/wp-json\/wp\/v2\/product_brand?post=14436"},{"taxonomy":"product_cat","embeddable":true,"href":"https:\/\/www.brasoptica.com.br\/site\/wp-json\/wp\/v2\/product_cat?post=14436"},{"taxonomy":"product_tag","embeddable":true,"href":"https:\/\/www.brasoptica.com.br\/site\/wp-json\/wp\/v2\/product_tag?post=14436"},{"taxonomy":"awcf_genero","embeddable":true,"href":"https:\/\/www.brasoptica.com.br\/site\/wp-json\/wp\/v2\/awcf_genero?post=14436"},{"taxonomy":"awcf_material","embeddable":true,"href":"https:\/\/www.brasoptica.com.br\/site\/wp-json\/wp\/v2\/awcf_material?post=14436"},{"taxonomy":"awcf_cor","embeddable":true,"href":"https:\/\/www.brasoptica.com.br\/site\/wp-json\/wp\/v2\/awcf_cor?post=14436"},{"taxonomy":"awcf_formato","embeddable":true,"href":"https:\/\/www.brasoptica.com.br\/site\/wp-json\/wp\/v2\/awcf_formato?post=14436"}],"curies":[{"name":"wp","href":"https:\/\/api.w.org\/{rel}","templated":true}]}}